{"id":63178,"date":"2021-04-21T11:20:30","date_gmt":"2021-04-21T15:20:30","guid":{"rendered":"https:\/\/www.ottawahospital.on.ca\/?page_id=63178"},"modified":"2021-04-21T11:20:30","modified_gmt":"2021-04-21T15:20:30","slug":"programme-dordonnance-de-traitement-en-milieu-communautaire","status":"publish","type":"page","link":"https:\/\/www.ottawahospital.on.ca\/fr\/services-cliniques\/deptpgrmcs\/departements\/sante-mentale\/nos-services\/programme-dordonnance-de-traitement-en-milieu-communautaire\/","title":{"rendered":"Programme d\u2019ordonnance de traitement en milieu Communautaire"},"content":{"rendered":"<h2>Programme d\u2019ordonnance de traitement en milieu communautaire \u2013 Bas\u00e9 dans la collectivit\u00e9<\/h2>\n<p>L\u2019H\u00f4pital d&rsquo;Ottawa coordonne le d\u00e9veloppement et le fonctionnement du Programme d\u2019ordonnance de traitement en milieu communautaire avec l\u2019un des trois coordonnateurs de la r\u00e9gion. Notre r\u00f4le est de collaborer avec les clients et leur famille, ainsi qu\u2019avec les professionnels de la sant\u00e9 pour \u00e9tablir, surveiller et renouveler l\u2019ordonnance de traitement en milieu communautaire de personnes qui ont une maladie mentale grave et permanente et ont de la difficult\u00e9 \u00e0 respecter leur traitement ou \u00e0 prendre leurs m\u00e9dicaments.<\/p>\n<p>Nous acceptons les demandes provenant de notre h\u00f4pital, de l\u2019H\u00f4pital Montfort et du Centre de sant\u00e9 mentale Royal Ottawa.<\/p>\n","protected":false},"excerpt":{"rendered":"<p>Programme d\u2019ordonnance de traitement en milieu communautaire \u2013 Bas\u00e9 dans la collectivit\u00e9 L\u2019H\u00f4pital d&rsquo;Ottawa coordonne le d\u00e9veloppement et le fonctionnement du Programme d\u2019ordonnance de traitement en milieu communautaire avec l\u2019un des trois coordonnateurs de la r\u00e9gion. Notre r\u00f4le est de collaborer avec les clients et leur famille, ainsi qu\u2019avec les professionnels de la sant\u00e9 pour [&hellip;]<\/p>\n","protected":false},"author":25,"featured_media":0,"parent":10918,"menu_order":0,"comment_status":"closed","ping_status":"closed","template":"","meta":{"_acf_changed":false,"_mc_calendar":[],"footnotes":""},"class_list":["post-63178","page","type-page","status-publish","hentry"],"acf":[],"wps_subtitle":"","_links":{"self":[{"href":"https:\/\/www.ottawahospital.on.ca\/fr\/wp-json\/wp\/v2\/pages\/63178","targetHints":{"allow":["GET"]}}],"collection":[{"href":"https:\/\/www.ottawahospital.on.ca\/fr\/wp-json\/wp\/v2\/pages"}],"about":[{"href":"https:\/\/www.ottawahospital.on.ca\/fr\/wp-json\/wp\/v2\/types\/page"}],"author":[{"embeddable":true,"href":"https:\/\/www.ottawahospital.on.ca\/fr\/wp-json\/wp\/v2\/users\/25"}],"replies":[{"embeddable":true,"href":"https:\/\/www.ottawahospital.on.ca\/fr\/wp-json\/wp\/v2\/comments?post=63178"}],"version-history":[{"count":0,"href":"https:\/\/www.ottawahospital.on.ca\/fr\/wp-json\/wp\/v2\/pages\/63178\/revisions"}],"up":[{"embeddable":true,"href":"https:\/\/www.ottawahospital.on.ca\/fr\/wp-json\/wp\/v2\/pages\/10918"}],"wp:attachment":[{"href":"https:\/\/www.ottawahospital.on.ca\/fr\/wp-json\/wp\/v2\/media?parent=63178"}],"curies":[{"name":"wp","href":"https:\/\/api.w.org\/{rel}","templated":true}]}}