{"id":62875,"date":"2021-04-15T16:25:23","date_gmt":"2021-04-15T20:25:23","guid":{"rendered":"https:\/\/www.ottawahospital.on.ca\/?page_id=62875"},"modified":"2025-04-02T13:56:48","modified_gmt":"2025-04-02T17:56:48","slug":"troubles-de-lalimentation","status":"publish","type":"page","link":"https:\/\/www.ottawahospital.on.ca\/fr\/services-cliniques\/deptpgrmcs\/departements\/sante-mentale\/nos-services\/troubles-de-lalimentation\/","title":{"rendered":"Troubles de l\u2019alimentation"},"content":{"rendered":"\n<h2 class=\"wp-block-heading\">Centre r\u00e9gional de traitement des troubles de l\u2019alimentation dans la collectivit\u00e9<\/h2>\n\n\n\n<h3 class=\"wp-block-heading\">Br\u00e8ve description\/objectif<\/h3>\n\n\n\n<p>Le Programme des troubles de l\u2019alimentation de L\u2019H\u00f4pital d\u2019Ottawa r\u00e9pond aux besoins des adultes d\u2019Ottawa-Carleton et de l\u2019Est ontarien souffrant d\u2019anorexie mentale, de boulimie ou d\u2019un autre trouble aigu de l\u2019alimentation. Notez que nous n\u2019offrons pas actuellement de services pour le trouble d\u2019hyperphagie boulimique. Le programme comprend un traitement multidisciplinaire complet et du soutien individuel et en groupe. Nous disposons de quatre \u00e0 six lits pour les personnes admissibles qui pr\u00e9sentent un risque accru de probl\u00e8mes de sant\u00e9. Les traitements de jour et en clinique externe sont offerts en mode virtuel aux personnes qui n\u2019ont pas besoin d\u2019\u00eatre hospitalis\u00e9es. Nous conseillons fortement aux patients de suspendre leurs activit\u00e9s habituelles, au travail ou \u00e0 l\u2019\u00e9cole notamment, pour participer pleinement au programme. La programmation se d\u00e9roule du lundi au vendredi, de 8 h \u00e0 16 h 30, et les patients doivent \u00eatre disponibles durant ces heures pour recevoir leur traitement. Les patients qui participent au groupe de th\u00e9rapie cognitivo-comportementale en clinique externe doivent seulement assister aux s\u00e9ances quelques heures par semaine.<\/p>\n\n\n\n<p>Pour en savoir plus, consultez&nbsp;<a href=\"https:\/\/www.ottawahospital.on.ca\/en\/documents\/2021\/04\/guide-regional-centre-for-the-treatment-of-eating-disorders-en-wcag.pdf\/\" target=\"_blank\" rel=\"noopener noreferrer\" data-auth=\"NotApplicable\" data-linkindex=\"4\">le guide du Centre r\u00e9gional de traitement des troubles de l\u2019alimentation.<\/a> (en Anglais seulement)<\/p>\n\n\n\n<h3 class=\"wp-block-heading\">Comment faire une demande de consultation\/acc\u00e9der aux services<\/h3>\n\n\n\n<p><strong>Une recommandation m\u00e9dicale est requise.<\/strong><\/p>\n\n\n\n<p>\u00c0 l\u2019attention du m\u00e9decin traitant :<\/p>\n\n\n\n<p>Consultez notre formulaire de recommandation ci-dessous et les param\u00e8tres de suivi m\u00e9dical recommand\u00e9s :<\/p>\n\n\n\n<ul class=\"wp-block-list\">\n<li><a href=\"https:\/\/www.ottawahospital.on.ca\/en\/documents\/2025\/04\/eating-disorder-referral-for-assessment-form.pdf\/\">Formulaire de r\u00e9f\u00e9rence pour \u00e9valuation<\/a> (en Anglais seulement)<\/li>\n\n\n\n<li><a href=\"\/en\/documents\/2021\/04\/eating-disorder-medical-monitoring-recommendations-en-wcag.pdf\/\" target=\"_blank\" rel=\"noopener\">Recommandations de surveillance m\u00e9dicale<\/a> (en Anglais seulement)<\/li>\n<\/ul>\n\n\n\n<h3 class=\"wp-block-heading\">Crit\u00e8res d\u2019inclusion et d\u2019exclusion<\/h3>\n\n\n\n<div class=\"table-responsive\">\n<table class=\"table\" width=\"672\">\n<tbody>\n<tr>\n<td width=\"354\"><strong>Crit\u00e8res d\u2019inclusion<\/strong><\/td>\n<td width=\"318\"><strong>Crit\u00e8res d\u2019exclusion<\/strong><\/td>\n<\/tr>\n<tr>\n<td width=\"354\">\n<ul>\n<li>Le patient a 18 ans ou plus<\/li>\n<li>Le patient accepte la recommandation<\/li>\n<li>Le patient a un trouble de l\u2019alimentation mod\u00e9r\u00e9 \u00e0 s\u00e9v\u00e8re, dont le traitement ad\u00e9quat ne peut pas se faire dans la collectivit\u00e9<\/li>\n<\/ul>\n<\/td>\n<td width=\"318\"><\/td>\n<\/tr>\n<\/tbody>\n<\/table>\n<\/div>\n\n\n\n<div class=\"text-box-bkg\">\n<p><strong>Remarque :<\/strong>&nbsp; Une personne ayant un trouble de l\u2019alimentation l\u00e9ger peut \u00eatre accept\u00e9e dans le groupe de th\u00e9rapie cognitivo-comportementale seulement si ce soutien est offert au moment de la consultation du patient.<\/p>\n<\/div>\n\n\n\n<h2 class=\"wp-block-heading\">Ressources \u00e0 t\u00e9l\u00e9charger<\/h2>\n\n\n\n<p>Nous vous encourageons \u00e0 consulter les ressources ci-dessous pendant que vous \u00eates sur la liste d\u2019attente de notre Programme des troubles de l\u2019alimentation et tout au long de votre parcours de r\u00e9tablissement. Parcourez-les et discutez-en avec un conseiller ou un psychoth\u00e9rapeute dans la collectivit\u00e9, un m\u00e9decin ou les membres de votre r\u00e9seau de soutien. Et lisez-les vous-m\u00eame.<\/p>\n\n\n\n<p>Elles s\u2019articulent autour de trois grands th\u00e8mes&nbsp;:<\/p>\n\n\n\n<p><strong>Enseignement&nbsp;:<\/strong> Renseignez-vous sur quelques-uns des concepts cl\u00e9s abord\u00e9s dans notre programme et qui font partie du traitement et du r\u00e9tablissement d\u2019un trouble de l\u2019alimentation. Ces concepts comprennent notamment la th\u00e9rapie cognitivo-comportementale et l\u2019image de soi, la th\u00e9rapie comportementale dialectique et l\u2019efficacit\u00e9 interpersonnelle.<\/p>\n\n\n\n<p><strong>D\u00e9veloppement des comp\u00e9tences&nbsp;:<\/strong> Commencez \u00e0 mettre en \u0153uvre plusieurs des techniques d\u2019adaptation que nous employons dans notre programme. Elles vous appuieront pendant votre parcours de r\u00e9tablissement, peu importe l\u2019\u00e9tape \u00e0 laquelle vous vous trouvez.<\/p>\n\n\n\n<p><strong>Motivation&nbsp;: <\/strong>Cultivez la motivation de choisir le r\u00e9tablissement tous les jours.<\/p>\n\n\n\n<h3 class=\"wp-block-heading\">Enseignement<\/h3>\n\n\n\n<ul class=\"wp-block-list\">\n<li><a href=\"https:\/\/www.ottawahospital.on.ca\/wp-content\/uploads\/2024\/12\/Enseignement-Ressource-pour-les-troubles-de-lalimentation_Page_1.jpg\">Aper\u00e7u<\/a><\/li>\n\n\n\n<li><a href=\"https:\/\/www.ottawahospital.on.ca\/wp-content\/uploads\/2024\/12\/Enseignement-Ressource-pour-les-troubles-de-lalimentation_Page_2.jpg\">Th\u00e9rapie cognitivo-comportementale \/ Image de soi<\/a><\/li>\n\n\n\n<li><a href=\"https:\/\/www.ottawahospital.on.ca\/wp-content\/uploads\/2024\/12\/Enseignement-Ressource-pour-les-troubles-de-lalimentation_Page_3.jpg\">Th\u00e9rapie comportementale dialectique<\/a><\/li>\n\n\n\n<li><a href=\"https:\/\/www.ottawahospital.on.ca\/wp-content\/uploads\/2024\/12\/Enseignement-Ressource-pour-les-troubles-de-lalimentation_Page_4.jpg\">Efficacit\u00e9 interpersonnelle<\/a><\/li>\n\n\n\n<li><a href=\"https:\/\/www.ottawahospital.on.ca\/wp-content\/uploads\/2024\/12\/Enseignement-Ressource-pour-les-troubles-de-lalimentation_Page_5-scaled.jpg\">R\u00e9f\u00e9rences<\/a><\/li>\n<\/ul>\n\n\n\n<h3 class=\"wp-block-heading\">D\u00e9veloppement des comp\u00e9tences<\/h3>\n\n\n\n<ul class=\"wp-block-list\">\n<li>&nbsp;<a href=\"https:\/\/www.ottawahospital.on.ca\/wp-content\/uploads\/2024\/12\/Developpement-des-competences-Ressource-pour-les-troubles-de-lalimentation_Page_1.jpg\">Aper\u00e7u<\/a><\/li>\n\n\n\n<li><a href=\"https:\/\/www.ottawahospital.on.ca\/wp-content\/uploads\/2024\/12\/Developpement-des-competences-Ressource-pour-les-troubles-de-lalimentation_Page_2.jpg\">Menu des comp\u00e9tences<\/a><\/li>\n\n\n\n<li><a href=\"https:\/\/www.ottawahospital.on.ca\/wp-content\/uploads\/2024\/12\/Developpement-des-competences-Ressource-pour-les-troubles-de-lalimentation_Page_3.jpg\">Glossaire du menu des comp\u00e9tences \u2013 partie&nbsp;1<\/a><\/li>\n\n\n\n<li><a href=\"https:\/\/www.ottawahospital.on.ca\/wp-content\/uploads\/2024\/12\/Developpement-des-competences-Ressource-pour-les-troubles-de-lalimentation_Page_4.jpg\">Glossaire du menu des comp\u00e9tences \u2013 partie&nbsp;2<\/a><\/li>\n\n\n\n<li><a href=\"https:\/\/www.ottawahospital.on.ca\/wp-content\/uploads\/2024\/12\/Developpement-des-competences-Ressource-pour-les-troubles-de-lalimentation_Page_5.jpg\">Glossaire du menu des comp\u00e9tences \u2013 partie&nbsp;3<\/a><\/li>\n\n\n\n<li><a href=\"https:\/\/www.ottawahospital.on.ca\/wp-content\/uploads\/2024\/12\/Developpement-des-competences-Ressource-pour-les-troubles-de-lalimentation_Page_6.jpg\">Trousse de tol\u00e9rance \u00e0 la d\u00e9tresse<\/a><\/li>\n<\/ul>\n\n\n\n<h3 class=\"wp-block-heading\">Motivation<\/h3>\n\n\n\n<ul class=\"wp-block-list\">\n<li><a href=\"https:\/\/www.ottawahospital.on.ca\/wp-content\/uploads\/2024\/12\/Motivation-Ressource-pour-les-troubles-de-lalimentaion_Page_1.jpg\">Aper\u00e7u<\/a><\/li>\n\n\n\n<li><a href=\"https:\/\/www.ottawahospital.on.ca\/wp-content\/uploads\/2024\/12\/Motivation-Ressource-pour-les-troubles-de-lalimentaion_Page_2.jpg\">Construire une vie au-del\u00e0 de votre trouble de l\u2019alimentation<\/a><\/li>\n\n\n\n<li><a href=\"https:\/\/www.ottawahospital.on.ca\/wp-content\/uploads\/2024\/12\/Motivation-Ressource-pour-les-troubles-de-lalimentaion_Page_3.jpg\">Motivation pour le r\u00e9tablissement<\/a><\/li>\n\n\n\n<li><a href=\"https:\/\/www.ottawahospital.on.ca\/wp-content\/uploads\/2024\/12\/Motivation-Ressource-pour-les-troubles-de-lalimentaion_Page_4.jpg\">Messages de r\u00e9tablissement sur cartes \u2013 partie&nbsp;1<\/a><\/li>\n\n\n\n<li><a href=\"https:\/\/www.ottawahospital.on.ca\/wp-content\/uploads\/2024\/12\/Motivation-Ressource-pour-les-troubles-de-lalimentaion_Page_5.jpg\">Messages de r\u00e9tablissement sur cartes \u2013 partie&nbsp;2<\/a><\/li>\n<\/ul>\n\n\n\n<h2 class=\"wp-block-heading\">Coordonn\u00e9es<\/h2>\n\n\n\n<p><strong>L\u2019H\u00f4pital d\u2019Ottawa<\/strong><br>Campus G\u00e9n\u00e9ral,<br>4e \u00e9tage, 501, chemin Smyth,<br>Ottawa, ON K1H 8L6<\/p>\n\n\n\n<p>T\u00e9l\u00e9phone (questions g\u00e9n\u00e9rales et administration) : 613-737-8885<br>T\u00e9l\u00e9copieur : 613-737-8652<\/p>\n\n\n\n<h3 class=\"wp-block-heading\">R\u00e9f\u00e9rence<\/h3>\n\n\n\n<ul class=\"wp-block-list\">\n<li><a href=\"https:\/\/www.ottawahospital.on.ca\/fr\/services-cliniques\/deptpgrmcs\/programmes\/centre-regional-de-traitement-des-troubles-de-lalimentation\/\">Centre r\u00e9gional de traitement des troubles de l\u2019alimentation<\/a><\/li>\n<\/ul>\n","protected":false},"excerpt":{"rendered":"<p>Centre r\u00e9gional de traitement des troubles de l\u2019alimentation dans la collectivit\u00e9 Br\u00e8ve description\/objectif Le Programme des troubles de l\u2019alimentation de L\u2019H\u00f4pital d\u2019Ottawa r\u00e9pond aux besoins des adultes d\u2019Ottawa-Carleton et de l\u2019Est ontarien souffrant d\u2019anorexie mentale, de boulimie ou d\u2019un autre trouble aigu de l\u2019alimentation. Notez que nous n\u2019offrons pas actuellement de services pour le trouble [&hellip;]<\/p>\n","protected":false},"author":25,"featured_media":0,"parent":10918,"menu_order":4,"comment_status":"closed","ping_status":"closed","template":"","meta":{"_acf_changed":false,"_mc_calendar":[],"footnotes":""},"class_list":["post-62875","page","type-page","status-publish","hentry"],"acf":[],"wps_subtitle":"","_links":{"self":[{"href":"https:\/\/www.ottawahospital.on.ca\/fr\/wp-json\/wp\/v2\/pages\/62875","targetHints":{"allow":["GET"]}}],"collection":[{"href":"https:\/\/www.ottawahospital.on.ca\/fr\/wp-json\/wp\/v2\/pages"}],"about":[{"href":"https:\/\/www.ottawahospital.on.ca\/fr\/wp-json\/wp\/v2\/types\/page"}],"author":[{"embeddable":true,"href":"https:\/\/www.ottawahospital.on.ca\/fr\/wp-json\/wp\/v2\/users\/25"}],"replies":[{"embeddable":true,"href":"https:\/\/www.ottawahospital.on.ca\/fr\/wp-json\/wp\/v2\/comments?post=62875"}],"version-history":[{"count":0,"href":"https:\/\/www.ottawahospital.on.ca\/fr\/wp-json\/wp\/v2\/pages\/62875\/revisions"}],"up":[{"embeddable":true,"href":"https:\/\/www.ottawahospital.on.ca\/fr\/wp-json\/wp\/v2\/pages\/10918"}],"wp:attachment":[{"href":"https:\/\/www.ottawahospital.on.ca\/fr\/wp-json\/wp\/v2\/media?parent=62875"}],"curies":[{"name":"wp","href":"https:\/\/api.w.org\/{rel}","templated":true}]}}