{"id":6220,"date":"2016-11-10T15:05:25","date_gmt":"2016-11-10T20:05:25","guid":{"rendered":"http:\/\/52.229.122.34\/fr\/?page_id=6220"},"modified":"2025-06-12T11:49:17","modified_gmt":"2025-06-12T15:49:17","slug":"statistiques","status":"publish","type":"page","link":"https:\/\/www.ottawahospital.on.ca\/fr\/about-us\/statistiques\/","title":{"rendered":"Statistiques"},"content":{"rendered":"<p>L\u2019H\u00f4pital d\u2019Ottawa a vu le jour en 1998 apr\u00e8s la fusion de l\u2019H\u00f4pital Civic, de l\u2019H\u00f4pital g\u00e9n\u00e9ral d\u2019Ottawa et de l\u2019H\u00f4pital Riverside. Les services d\u2019urgence psychiatrique de l\u2019H\u00f4pital Royal d\u2019Ottawa sont \u00e9galement pass\u00e9s \u00e0 L\u2019H\u00f4pital d\u2019Ottawa, tout comme les services m\u00e9dicaux et chirurgicaux de l\u2019H\u00f4pital Grace.<\/p>\n<p>Le Centre r\u00e9gional de canc\u00e9rologie d\u2019Ottawa a \u00e9t\u00e9 int\u00e9gr\u00e9 \u00e0 L\u2019H\u00f4pital d\u2019Ottawa en 2004, suivi du Centre de r\u00e9adaptation en 2005. Nous sommes maintenant l\u2019un des plus importants centres hospitaliers au Canada, et nos trois campus tr\u00e8s fr\u00e9quent\u00e9s sont d\u2019importantes ressources communautaires pour la population que nous desservons.<\/p>\n<p>L\u2019Institut de cardiologie de l\u2019Universit\u00e9 d\u2019Ottawa, le plus grand et plus important centre de sant\u00e9 cardiovasculaire du Canada, offre des soins de calibre mondial aux patients de L\u2019H\u00f4pital d\u2019Ottawa atteints de troubles cardiaques.<\/p>\n<h2 class=\"paddingtop10 paddingbottom10\" style=\"color: #fff; background-color: #00375c; width: 768px; text-align: center; margin-bottom: 0;\">L\u2019H\u00f4pital d\u2019Ottawa<\/h2>\n<p><img decoding=\"async\" class=\"img-responsive alignnone wp-image-86238 size-full\" src=\"\/wp-content\/uploads\/2025\/06\/FastFacts-24-25-FR-1.jpg\" alt=\"Annual Report Fast Facts 2023-2024-Fr\" width=\"977\" height=\"1619\" \/><\/p>\n<div id=\"toh_module\" class=\"contain\">\n<ul id=\"collapseExample\" class=\"collapse\" aria-expanded=\"false\">\n<li>4<sup>e<\/sup> rang parmi les h\u00f4pitaux canadiens recevant le plus de financement fond\u00e9 sur l\u2019\u00e9valuation par les pairs des Instituts de recherche en sant\u00e9 du Canada<\/li>\n<li>4<sup>e<\/sup> rang parmi les h\u00f4pitaux canadiens pour l\u2019ensemble des fonds de recherche<\/li>\n<li>2,5 milliard en retomb\u00e9es \u00e9conomiques \u00e0 Ottawa gr\u00e2ce \u00e0 notre recherche (depuis 2001)<\/li>\n<li>2 269 Articles scientifiques publi\u00e9s en 2019<\/li>\n<li>61 Familles de brevets actifs<\/li>\n<li>11 Entreprises d\u00e9riv\u00e9es de nos recherches<\/li>\n<li>1 446 Lits<\/li>\n<li>22 Centres de recherche fondamentale de pointe<\/li>\n<li>58 Laboratoires de recherche scientifique<\/li>\n<li>12 R\u00e9seaux nationaux de recherche<\/li>\n<li>752 Essais cliniques en cours<\/li>\n<li>11 086 Patients inscrits \u00e0 des essais cliniques<\/li>\n<li>8,4 Jours d\u2019hospitalisation (en moyenne)<\/li>\n<li>64 466 Hospitalisations<\/li>\n<li>178 286 Visites \u00e0 l\u2019Urgence<\/li>\n<li>979 998 Visites aux Soins ambulatoires<\/li>\n<li>85 606 Chirurgies<\/li>\n<li>7 166 Naissances<\/li>\n<\/ul>\n<p><a class=\"collapsed\" role=\"button\" href=\"#collapseExample\" data-toggle=\"collapse\" aria-expanded=\"false\" aria-controls=\"collapseExample\">Version texte de L&rsquo;H\u00f4pital d&rsquo;Ottawa &#8211; Quelques faits<\/a><\/p>\n<\/div>\n<div class=\"clearblock\"><\/div>\n<h2 style=\"text-align: center;\">Un h\u00f4pital, trois campus<\/h2>\n<div class=\"table-responsive\">\n<table class=\"table-bordered table\">\n<tbody>\n<tr>\n<td><img decoding=\"async\" class=\"img-responsive aligncenter\" src=\"\/wp-content\/uploads\/2016\/11\/CivicIcons.jpg\" alt=\"Civic Icon\" width=\"131\" height=\"120\" \/><\/td>\n<td><img decoding=\"async\" class=\"img-responsive aligncenter\" src=\"\/wp-content\/uploads\/2016\/11\/RiversideIcons.jpg\" alt=\"Riverside Icon\" width=\"170\" height=\"120\" \/><\/td>\n<td><img decoding=\"async\" class=\"img-responsive aligncenter\" src=\"\/wp-content\/uploads\/2016\/11\/GeneralIcon.jpg\" alt=\"General Icon\" width=\"131\" height=\"120\" \/><\/td>\n<\/tr>\n<tr>\n<td style=\"background-color: #d0dae8; text-align: center;\"><strong>Campus Civic<\/strong><\/td>\n<td style=\"background-color: #d0dae8; text-align: center;\"><strong>Campus Riverside<\/strong><\/td>\n<td style=\"background-color: #d0dae8; text-align: center;\"><strong>Campus G\u00e9n\u00e9ral<\/strong><\/td>\n<\/tr>\n<tr>\n<td style=\"text-align: center;\">Cardiologie<br \/>\nCentre d\u2019excellence en soins bariatriques<br \/>\nCentre de comp\u00e9tences et de simulation de l\u2019Universit\u00e9 d\u2019Ottawa (CCSuO)<br \/>\nCentre de sant\u00e9 du sein de l&rsquo;H\u00f4pital d&rsquo;Ottawa<br \/>\nChirurgie de la colonne vert\u00e9brale<br \/>\nChirurgie vasculaire<br \/>\nClinique de chirurgie de Mohs<br \/>\nClinique de gestion du poids<br \/>\n\u00c9quipe de sant\u00e9 familiale<br \/>\nNeurosciences<br \/>\nProgramme g\u00e9riatrique r\u00e9gional de l\u2019Est de l\u2019Ontario<br \/>\nService de traumatologie<br \/>\nUrgence<\/td>\n<td style=\"text-align: center;\">Centre de l\u2019arthrite<br \/>\nCentre de sant\u00e9 pour les femmes Shirley-E.-Greenberg<br \/>\nCentre de soins oculaires<br \/>\nCentre Foustanellas d\u2019endocrinologie et du diab\u00e8te<br \/>\n\u00c9quipe de sant\u00e9 familiale<br \/>\nN\u00e9phrologie<\/td>\n<td style=\"text-align: center;\">Centre de r\u00e9adaptation<br \/>\nCentre des maladies pulmonaires<br \/>\nChirurgie robotis\u00e9e<br \/>\nChirurgie thoracique<br \/>\nGreffe de moelle osseuse<br \/>\nInstitut de l\u2019\u0153il de l\u2019Universit\u00e9 d\u2019Ottawa Programme r\u00e9gional de canc\u00e9rologie<br \/>\nArthroplastie totale<br \/>\nUrgence<\/td>\n<\/tr>\n<tr>\n<td style=\"background-color: #d0dae8; text-align: center;\" colspan=\"3\"><strong>\u00c0 tous les campus<\/strong><\/td>\n<\/tr>\n<tr>\n<td style=\"text-align: center;\" colspan=\"3\">Chirurgie mini-invasive<br \/>\nP.A.R.T.Y. (programme de pr\u00e9vention des traumatismes li\u00e9s \u00e0 la consommation d\u2019alcool et aux comportements \u00e0 risque chez les jeunes)<br \/>\nProgramme de sant\u00e9 mentale<br \/>\nServices pr\u00e9nataux et pour les grossesses \u00e0 risque \u00e9lev\u00e9<\/td>\n<\/tr>\n<\/tbody>\n<\/table>\n<\/div>\n","protected":false},"excerpt":{"rendered":"<p>L\u2019H\u00f4pital d\u2019Ottawa a vu le jour en 1998 apr\u00e8s la fusion de l\u2019H\u00f4pital Civic, de l\u2019H\u00f4pital g\u00e9n\u00e9ral d\u2019Ottawa et de l\u2019H\u00f4pital Riverside. Les services d\u2019urgence psychiatrique de l\u2019H\u00f4pital Royal d\u2019Ottawa sont \u00e9galement pass\u00e9s \u00e0 L\u2019H\u00f4pital d\u2019Ottawa, tout comme les services m\u00e9dicaux et chirurgicaux de l\u2019H\u00f4pital Grace. Le Centre r\u00e9gional de canc\u00e9rologie d\u2019Ottawa a \u00e9t\u00e9 int\u00e9gr\u00e9 [&hellip;]<\/p>\n","protected":false},"author":25,"featured_media":0,"parent":74,"menu_order":7,"comment_status":"closed","ping_status":"closed","template":"","meta":{"_acf_changed":false,"_mc_calendar":[],"footnotes":""},"class_list":["post-6220","page","type-page","status-publish","hentry"],"acf":[],"wps_subtitle":"","_links":{"self":[{"href":"https:\/\/www.ottawahospital.on.ca\/fr\/wp-json\/wp\/v2\/pages\/6220","targetHints":{"allow":["GET"]}}],"collection":[{"href":"https:\/\/www.ottawahospital.on.ca\/fr\/wp-json\/wp\/v2\/pages"}],"about":[{"href":"https:\/\/www.ottawahospital.on.ca\/fr\/wp-json\/wp\/v2\/types\/page"}],"author":[{"embeddable":true,"href":"https:\/\/www.ottawahospital.on.ca\/fr\/wp-json\/wp\/v2\/users\/25"}],"replies":[{"embeddable":true,"href":"https:\/\/www.ottawahospital.on.ca\/fr\/wp-json\/wp\/v2\/comments?post=6220"}],"version-history":[{"count":0,"href":"https:\/\/www.ottawahospital.on.ca\/fr\/wp-json\/wp\/v2\/pages\/6220\/revisions"}],"up":[{"embeddable":true,"href":"https:\/\/www.ottawahospital.on.ca\/fr\/wp-json\/wp\/v2\/pages\/74"}],"wp:attachment":[{"href":"https:\/\/www.ottawahospital.on.ca\/fr\/wp-json\/wp\/v2\/media?parent=6220"}],"curies":[{"name":"wp","href":"https:\/\/api.w.org\/{rel}","templated":true}]}}