{"id":61904,"date":"2021-03-18T16:26:17","date_gmt":"2021-03-18T20:26:17","guid":{"rendered":"https:\/\/www.ottawahospital.on.ca\/?page_id=61904"},"modified":"2022-10-28T09:01:04","modified_gmt":"2022-10-28T13:01:04","slug":"liste-de-verification-apres-la-seance-dorientation","status":"publish","type":"page","link":"https:\/\/www.ottawahospital.on.ca\/fr\/votre-carriere-chez-nous\/liste-de-verification-apres-la-seance-dorientation\/","title":{"rendered":"Liste de v\u00e9rification apr\u00e8s la s\u00e9ance d\u2019orientation"},"content":{"rendered":"","protected":true},"excerpt":{"rendered":"","protected":true},"author":25,"featured_media":0,"parent":61891,"menu_order":3,"comment_status":"closed","ping_status":"closed","template":"","meta":{"_acf_changed":false,"_mc_calendar":[],"footnotes":""},"class_list":["post-61904","page","type-page","status-publish","post-password-required","hentry"],"acf":[],"wps_subtitle":"","_links":{"self":[{"href":"https:\/\/www.ottawahospital.on.ca\/fr\/wp-json\/wp\/v2\/pages\/61904","targetHints":{"allow":["GET"]}}],"collection":[{"href":"https:\/\/www.ottawahospital.on.ca\/fr\/wp-json\/wp\/v2\/pages"}],"about":[{"href":"https:\/\/www.ottawahospital.on.ca\/fr\/wp-json\/wp\/v2\/types\/page"}],"author":[{"embeddable":true,"href":"https:\/\/www.ottawahospital.on.ca\/fr\/wp-json\/wp\/v2\/users\/25"}],"replies":[{"embeddable":true,"href":"https:\/\/www.ottawahospital.on.ca\/fr\/wp-json\/wp\/v2\/comments?post=61904"}],"version-history":[{"count":0,"href":"https:\/\/www.ottawahospital.on.ca\/fr\/wp-json\/wp\/v2\/pages\/61904\/revisions"}],"up":[{"embeddable":true,"href":"https:\/\/www.ottawahospital.on.ca\/fr\/wp-json\/wp\/v2\/pages\/61891"}],"wp:attachment":[{"href":"https:\/\/www.ottawahospital.on.ca\/fr\/wp-json\/wp\/v2\/media?parent=61904"}],"curies":[{"name":"wp","href":"https:\/\/api.w.org\/{rel}","templated":true}]}}