{"id":6050,"date":"2016-11-09T17:06:42","date_gmt":"2016-11-09T22:06:42","guid":{"rendered":"http:\/\/52.229.122.34\/fr\/?page_id=6050"},"modified":"2016-11-09T17:06:42","modified_gmt":"2016-11-09T22:06:42","slug":"dre-katharine-gillis","status":"publish","type":"page","link":"https:\/\/www.ottawahospital.on.ca\/fr\/about-us\/notre-equipe-de-direction\/equipe-de-la-haute-direction\/dre-katharine-gillis\/","title":{"rendered":"Dre Katharine Gillis"},"content":{"rendered":"<div style=\"width: 145px\" class=\"wp-caption alignleft\"><img decoding=\"async\" class=\"img responsive\" src=\"\/wp-content\/uploads\/2016\/11\/GillisKatharaineWeb.jpg\" alt=\"Dr. Katharine Gillis \" width=\"135\" height=\"169\" \/><p class=\"wp-caption-text\"><br \/> <strong>Dre Katharine Gillis <\/strong> <br \/> Directrice m\u00e9dicale, Sant\u00e9 mentale <\/p>\n<p> <strong>Renseignements<\/strong> <br \/> 613-737-8327 <br \/> <a href=\"mailto:kgillis@lho.ca\">kgillis@lho.ca<\/a><\/p><\/div>\n<p>La D<sup>re<\/sup> Katharine Gillis a \u00e9t\u00e9 nomm\u00e9e chef du D\u00e9partement de psychiatrie de l\u2019Universit\u00e9 d\u2019Ottawa en 2009 et chef par int\u00e9rim du D\u00e9partement de psychiatrie de L\u2019H\u00f4pital d\u2019Ottawa en juillet 2013. Elle est directrice clinique du Programme de soins partag\u00e9s en sant\u00e9 mentale de l\u2019H\u00f4pital, qui offre des services cliniques combin\u00e9s \u00e0 des services de formation et de recherche dans les unit\u00e9s d\u2019enseignement du D\u00e9partement de m\u00e9decine familiale de l\u2019Universit\u00e9. La D<sup>re<\/sup> Gillis a une affectation secondaire dans ce d\u00e9partement, en plus de participer au programme d\u2019enseignement aux r\u00e9sidents en m\u00e9decine comportementale. Ses int\u00e9r\u00eats de recherche portent sur les soins primaires partag\u00e9s ou collaboratifs en sant\u00e9 mentale et la sant\u00e9 mentale des jeunes adultes. Elle si\u00e8ge \u00e9galement au conseil d\u2019administration de l\u2019Institut de recherche en sant\u00e9 mentale de l\u2019Universit\u00e9 d\u2019Ottawa.<\/p>\n<p>Dipl\u00f4m\u00e9e en 1982 de l\u2019\u00e9cole de m\u00e9decine de l\u2019Universit\u00e9 Memorial de Terre-Neuve-et-Labrador, la D<sup>re<\/sup>\u00a0Gillis a d\u00e9j\u00e0 exerc\u00e9 la m\u00e9decine de famille. Pendant sa carri\u00e8re m\u00e9dicale, elle a travaill\u00e9 au Canada, aux \u00c9tats-Unis et en Nouvelle-Z\u00e9lande. Elle a termin\u00e9 une r\u00e9sidence en psychiatrie \u00e0 l\u2019Universit\u00e9 d\u2019Ottawa en 1995. Elle travaille depuis ce temps au sein d\u2019\u00e9quipes de consultation-liaison en psychiatrie et de soins partag\u00e9s ou collaboratifs en sant\u00e9 mentale.<\/p>\n<p>La D<sup>re<\/sup> Gillis est une chef de file dans le domaine de la formation en psychiatrie au Canada. Elle a \u00e9t\u00e9 directrice du programme de r\u00e9sidence en psychiatrie de l\u2019Universit\u00e9 d\u2019Ottawa en 1999. Elle est devenue membre du jury d\u2019examen en psychiatrie du Coll\u00e8ge royal des m\u00e9decins et chirurgiens du Canada en 2001. De 2004 \u00e0 2008, elle a pr\u00e9sid\u00e9 ce jury et si\u00e9g\u00e9 au groupe de travail sur la strat\u00e9gie nationale visant \u00e0 am\u00e9liorer la formation postdoctorale en psychiatrie. Depuis 2009, la D<sup>re<\/sup>\u00a0Gillis est membre du Comit\u00e9 d\u2019\u00e9valuation du Coll\u00e8ge, dont elle sera d\u2019ailleurs la prochaine pr\u00e9sidente. Elle si\u00e8ge aussi au Conseil du Coll\u00e8ge depuis 2011.<\/p>\n<p><em>Derni\u00e8re mise \u00e0 jour\u00a0: d\u00e9cembre 2013<\/em><\/p>\n","protected":false},"excerpt":{"rendered":"<p>La Dre Katharine Gillis a \u00e9t\u00e9 nomm\u00e9e chef du D\u00e9partement de psychiatrie de l\u2019Universit\u00e9 d\u2019Ottawa en 2009 et chef par int\u00e9rim du D\u00e9partement de psychiatrie de L\u2019H\u00f4pital d\u2019Ottawa en juillet 2013. Elle est directrice clinique du Programme de soins partag\u00e9s en sant\u00e9 mentale de l\u2019H\u00f4pital, qui offre des services cliniques combin\u00e9s \u00e0 des services de [&hellip;]<\/p>\n","protected":false},"author":25,"featured_media":0,"parent":4550,"menu_order":19,"comment_status":"closed","ping_status":"closed","template":"","meta":{"_acf_changed":false,"_mc_calendar":[],"footnotes":""},"class_list":["post-6050","page","type-page","status-publish","hentry"],"acf":[],"wps_subtitle":"","_links":{"self":[{"href":"https:\/\/www.ottawahospital.on.ca\/fr\/wp-json\/wp\/v2\/pages\/6050","targetHints":{"allow":["GET"]}}],"collection":[{"href":"https:\/\/www.ottawahospital.on.ca\/fr\/wp-json\/wp\/v2\/pages"}],"about":[{"href":"https:\/\/www.ottawahospital.on.ca\/fr\/wp-json\/wp\/v2\/types\/page"}],"author":[{"embeddable":true,"href":"https:\/\/www.ottawahospital.on.ca\/fr\/wp-json\/wp\/v2\/users\/25"}],"replies":[{"embeddable":true,"href":"https:\/\/www.ottawahospital.on.ca\/fr\/wp-json\/wp\/v2\/comments?post=6050"}],"version-history":[{"count":0,"href":"https:\/\/www.ottawahospital.on.ca\/fr\/wp-json\/wp\/v2\/pages\/6050\/revisions"}],"up":[{"embeddable":true,"href":"https:\/\/www.ottawahospital.on.ca\/fr\/wp-json\/wp\/v2\/pages\/4550"}],"wp:attachment":[{"href":"https:\/\/www.ottawahospital.on.ca\/fr\/wp-json\/wp\/v2\/media?parent=6050"}],"curies":[{"name":"wp","href":"https:\/\/api.w.org\/{rel}","templated":true}]}}