{"id":6044,"date":"2016-11-09T17:03:09","date_gmt":"2016-11-09T22:03:09","guid":{"rendered":"http:\/\/52.229.122.34\/fr\/?page_id=6044"},"modified":"2022-12-15T10:18:30","modified_gmt":"2022-12-15T15:18:30","slug":"tim-kluke","status":"publish","type":"page","link":"https:\/\/www.ottawahospital.on.ca\/fr\/about-us\/notre-equipe-de-direction\/equipe-de-la-haute-direction\/tim-kluke\/","title":{"rendered":"Tim Kluke"},"content":{"rendered":"<div class=\"wp-caption alignleft\" style=\"width: 145px;\"><img decoding=\"async\" class=\"alignnone size-full wp-image-68126\" src=\"https:\/\/www.ottawahospital.on.ca\/wp-content\/uploads\/2021\/08\/Tim-Kluke_SMT_Foundation_sized-3.jpg\" alt=\"Tim Kluke\" width=\"160\" height=\"200\" \/><\/p>\n<p class=\"wp-caption-text\"><strong>Tim J. Kluke, CFRE<\/strong><br \/>\nPr\u00e9sident-directeur g\u00e9n\u00e9ral, La Fondation de l&rsquo;H\u00f4pital d&rsquo;Ottawa<\/p>\n<p class=\"wp-caption-text\"><strong>Renseignements<\/strong><br \/>\n613-798-5555 poste 12761<br \/>\n<a href=\"mailto:Tim.Kluke@lho.ca\">Tim.Kluke@lho.ca<\/a><\/p>\n<\/div>\n<p>Tim Kluke est le PDG de la Fondation de l\u2019H\u00f4pital d\u2019Ottawa, qui soutient l\u2019un des plus grands h\u00f4pitaux de soins de courte dur\u00e9e au Canada. La Fondation est r\u00e9guli\u00e8rement \u00e9valu\u00e9e comme l\u2019une des fondations hospitali\u00e8res les plus efficaces et efficientes au pays. Elle a d\u2019ailleurs re\u00e7u pour la 10<sup>e<\/sup>\u00a0ann\u00e9e cons\u00e9cutive la d\u00e9signation de fondation tr\u00e8s performante de l\u2019Association for Healthcare Philanthropy (AHP).<\/p>\n<p>Titulaire de la certification de professionnel en collecte de fonds (CFRE) depuis plus de 30\u00a0ans, M.\u00a0Kluke a occup\u00e9 divers postes de haute direction au sein d\u2019organismes de bienfaisance, et ce, de part et d\u2019autre du 49<sup>e<\/sup>\u00a0parall\u00e8le. Avant d\u2019entrer au service de la Fondation en 2011, M.\u00a0Kluke \u00e9tait le PDG de la Fondation de sant\u00e9 mentale Royal Ottawa. Il a aussi \u00e9t\u00e9 pr\u00e9sident de l\u2019Association of Fundraising Professionals (AFP), section d\u2019Ottawa, et membre du corps professoral de l\u2019Institut Madison de l\u2019Association for Healthcare Philanthropy, au Wisconsin.<\/p>\n<p>En 2015, M.\u00a0Kluke a \u00e9t\u00e9 nomm\u00e9 professionnel \u00e9m\u00e9rite en collecte de fonds au sein de la section d\u2019Ottawa de l\u2019AFP, la plus haute distinction professionnelle accord\u00e9e par l\u2019AFP-Ottawa.<\/p>\n<p>Aujourd\u2019hui, M.\u00a0Kluke dirige la campagne de financement la plus ambitieuse de l\u2019histoire de l\u2019Est de l\u2019Ontario. La campagne <em>Cr\u00e9ons des lendemains<\/em> aidera \u00e0 b\u00e2tir le nouveau campus de L\u2019H\u00f4pital d\u2019Ottawa, \u00e0 financer la recherche de calibre mondial en soins de sant\u00e9 et \u00e0 doter Ottawa de l\u2019h\u00f4pital centr\u00e9 sur le patient le plus sophistiqu\u00e9 au pays.<\/p>\n","protected":false},"excerpt":{"rendered":"<p>Tim J. Kluke, CFRE Pr\u00e9sident-directeur g\u00e9n\u00e9ral, La Fondation de l&rsquo;H\u00f4pital d&rsquo;Ottawa Renseignements 613-798-5555 poste 12761 Tim.Kluke@lho.ca Tim Kluke est le PDG de la Fondation de l\u2019H\u00f4pital d\u2019Ottawa, qui soutient l\u2019un des plus grands h\u00f4pitaux de soins de courte dur\u00e9e au Canada. La Fondation est r\u00e9guli\u00e8rement \u00e9valu\u00e9e comme l\u2019une des fondations hospitali\u00e8res les plus efficaces et [&hellip;]<\/p>\n","protected":false},"author":25,"featured_media":0,"parent":4550,"menu_order":31,"comment_status":"closed","ping_status":"closed","template":"","meta":{"_acf_changed":false,"_mc_calendar":[],"footnotes":""},"class_list":["post-6044","page","type-page","status-publish","hentry"],"acf":[],"wps_subtitle":"","_links":{"self":[{"href":"https:\/\/www.ottawahospital.on.ca\/fr\/wp-json\/wp\/v2\/pages\/6044","targetHints":{"allow":["GET"]}}],"collection":[{"href":"https:\/\/www.ottawahospital.on.ca\/fr\/wp-json\/wp\/v2\/pages"}],"about":[{"href":"https:\/\/www.ottawahospital.on.ca\/fr\/wp-json\/wp\/v2\/types\/page"}],"author":[{"embeddable":true,"href":"https:\/\/www.ottawahospital.on.ca\/fr\/wp-json\/wp\/v2\/users\/25"}],"replies":[{"embeddable":true,"href":"https:\/\/www.ottawahospital.on.ca\/fr\/wp-json\/wp\/v2\/comments?post=6044"}],"version-history":[{"count":0,"href":"https:\/\/www.ottawahospital.on.ca\/fr\/wp-json\/wp\/v2\/pages\/6044\/revisions"}],"up":[{"embeddable":true,"href":"https:\/\/www.ottawahospital.on.ca\/fr\/wp-json\/wp\/v2\/pages\/4550"}],"wp:attachment":[{"href":"https:\/\/www.ottawahospital.on.ca\/fr\/wp-json\/wp\/v2\/media?parent=6044"}],"curies":[{"name":"wp","href":"https:\/\/api.w.org\/{rel}","templated":true}]}}