{"id":6028,"date":"2016-11-09T16:51:55","date_gmt":"2016-11-09T21:51:55","guid":{"rendered":"http:\/\/52.229.122.34\/fr\/?page_id=6028"},"modified":"2016-11-09T16:51:55","modified_gmt":"2016-11-09T21:51:55","slug":"dr-mark-walker","status":"publish","type":"page","link":"https:\/\/www.ottawahospital.on.ca\/fr\/about-us\/notre-equipe-de-direction\/equipe-de-la-haute-direction\/dr-mark-walker\/","title":{"rendered":"Dr Mark Walker"},"content":{"rendered":"<div style=\"width: 145px\" class=\"wp-caption alignleft\"><img decoding=\"async\" class=\"img responsive\" src=\"\/wp-content\/uploads\/2016\/11\/WalkerDr_Mark6393_web.jpg\" alt=\"Dr. Mark Walker\" width=\"135\" height=\"169\" \/><p class=\"wp-caption-text\"><br \/> <strong>Dr Mark Walker <\/strong> <br \/> Directeur m\u00e9dicale, Obst\u00e9trique, Gyn\u00e9cologie et Soins aux nouveau-n\u00e9s<\/p>\n<p> <strong>Renseignements<\/strong> <br \/> 613-737-8937 <br \/> <a href=\"mailto:mwalker@lho.ca\">mwalker@lho.ca<\/a><\/p><\/div>\n<p>Le D<sup>r<\/sup>\u00a0Mark\u00a0Walker a obtenu son dipl\u00f4me en m\u00e9decine \u00e0 l\u2019Universit\u00e9 Queen\u2019s, \u00e0 Kingston, en Ontario (1993). Il a termin\u00e9 sa r\u00e9sidence en obst\u00e9trique et en gyn\u00e9cologie \u00e0 l\u2019Universit\u00e9 d\u2019Ottawa (1998). Il a ensuite fait une sursp\u00e9cialisation en m\u00e9decine materno-f\u0153tale \u00e0 l\u2019Universit\u00e9 de Toronto. Il a r\u00e9cemment obtenu une ma\u00eetrise en gestion des soins de sant\u00e9 de l\u2019Universit\u00e9 Harvard. Le D<sup>r<\/sup>\u00a0Walker est obst\u00e9tricien sp\u00e9cialis\u00e9 dans les grossesses \u00e0 risque \u00e9lev\u00e9 et \u00e9pid\u00e9miologiste clinique \u00e0 l\u2019Universit\u00e9 d\u2019Ottawa. Il a publi\u00e9 plus de 210\u00a0articles \u00e9valu\u00e9s par des pairs et a grandement contribu\u00e9 \u00e0 l\u2019avancement des connaissances sur le r\u00f4le de l\u2019acide folique et sur la thrombophilie pendant la grossesse. Le D<sup>r<\/sup>\u00a0Walker joue un r\u00f4le actif dans les politiques publiques aux paliers provincial et national, o\u00f9 il se fait d\u00e9fenseur de la sant\u00e9 des femmes et des enfants. Depuis son arriv\u00e9e \u00e0 l\u2019H\u00f4pital en l\u2019an 2000, le D<sup>r<\/sup>\u00a0Walker a occup\u00e9 de nombreux postes, dont celui de directeur des stages postdoctoraux en m\u00e9decine materno-f\u0153tale. Il a aussi travaill\u00e9 en \u00e9troite collaboration avec le personnel du D\u00e9partement de m\u00e9decine dans le but de sensibiliser les m\u00e9decins aux troubles m\u00e9dicaux durant la grossesse.<\/p>\n<p>Le D<sup>r\u00a0<\/sup>Walker a assum\u00e9 divers r\u00f4les de direction. Il a notamment \u00e9t\u00e9 pr\u00e9sident de la Soci\u00e9t\u00e9 des chercheurs en obst\u00e9trique et gyn\u00e9cologie, copr\u00e9sident du Conseil provincial pour la sant\u00e9 maternelle et infantile, directeur scientifique et codirecteur de BORN (Registre et r\u00e9seau des bons r\u00e9sultats d\u00e8s la naissance) et copr\u00e9sident du groupe d\u2019\u00e9tude sur la sant\u00e9 maternelle et infantile associ\u00e9 au Syst\u00e8me canadien de surveillance p\u00e9rinatale. Il est titulaire d\u2019une chaire de recherche p\u00e9rinatale (niveau\u00a01) de l\u2019Universit\u00e9 d\u2019Ottawa. Il est aussi cofondateur du groupe de recherche OMNI (obst\u00e9trique et sant\u00e9 maternelle et infantile) de L\u2019H\u00f4pital d\u2019Ottawa. OMNI est le plus important groupe de recherche sur la sant\u00e9 maternelle et infantile au Canada et figure parmi les cinq plus importants \u00e0 l\u2019\u00e9chelle mondiale.<\/p>\n","protected":false},"excerpt":{"rendered":"<p>Le Dr\u00a0Mark\u00a0Walker a obtenu son dipl\u00f4me en m\u00e9decine \u00e0 l\u2019Universit\u00e9 Queen\u2019s, \u00e0 Kingston, en Ontario (1993). Il a termin\u00e9 sa r\u00e9sidence en obst\u00e9trique et en gyn\u00e9cologie \u00e0 l\u2019Universit\u00e9 d\u2019Ottawa (1998). Il a ensuite fait une sursp\u00e9cialisation en m\u00e9decine materno-f\u0153tale \u00e0 l\u2019Universit\u00e9 de Toronto. Il a r\u00e9cemment obtenu une ma\u00eetrise en gestion des soins de sant\u00e9 [&hellip;]<\/p>\n","protected":false},"author":25,"featured_media":0,"parent":4550,"menu_order":28,"comment_status":"closed","ping_status":"closed","template":"","meta":{"_acf_changed":false,"_mc_calendar":[],"footnotes":""},"class_list":["post-6028","page","type-page","status-publish","hentry"],"acf":[],"wps_subtitle":"","_links":{"self":[{"href":"https:\/\/www.ottawahospital.on.ca\/fr\/wp-json\/wp\/v2\/pages\/6028","targetHints":{"allow":["GET"]}}],"collection":[{"href":"https:\/\/www.ottawahospital.on.ca\/fr\/wp-json\/wp\/v2\/pages"}],"about":[{"href":"https:\/\/www.ottawahospital.on.ca\/fr\/wp-json\/wp\/v2\/types\/page"}],"author":[{"embeddable":true,"href":"https:\/\/www.ottawahospital.on.ca\/fr\/wp-json\/wp\/v2\/users\/25"}],"replies":[{"embeddable":true,"href":"https:\/\/www.ottawahospital.on.ca\/fr\/wp-json\/wp\/v2\/comments?post=6028"}],"version-history":[{"count":0,"href":"https:\/\/www.ottawahospital.on.ca\/fr\/wp-json\/wp\/v2\/pages\/6028\/revisions"}],"up":[{"embeddable":true,"href":"https:\/\/www.ottawahospital.on.ca\/fr\/wp-json\/wp\/v2\/pages\/4550"}],"wp:attachment":[{"href":"https:\/\/www.ottawahospital.on.ca\/fr\/wp-json\/wp\/v2\/media?parent=6028"}],"curies":[{"name":"wp","href":"https:\/\/api.w.org\/{rel}","templated":true}]}}