{"id":6017,"date":"2016-11-09T16:44:39","date_gmt":"2016-11-09T21:44:39","guid":{"rendered":"http:\/\/52.229.122.34\/fr\/?page_id=6017"},"modified":"2026-02-26T10:38:58","modified_gmt":"2026-02-26T15:38:58","slug":"dr-sukhbir-singh","status":"publish","type":"page","link":"https:\/\/www.ottawahospital.on.ca\/fr\/about-us\/notre-equipe-de-direction\/equipe-de-la-haute-direction\/dr-sukhbir-singh\/","title":{"rendered":"Dr Sukhbir Singh"},"content":{"rendered":"<div class=\"wp-block-image\">\n<figure class=\"alignleft size-full\"><img decoding=\"async\" width=\"135\" height=\"169\" src=\"https:\/\/www.ottawahospital.on.ca\/wp-content\/uploads\/2026\/02\/Sukhbir_Singhr_Profile.jpg\" alt=\"Sukhbir Sony Singh, Head, Department of Obstetrics, Gynecology and Newborn Care, The Ottawa Hospital.\" class=\"wp-image-277447\"\/><figcaption class=\"wp-element-caption\">Sukhbir Sony Singh, M.D., FRCSC, FACOG Chef, D\u00e9partement d\u2019obst\u00e9trique, de gyn\u00e9cologie et de soins aux nouveau-n\u00e9s<br>L\u2019H\u00f4pital d\u2019Ottawa<\/figcaption><\/figure>\n<\/div>\n\n\n<p>Le D<sup>r<\/sup>\u00a0Sukhbir\u00a0(Sony)\u00a0Singh est professeur et directeur du D\u00e9partement d\u2019obst\u00e9trique et de gyn\u00e9cologie de l\u2019Universit\u00e9 d\u2019Ottawa et chef du D\u00e9partement d\u2019obst\u00e9trique, de gyn\u00e9cologie et de soins aux nouveau-n\u00e9s de L\u2019H\u00f4pital d\u2019Ottawa. Il est scientifique adjoint et ancien titulaire de la Chaire de recherche D<sup>re<\/sup>\u00a0Elaine\u00a0Jolly sur la chirurgie gyn\u00e9cologique (2016\u20132025) \u00e0 l\u2019Institut de recherche de l\u2019H\u00f4pital d\u2019Ottawa.\u00a0\u00a0<\/p>\n\n\n\n<p>Apr\u00e8s avoir termin\u00e9 sa formation m\u00e9dicale \u00e0 l\u2019Universit\u00e9 Western Ontario (M.D.\u00a02000, FRCSC\u00a02005), il a suivi des programmes de sursp\u00e9cialisation (fellowships) en chirurgie gyn\u00e9cologique minimalement effractive \u00e0 l\u2019Universit\u00e9 de Toronto (2005\u20132006) et \u00e0 l\u2019Universit\u00e9 de Sydney, en Australie (2006\u20132007).<\/p>\n\n\n\n<p>Il a jou\u00e9 un r\u00f4le actif dans la promotion de l\u2019excellence en chirurgie gyn\u00e9cologique aux niveaux national et international. Il a notamment \u00e9t\u00e9 cofondateur et directeur ex\u00e9cutif de CanSAGE (2016\u20132021) et membre du conseil d\u2019administration de l\u2019American Association of Gynecological Laparoscopists (AAGL) (2020\u20132023).<\/p>\n\n\n\n<p>Le D<sup>r<\/sup>\u00a0Singh dirige le groupe de recherche en gyn\u00e9cologie minimalement effractive Ottawa Minimally Invasive Gynecology Research Group, qui se concentre sur le diagnostic et la prise en charge de l\u2019endom\u00e9triose et des fibromes ut\u00e9rins, ainsi que sur les m\u00e9thodes chirurgicales employ\u00e9es pour soigner les patientes atteintes de ces probl\u00e8mes de sant\u00e9. Il a donn\u00e9 plus de 450\u00a0pr\u00e9sentations dans le monde entier et 50\u00a0cours formels et a aussi publi\u00e9 plus de 150\u00a0articles \u00e0 ce jour.<\/p>\n","protected":false},"excerpt":{"rendered":"<p>Le Dr\u00a0Sukhbir\u00a0(Sony)\u00a0Singh est professeur et directeur du D\u00e9partement d\u2019obst\u00e9trique et de gyn\u00e9cologie de l\u2019Universit\u00e9 d\u2019Ottawa et chef du D\u00e9partement d\u2019obst\u00e9trique, de gyn\u00e9cologie et de soins aux nouveau-n\u00e9s de L\u2019H\u00f4pital d\u2019Ottawa. Il est scientifique adjoint et ancien titulaire de la Chaire de recherche Dre\u00a0Elaine\u00a0Jolly sur la chirurgie gyn\u00e9cologique (2016\u20132025) \u00e0 l\u2019Institut de recherche de l\u2019H\u00f4pital d\u2019Ottawa.\u00a0\u00a0 [&hellip;]<\/p>\n","protected":false},"author":25,"featured_media":0,"parent":4550,"menu_order":26,"comment_status":"closed","ping_status":"closed","template":"","meta":{"_acf_changed":false,"_mc_calendar":[],"footnotes":""},"class_list":["post-6017","page","type-page","status-publish","hentry"],"acf":[],"wps_subtitle":"","_links":{"self":[{"href":"https:\/\/www.ottawahospital.on.ca\/fr\/wp-json\/wp\/v2\/pages\/6017","targetHints":{"allow":["GET"]}}],"collection":[{"href":"https:\/\/www.ottawahospital.on.ca\/fr\/wp-json\/wp\/v2\/pages"}],"about":[{"href":"https:\/\/www.ottawahospital.on.ca\/fr\/wp-json\/wp\/v2\/types\/page"}],"author":[{"embeddable":true,"href":"https:\/\/www.ottawahospital.on.ca\/fr\/wp-json\/wp\/v2\/users\/25"}],"replies":[{"embeddable":true,"href":"https:\/\/www.ottawahospital.on.ca\/fr\/wp-json\/wp\/v2\/comments?post=6017"}],"version-history":[{"count":1,"href":"https:\/\/www.ottawahospital.on.ca\/fr\/wp-json\/wp\/v2\/pages\/6017\/revisions"}],"predecessor-version":[{"id":277510,"href":"https:\/\/www.ottawahospital.on.ca\/fr\/wp-json\/wp\/v2\/pages\/6017\/revisions\/277510"}],"up":[{"embeddable":true,"href":"https:\/\/www.ottawahospital.on.ca\/fr\/wp-json\/wp\/v2\/pages\/4550"}],"wp:attachment":[{"href":"https:\/\/www.ottawahospital.on.ca\/fr\/wp-json\/wp\/v2\/media?parent=6017"}],"curies":[{"name":"wp","href":"https:\/\/api.w.org\/{rel}","templated":true}]}}