{"id":6012,"date":"2016-11-09T16:39:49","date_gmt":"2016-11-09T21:39:49","guid":{"rendered":"http:\/\/52.229.122.34\/fr\/?page_id=6012"},"modified":"2021-04-20T16:39:24","modified_gmt":"2021-04-20T20:39:24","slug":"dr-david-schramm","status":"publish","type":"page","link":"https:\/\/www.ottawahospital.on.ca\/fr\/about-us\/notre-equipe-de-direction\/equipe-de-la-haute-direction\/dr-david-schramm\/","title":{"rendered":"Dr. David Schramm"},"content":{"rendered":"<div class=\"wp-caption alignleft\" style=\"width: 145px;\"><img decoding=\"async\" class=\"img responsive\" src=\"\/wp-content\/uploads\/2016\/11\/DrDavidSchramm.jpg\" alt=\"Dr. David Schramm \" width=\"135\" height=\"169\" \/><\/p>\n<p class=\"wp-caption-text\"><strong>D<sup>r<\/sup> David Schramm <\/strong><br \/>\nChef, D\u00e9partement d\u2019oto-rhino-laryngologie et Chirurgie cervico-faciale<\/p>\n<p class=\"wp-caption-text\"><strong>Renseignements<\/strong><br \/>\n613-798-5555 poste 78847<br \/>\n<a href=\"mailto:dschramm@lho.ca\">dschramm@lho.ca<\/a><\/p>\n<\/div>\n<p>Le D<sup>r<\/sup>\u00a0David Schramm est oto-rhino-laryngologiste sp\u00e9cialis\u00e9 en otologie, en neuro-otologie et en chirurgie lat\u00e9rale de la base du cr\u00e2ne. Il a obtenu son dipl\u00f4me en m\u00e9decine de l\u2019Universit\u00e9 de Toronto et a fait sa r\u00e9sidence en oto-rhino-laryngologie \u00e0 l\u2019Universit\u00e9 d\u2019Ottawa. Il a ensuite suivi en Illinois une formation sursp\u00e9cialis\u00e9e en otologie, en neuro-otologie et en en chirurgie lat\u00e9rale de la base du cr\u00e2ne. Il poss\u00e8de \u00e9galement une ma\u00eetrise en \u00e9pid\u00e9miologie de l\u2019\u00c9cole de sant\u00e9 publique de l\u2019Universit\u00e9 Harvard. De plus, il a suivi la Formation en utilisation de la recherche pour cadres qui exercent dans la sant\u00e9 (FORCES) de la Fondation canadienne pour l\u2019am\u00e9lioration des services de sant\u00e9, ax\u00e9e sur la prise de d\u00e9cisions sur les soins fond\u00e9e sur des donn\u00e9es probantes.<\/p>\n<p>Le D<sup>r<\/sup>\u00a0Schramm est le champion en chirurgie du programme national d\u2019am\u00e9lioration de la qualit\u00e9 des chirurgies (NSQIP) pour L\u2019H\u00f4pital d\u2019Ottawa. Il est \u00e9galement directeur chirurgical du programme d\u2019implants auditifs de l\u2019Universit\u00e9 d\u2019Ottawa.<\/p>\n<p>Le D<sup>r<\/sup>\u00a0Schramm est professeur agr\u00e9g\u00e9 au D\u00e9partement d\u2019oto-rhino-laryngologie et de chirurgie cervico-faciale et au D\u00e9partement d\u2019\u00e9pid\u00e9miologie et de m\u00e9decine communautaire de la Facult\u00e9 de m\u00e9decine de l\u2019Universit\u00e9 d\u2019Ottawa. Il est \u00e9galement scientifique adjoint au Programme d\u2019\u00e9pid\u00e9miologie clinique de l\u2019Institut de recherche de l\u2019H\u00f4pital d\u2019Ottawa.<\/p>\n","protected":false},"excerpt":{"rendered":"<p>Dr David Schramm Chef, D\u00e9partement d\u2019oto-rhino-laryngologie et Chirurgie cervico-faciale Renseignements 613-798-5555 poste 78847 dschramm@lho.ca Le Dr\u00a0David Schramm est oto-rhino-laryngologiste sp\u00e9cialis\u00e9 en otologie, en neuro-otologie et en chirurgie lat\u00e9rale de la base du cr\u00e2ne. Il a obtenu son dipl\u00f4me en m\u00e9decine de l\u2019Universit\u00e9 de Toronto et a fait sa r\u00e9sidence en oto-rhino-laryngologie \u00e0 l\u2019Universit\u00e9 d\u2019Ottawa. Il [&hellip;]<\/p>\n","protected":false},"author":25,"featured_media":0,"parent":4550,"menu_order":25,"comment_status":"closed","ping_status":"closed","template":"","meta":{"_acf_changed":false,"_mc_calendar":[],"footnotes":""},"class_list":["post-6012","page","type-page","status-publish","hentry"],"acf":[],"wps_subtitle":"","_links":{"self":[{"href":"https:\/\/www.ottawahospital.on.ca\/fr\/wp-json\/wp\/v2\/pages\/6012","targetHints":{"allow":["GET"]}}],"collection":[{"href":"https:\/\/www.ottawahospital.on.ca\/fr\/wp-json\/wp\/v2\/pages"}],"about":[{"href":"https:\/\/www.ottawahospital.on.ca\/fr\/wp-json\/wp\/v2\/types\/page"}],"author":[{"embeddable":true,"href":"https:\/\/www.ottawahospital.on.ca\/fr\/wp-json\/wp\/v2\/users\/25"}],"replies":[{"embeddable":true,"href":"https:\/\/www.ottawahospital.on.ca\/fr\/wp-json\/wp\/v2\/comments?post=6012"}],"version-history":[{"count":0,"href":"https:\/\/www.ottawahospital.on.ca\/fr\/wp-json\/wp\/v2\/pages\/6012\/revisions"}],"up":[{"embeddable":true,"href":"https:\/\/www.ottawahospital.on.ca\/fr\/wp-json\/wp\/v2\/pages\/4550"}],"wp:attachment":[{"href":"https:\/\/www.ottawahospital.on.ca\/fr\/wp-json\/wp\/v2\/media?parent=6012"}],"curies":[{"name":"wp","href":"https:\/\/api.w.org\/{rel}","templated":true}]}}