{"id":5996,"date":"2016-11-09T15:57:18","date_gmt":"2016-11-09T20:57:18","guid":{"rendered":"http:\/\/52.229.122.34\/fr\/?page_id=5996"},"modified":"2021-04-20T14:27:12","modified_gmt":"2021-04-20T18:27:12","slug":"dr-colin-mccartney","status":"publish","type":"page","link":"https:\/\/www.ottawahospital.on.ca\/fr\/about-us\/notre-equipe-de-direction\/equipe-de-la-haute-direction\/dr-colin-mccartney\/","title":{"rendered":"Dr Colin McCartney"},"content":{"rendered":"<div class=\"wp-caption alignleft\" style=\"width: 145px;\"><img decoding=\"async\" class=\"img responsive\" src=\"\/wp-content\/uploads\/2016\/11\/McCartneyDr_Colin6407_web.jpg\" alt=\"Dr. Colin McCartney\" width=\"135\" height=\"169\" \/><\/p>\n<p class=\"wp-caption-text\"><strong>D<sup>r<\/sup> Colin McCartney, MB ChB, Ph.D., FRCA, FFARCSI, FRCPC<\/strong><br \/>\nChef, D\u00e9partement d\u2019anesth\u00e9siologie<\/p>\n<p class=\"wp-caption-text\"><strong>Renseignements<\/strong><br \/>\n613-761-4940<br \/>\n<a href=\"mailto:cmccartney@lho.ca\">cmccartney@lho.ca<\/a><\/p>\n<\/div>\n<p>Colin McCartney a \u00e9tudi\u00e9 la m\u00e9decine \u00e0 l\u2019Universit\u00e9 d\u2019\u00c9dimbourg, puis fait une formation en anesth\u00e9siologie et en m\u00e9decine de la douleur en \u00c9cosse avant d\u2019aller \u00e0 Toronto en\u00a01999 pour une sursp\u00e9cialisation en anesth\u00e9sie r\u00e9gionale et en m\u00e9decine de la douleur. De\u00a02000 \u00e0\u00a02006, il a \u00e9t\u00e9 anesth\u00e9siste et directeur du programme de sursp\u00e9cialisation en anesth\u00e9sie r\u00e9gionale \u00e0 l\u2019H\u00f4pital Toronto Western. De\u00a02006 \u00e0\u00a02014, il a dirig\u00e9 une \u00e9quipe multidisciplinaire de recherche au Centre des sciences de la sant\u00e9 Sunnybrook \u00e0 Toronto. Il a publi\u00e9 plus de 80\u00a0articles dans des revues \u00e0 comit\u00e9 de lecture, en particulier sur l\u2019anesth\u00e9sie r\u00e9gionale et la m\u00e9decine de la douleur. Il est aussi r\u00e9dacteur de la revue <em>Regional Anesthesia and Pain Medicine<\/em> et r\u00e9dacteur adjoint du <em>British Journal of Anaesthesia<\/em>. Il a r\u00e9cemment obtenu un doctorat \u00e0 l\u2019Universit\u00e9 d\u2019\u00c9dimbourg, mais a aussi supervis\u00e9 et co-supervis\u00e9 de nombreux \u00e9tudiants dipl\u00f4m\u00e9s, moniteurs et r\u00e9sidents dans leurs recherches ces quinze derni\u00e8res ann\u00e9es. Il si\u00e8ge au conseil d\u2019administration de l\u2019American Society of Regional Anesthesia and Pain Medicine dont il pr\u00e9side le comit\u00e9 de recherche.<\/p>\n<p>En septembre\u00a02014, le D<sup>r<\/sup>\u00a0McCartney a \u00e9t\u00e9 nomm\u00e9 chef du D\u00e9partement d\u2019anesth\u00e9siologie de L\u2019H\u00f4pital d\u2019Ottawa, directeur du D\u00e9partement d\u2019anesth\u00e9siologie de l\u2019Universit\u00e9 d\u2019Ottawa et scientifique de l\u2019Institut de recherche de l\u2019H\u00f4pital d\u2019Ottawa.<\/p>\n","protected":false},"excerpt":{"rendered":"<p>Dr Colin McCartney, MB ChB, Ph.D., FRCA, FFARCSI, FRCPC Chef, D\u00e9partement d\u2019anesth\u00e9siologie Renseignements 613-761-4940 cmccartney@lho.ca Colin McCartney a \u00e9tudi\u00e9 la m\u00e9decine \u00e0 l\u2019Universit\u00e9 d\u2019\u00c9dimbourg, puis fait une formation en anesth\u00e9siologie et en m\u00e9decine de la douleur en \u00c9cosse avant d\u2019aller \u00e0 Toronto en\u00a01999 pour une sursp\u00e9cialisation en anesth\u00e9sie r\u00e9gionale et en m\u00e9decine de la douleur. [&hellip;]<\/p>\n","protected":false},"author":25,"featured_media":0,"parent":4550,"menu_order":22,"comment_status":"closed","ping_status":"closed","template":"","meta":{"_acf_changed":false,"_mc_calendar":[],"footnotes":""},"class_list":["post-5996","page","type-page","status-publish","hentry"],"acf":[],"wps_subtitle":"","_links":{"self":[{"href":"https:\/\/www.ottawahospital.on.ca\/fr\/wp-json\/wp\/v2\/pages\/5996","targetHints":{"allow":["GET"]}}],"collection":[{"href":"https:\/\/www.ottawahospital.on.ca\/fr\/wp-json\/wp\/v2\/pages"}],"about":[{"href":"https:\/\/www.ottawahospital.on.ca\/fr\/wp-json\/wp\/v2\/types\/page"}],"author":[{"embeddable":true,"href":"https:\/\/www.ottawahospital.on.ca\/fr\/wp-json\/wp\/v2\/users\/25"}],"replies":[{"embeddable":true,"href":"https:\/\/www.ottawahospital.on.ca\/fr\/wp-json\/wp\/v2\/comments?post=5996"}],"version-history":[{"count":0,"href":"https:\/\/www.ottawahospital.on.ca\/fr\/wp-json\/wp\/v2\/pages\/5996\/revisions"}],"up":[{"embeddable":true,"href":"https:\/\/www.ottawahospital.on.ca\/fr\/wp-json\/wp\/v2\/pages\/4550"}],"wp:attachment":[{"href":"https:\/\/www.ottawahospital.on.ca\/fr\/wp-json\/wp\/v2\/media?parent=5996"}],"curies":[{"name":"wp","href":"https:\/\/api.w.org\/{rel}","templated":true}]}}