{"id":5989,"date":"2016-11-09T15:50:48","date_gmt":"2016-11-09T20:50:48","guid":{"rendered":"http:\/\/52.229.122.34\/fr\/?page_id=5989"},"modified":"2021-04-20T12:11:26","modified_gmt":"2021-04-20T16:11:26","slug":"dr-guy-hebert","status":"publish","type":"page","link":"https:\/\/www.ottawahospital.on.ca\/fr\/about-us\/notre-equipe-de-direction\/equipe-de-la-haute-direction\/dr-guy-hebert\/","title":{"rendered":"Dr Guy H\u00e9bert"},"content":{"rendered":"<div class=\"wp-caption alignleft\" style=\"width: 145px;\"><img decoding=\"async\" class=\"img responsive\" src=\"\/wp-content\/uploads\/2016\/11\/drhebert_40web.jpg\" alt=\"Dr. Guy H\u00e9bert\" width=\"135\" height=\"169\" \/><\/p>\n<p class=\"wp-caption-text\"><strong>D<sup>r<\/sup> Guy H\u00e9bert<\/strong><br \/>\nChef, D\u00e9partement d\u2019urgence<\/p>\n<p class=\"wp-caption-text\"><strong>Renseignements<\/strong><br \/>\n613-798-5555 poste 14347<br \/>\n<a href=\"mailto:mailto:Guy.Hebert@toh.ca\">Guy.Hebert@toh.ca<\/a><\/p>\n<\/div>\n<p>Professeur agr\u00e9g\u00e9 au D\u00e9partement de m\u00e9decine d\u2019urgence de la Facult\u00e9 de m\u00e9decine de l\u2019Universit\u00e9 d\u2019Ottawa, le D<sup>r<\/sup>\u00a0H\u00e9bert a \u00e9t\u00e9 nomm\u00e9 le 1<sup>er<\/sup>\u00a0juillet directeur de ce d\u00e9partement et chef de la M\u00e9decine d\u2019urgence \u00e0 L\u2019H\u00f4pital d\u2019Ottawa. Auparavant, il a occup\u00e9 des postes de direction au sein de l\u2019H\u00f4pital pendant 13\u00a0ans. Il a suivi plusieurs formations pour cadres et dirigeants au fil des ann\u00e9es afin de parfaire son exp\u00e9rience en administration.<\/p>\n<p>Le D<sup>r<\/sup>\u00a0H\u00e9bert est une sommit\u00e9 canadienne dans le domaine des \u00e9chographies et d\u2019autres interventions de traumatologie r\u00e9alis\u00e9es au chevet du patient \u00e0 l\u2019Urgence. Il a \u0153uvr\u00e9 \u00e0 l\u2019\u00e9laboration de programmes et de normes nationales en plus de faire des pr\u00e9sentations partout au pays afin de transmettre ses connaissances sur ce domaine novateur en pleine \u00e9volution. Chef d\u2019\u00e9quipe en traumatologie au sein du R\u00e9seau r\u00e9gional de traumatologie, il s\u2019int\u00e9resse beaucoup aux soins dans ce domaine \u00e0 l\u2019H\u00f4pital et enseigne les soins avanc\u00e9s de r\u00e9animation des polytraumatis\u00e9s.<\/p>\n<p>Le D<sup>r<\/sup>\u00a0H\u00e9bert si\u00e8ge au conseil d\u2019administration de l\u2019Association m\u00e9dicale universitaire de L\u2019H\u00f4pital d\u2019Ottawa (AMULHO) depuis 2005 et aide ainsi \u00e0 diriger la transformation des fonds et du soutien n\u00e9cessaires aux m\u00e9decins enseignants de l\u2019H\u00f4pital. Il a \u00e9t\u00e9 nomm\u00e9 pr\u00e9sident du conseil de l\u2019AMULHO en 2012.<\/p>\n<p>Le D<sup>r<\/sup>\u00a0H\u00e9bert est un ancien de la promotion 1990 du programme de m\u00e9decine (MD) de la Facult\u00e9. Il a fait sa premi\u00e8re r\u00e9sidence \u00e0 l\u2019Universit\u00e9 d\u2019Ottawa en m\u00e9decine interne et sa deuxi\u00e8me en m\u00e9decine d\u2019urgence \u00e0 l\u2019Universit\u00e9 de Toronto. Associ\u00e9 du Coll\u00e8ge royal des m\u00e9decins et chirurgiens du Canada certifi\u00e9 dans les deux sp\u00e9cialit\u00e9s susmentionn\u00e9es, il est parfaitement bilingue (fran\u00e7ais et anglais).<\/p>\n","protected":false},"excerpt":{"rendered":"<p>Dr Guy H\u00e9bert Chef, D\u00e9partement d\u2019urgence Renseignements 613-798-5555 poste 14347 Guy.Hebert@toh.ca Professeur agr\u00e9g\u00e9 au D\u00e9partement de m\u00e9decine d\u2019urgence de la Facult\u00e9 de m\u00e9decine de l\u2019Universit\u00e9 d\u2019Ottawa, le Dr\u00a0H\u00e9bert a \u00e9t\u00e9 nomm\u00e9 le 1er\u00a0juillet directeur de ce d\u00e9partement et chef de la M\u00e9decine d\u2019urgence \u00e0 L\u2019H\u00f4pital d\u2019Ottawa. Auparavant, il a occup\u00e9 des postes de direction au [&hellip;]<\/p>\n","protected":false},"author":25,"featured_media":0,"parent":4550,"menu_order":20,"comment_status":"closed","ping_status":"closed","template":"","meta":{"_acf_changed":false,"_mc_calendar":[],"footnotes":""},"class_list":["post-5989","page","type-page","status-publish","hentry"],"acf":[],"wps_subtitle":"","_links":{"self":[{"href":"https:\/\/www.ottawahospital.on.ca\/fr\/wp-json\/wp\/v2\/pages\/5989","targetHints":{"allow":["GET"]}}],"collection":[{"href":"https:\/\/www.ottawahospital.on.ca\/fr\/wp-json\/wp\/v2\/pages"}],"about":[{"href":"https:\/\/www.ottawahospital.on.ca\/fr\/wp-json\/wp\/v2\/types\/page"}],"author":[{"embeddable":true,"href":"https:\/\/www.ottawahospital.on.ca\/fr\/wp-json\/wp\/v2\/users\/25"}],"replies":[{"embeddable":true,"href":"https:\/\/www.ottawahospital.on.ca\/fr\/wp-json\/wp\/v2\/comments?post=5989"}],"version-history":[{"count":0,"href":"https:\/\/www.ottawahospital.on.ca\/fr\/wp-json\/wp\/v2\/pages\/5989\/revisions"}],"up":[{"embeddable":true,"href":"https:\/\/www.ottawahospital.on.ca\/fr\/wp-json\/wp\/v2\/pages\/4550"}],"wp:attachment":[{"href":"https:\/\/www.ottawahospital.on.ca\/fr\/wp-json\/wp\/v2\/media?parent=5989"}],"curies":[{"name":"wp","href":"https:\/\/api.w.org\/{rel}","templated":true}]}}