{"id":59749,"date":"2021-02-03T11:16:36","date_gmt":"2021-02-03T16:16:36","guid":{"rendered":"https:\/\/www.ottawahospital.on.ca\/?page_id=59749"},"modified":"2023-11-05T15:33:27","modified_gmt":"2023-11-05T20:33:27","slug":"les-partenaires-de-soins-essentiels-pendant-la-covid-19","status":"publish","type":"page","link":"https:\/\/www.ottawahospital.on.ca\/fr\/patients-et-visiteurs\/partenaires-de-soins-essentiels\/les-partenaires-de-soins-essentiels-pendant-la-covid-19\/","title":{"rendered":"les partenaires de soins essentiels pendant la COVID-19"},"content":{"rendered":"<h2>Renseignements importants pour les partenaires de soins essentiels pendant la pand\u00e9mie de la COVID-19<\/h2>\n<p>Les partenaires de soins essentiels doivent prendre des pr\u00e9cautions particuli\u00e8res pendant la pand\u00e9mie de la COVID-19. Si vous \u00eates un nouveau partenaire de soins essentiels, prenez un moment pour lire le <a href=\"https:\/\/www.ottawahospital.on.ca\/fr\/patients-et-visiteurs\/partenaires-de-soins-essentiels\/\" target=\"_blank\" rel=\"noopener noreferrer\">guide \u00e0 l\u2019intention du patient et de sa famille<\/a> avant de poursuivre votre lecture.<\/p>\n<h3>R\u00e9duire le nombre de personnes dans l\u2019h\u00f4pital pour accro\u00eetre la s\u00e9curit\u00e9 de tous<\/h3>\n<p>Pendant une pand\u00e9mie, L\u2019H\u00f4pital d\u2019Ottawa doit limiter le nombre de personnes autoris\u00e9es \u00e0 entrer dans ses installations et la dur\u00e9e de leur pr\u00e9sence. Ces restrictions permettent aux gens \u00e0 l\u2019int\u00e9rieur d\u2019avoir assez de place pour pratiquer la distanciation physique et diminuent le risque de transmission de la COVID\u201119 aux patients, aux partenaires de soins essentiels et aux membres du personnel.<\/p>\n<p>Nous tenons compte de plusieurs facteurs pour d\u00e9terminer le nombre de partenaires de soins essentiels qui peuvent venir \u00e0 l\u2019h\u00f4pital et la dur\u00e9e de leur visite.<\/p>\n<ol>\n<li>Niveau de restriction dans la collectivit\u00e9<\/li>\n<li><a href=\"https:\/\/www.ottawahospital.on.ca\/fr\/patients-et-visiteurs\/visites-a-lhopital\/\" target=\"_blank\" rel=\"noopener noreferrer\">Niveau de restriction des visiteurs \u00e0 l\u2019H\u00f4pital<\/a><\/li>\n<li>Quantit\u00e9 d\u2019\u00e9quipement de protection individuelle (\u00c9PI) disponible<\/li>\n<li>Nombre d\u2019\u00e9closions de la COVID-19 dans la collectivit\u00e9 et <a href=\"https:\/\/www.ottawahospital.on.ca\/fr\/qualite-et-securite\/rendre-compte\/controle-des-grappes-et-des-eclosions-de-cas\/\" target=\"_blank\" rel=\"noopener noreferrer\">\u00e0 l\u2019h\u00f4pital<\/a><\/li>\n<li>Capacit\u00e9 de pratiquer la distanciation physique compte tenu de l\u2019am\u00e9nagement des secteurs et des unit\u00e9s de soins et d\u2019autres parties de l\u2019h\u00f4pital<\/li>\n<li>S\u00e9curit\u00e9 des patients<\/li>\n<li>Autres questions de s\u00e9curit\u00e9<\/li>\n<\/ol>\n<p>Les \u00e9quipes de soins collaborent de fa\u00e7on \u00e9quitable avec les patients, les membres de leur famille et les partenaires de soins essentiels pour autoriser des visites en cas de <a href=\"https:\/\/www.ottawahospital.on.ca\/fr\/patients-et-visiteurs\/visites-a-lhopital\/\" target=\"_blank\" rel=\"noopener noreferrer\">circonstances exceptionnelles<\/a> (ex.\u00a0soins de fin de vie) et pour des motifs de compassion.<\/p>\n<h3>Partenaires de soins essentiels et visiteurs<\/h3>\n<p>Durant la restriction l\u00e9g\u00e8re des visites, les patients peuvent identifier jusqu\u2019\u00e0 2 visiteurs et jusqu\u2019\u00e0 2 partenaires de soins essentiels. Toutefois, un seul visiteur et un seul partenaire de soins essentiels sont autoris\u00e9s par jour et par patient.<\/p>\n<p>Si la taille de la chambre ne permet pas de respecter la distanciation physique, la priorit\u00e9 sera accord\u00e9e au partenaire de soins essentiels.<\/p>\n<h3>Demander un partenaire de soins essentiels pendant la pand\u00e9mie de la COVID\u201119<\/h3>\n<p>Remarque\u00a0: Seul le patient ou son mandataire sp\u00e9cial peut demander un partenaire de soins essentiels.<\/p>\n<ol>\n<li>\u00c0 l\u2019admission (ou avant si possible) d\u2019un patient \u00e0 L\u2019H\u00f4pital d\u2019Ottawa, le patient ou son mandataire sp\u00e9cial informe l\u2019\u00e9quipe de soins du nom de la personne qui sera le partenaire de soins essentiels pendant son hospitalisation.<\/li>\n<li>Le gestionnaire clinique ou son d\u00e9l\u00e9gu\u00e9 \u00e9value attentivement chaque demande de partenaire de soins essentiels. Il pose au patient quelques questions et collabore avec lui et le partenaire potentiel pour adopter le plan le plus s\u00e9curitaire.<\/li>\n<li>Apr\u00e8s l\u2019admission du patient, l\u2019\u00e9quipe de soins ou le commis et le gestionnaire de l\u2019unit\u00e9 enregistre la personne comme un partenaire de soins essentiels.<\/li>\n<\/ol>\n<h3>Utiliser la technologie si possible pour communiquer avec son proche<\/h3>\n<p>Les partenaires de soins essentiels peuvent utiliser des plateformes comme Zoom et Facetime pour offrir un soutien cognitif et \u00e9motionnel \u00e0 leur proche de fa\u00e7on s\u00e9curitaire et efficace. Les partenaires de soins essentiels peuvent discuter avec l\u2019\u00e9quipe de soins de la possibilit\u00e9 de faire une visite virtuelle.<\/p>\n<h3>Jouer un r\u00f4le important pour arr\u00eater la propagation de la COVID-19<\/h3>\n<p>Les partenaires de soins essentiels ne peuvent <strong>pas<\/strong> venir \u00e0 L\u2019H\u00f4pital d\u2019Ottawa s\u2019ils ont (ou ont eu un contact \u00e9troit avec des personnes qui ont)\u00a0:<\/p>\n<ul>\n<li>voyag\u00e9 \u00e0 l\u2019ext\u00e9rieur du Canada au cours des 14\u00a0derniers jours<\/li>\n<li>de la fi\u00e8vre, une toux nouvelle ou qui s\u2019aggrave ou tout autre sympt\u00f4me d\u2019une maladie respiratoire ou d\u2019une autre maladie<\/li>\n<li>obtenu un r\u00e9sultat positif \u00e0 un test de d\u00e9pistage de la COVID-19 ou attendent le r\u00e9sultat d\u2019un test de d\u00e9pistage de la COVID-19.<\/li>\n<\/ul>\n<p>Dans de tels cas, les partenaires de soins essentiels doivent informer le gestionnaire de l\u2019unit\u00e9 ou un autre responsable pour que l\u2019H\u00f4pital puisse faire la recherche des contacts.<\/p>\n<p>Ils doivent aussi\u00a0:<\/p>\n<ul>\n<li>s\u2019auto-\u00e9valuer pour d\u00e9celer les sympt\u00f4mes de la COVID-19 et d\u2019autres maladies la veille ou le matin de chaque visite<\/li>\n<li>r\u00e9pondre aux questions de d\u00e9pistage des sympt\u00f4mes de la COVID-19 ou d\u2019autres maladies pos\u00e9es par le personnel \u00e0 l\u2019entr\u00e9e de l\u2019h\u00f4pital<\/li>\n<li>accepter de respecter l\u2019ensemble des pratiques de pr\u00e9vention et de contr\u00f4le des infections de l\u2019H\u00f4pital, dont les suivantes\u00a0:\n<ul>\n<li>suivre la <a href=\"https:\/\/www.ottawahospital.on.ca\/fr\/patients-et-visiteurs\/partenaires-de-soins-essentiels\/formation-en-ligne-des-partenaires-de-soins-essentiels\/\" target=\"_blank\" rel=\"noopener noreferrer\">formation en ligne sur ces pratiques<\/a> (s\u2019il existe un obstacle \u00e0 la formation en ligne, demander la formation en format papier ou une formation de vive voix d\u2019un membre du\u00a0personnel)<\/li>\n<li>se laver souvent les mains de la fa\u00e7on enseign\u00e9e<\/li>\n<li>rester au chevet du patient et ne pas se rendre dans d\u2019autres secteurs de l\u2019h\u00f4pital<\/li>\n<li>demander au personnel la bonne fa\u00e7on de d\u00e9sinfecter les t\u00e9l\u00e9phones, les tablettes et les articles essentiels apport\u00e9s dans l\u2019unit\u00e9<\/li>\n<li>porter correctement un masque<\/li>\n<li>suivre les directives de l\u2019\u00e9quipe de soins et du personnel de l\u2019unit\u00e9<\/li>\n<li>accepter les renseignements et les conseils de l\u2019\u00e9quipe de soins<\/li>\n<li>suivre les <a href=\"https:\/\/www.santepubliqueottawa.ca\/fr\/public-health-topics\/novel-coronavirus.aspx#statements\" target=\"_blank\" rel=\"noopener noreferrer\">directives des autorit\u00e9s de sant\u00e9 publique<\/a> dans la collectivit\u00e9, notamment limiter les contacts, porter un masque et pratiquer la distanciation physique.<\/li>\n<\/ul>\n<\/li>\n<\/ul>\n<h3>Rendre les visites en personne aussi s\u00e9curitaires que possible<\/h3>\n<p>Les partenaires de soins essentiels qui viennent \u00e0 l\u2019h\u00f4pital devraient\u00a0:<\/p>\n<ol>\n<li>planifier avec soin chaque visite en pensant toujours \u00e0 la s\u00e9curit\u00e9<\/li>\n<li>revoir la <a href=\"https:\/\/www.ottawahospital.on.ca\/fr\/patients-et-visiteurs\/partenaires-de-soins-essentiels\/formation-en-ligne-des-partenaires-de-soins-essentiels\/\" target=\"_blank\" rel=\"noopener noreferrer\">formation en ligne sur les pratiques de pr\u00e9vention et de contr\u00f4le des infections<\/a> avant de se rendre \u00e0 l\u2019h\u00f4pital<\/li>\n<li>faire de multiples t\u00e2ches en une seule visite.<\/li>\n<\/ol>\n<h3>En cas d\u2019\u00e9closion de la COVID-19 dans la collectivit\u00e9 ou l\u2019h\u00f4pital<\/h3>\n<p>Le personnel de l\u2019H\u00f4pital avisera les partenaires de soins essentiels des changements \u00e0 effectuer pour assurer la s\u00e9curit\u00e9 de tous. Il pourra leur demander de venir moins souvent ou de raccourcir la dur\u00e9e des visites. Dans certains cas, les visites pourraient \u00eatre impossibles.<\/p>\n<p>Le pr\u00e9sent document vise \u00e0 soutenir les partenaires de soins essentiels pendant la pand\u00e9mie.<\/p>\n<p>Nous vous remercions de nous aider \u00e0 assurer la s\u00e9curit\u00e9 de tous.<\/p>\n<h3>Ressources<\/h3>\n<ul>\n<li>Infection Prevention and Control for Caregivers and Families(Formation en anglais sur la pr\u00e9vention et le contr\u00f4le des infections, offerte par l\u2019Universit\u00e9 McMaster.)<\/li>\n<li><a href=\"https:\/\/ontariocaregiver.ca\/fr\/\" target=\"_blank\" rel=\"noopener noreferrer\" data-auth=\"NotApplicable\">Organisme de soutien aux aidants naturels de l\u2019Ontario<\/a><\/li>\n<\/ul>\n","protected":false},"excerpt":{"rendered":"<p>Renseignements importants pour les partenaires de soins essentiels pendant la pand\u00e9mie de la COVID-19 Les partenaires de soins essentiels doivent prendre des pr\u00e9cautions particuli\u00e8res pendant la pand\u00e9mie de la COVID-19. Si vous \u00eates un nouveau partenaire de soins essentiels, prenez un moment pour lire le guide \u00e0 l\u2019intention du patient et de sa famille avant [&hellip;]<\/p>\n","protected":false},"author":25,"featured_media":0,"parent":57628,"menu_order":1,"comment_status":"closed","ping_status":"closed","template":"","meta":{"_acf_changed":false,"_mc_calendar":[],"footnotes":""},"class_list":["post-59749","page","type-page","status-publish","hentry"],"acf":[],"wps_subtitle":"","_links":{"self":[{"href":"https:\/\/www.ottawahospital.on.ca\/fr\/wp-json\/wp\/v2\/pages\/59749","targetHints":{"allow":["GET"]}}],"collection":[{"href":"https:\/\/www.ottawahospital.on.ca\/fr\/wp-json\/wp\/v2\/pages"}],"about":[{"href":"https:\/\/www.ottawahospital.on.ca\/fr\/wp-json\/wp\/v2\/types\/page"}],"author":[{"embeddable":true,"href":"https:\/\/www.ottawahospital.on.ca\/fr\/wp-json\/wp\/v2\/users\/25"}],"replies":[{"embeddable":true,"href":"https:\/\/www.ottawahospital.on.ca\/fr\/wp-json\/wp\/v2\/comments?post=59749"}],"version-history":[{"count":0,"href":"https:\/\/www.ottawahospital.on.ca\/fr\/wp-json\/wp\/v2\/pages\/59749\/revisions"}],"up":[{"embeddable":true,"href":"https:\/\/www.ottawahospital.on.ca\/fr\/wp-json\/wp\/v2\/pages\/57628"}],"wp:attachment":[{"href":"https:\/\/www.ottawahospital.on.ca\/fr\/wp-json\/wp\/v2\/media?parent=59749"}],"curies":[{"name":"wp","href":"https:\/\/api.w.org\/{rel}","templated":true}]}}