{"id":5952,"date":"2016-11-09T15:05:42","date_gmt":"2016-11-09T20:05:42","guid":{"rendered":"http:\/\/52.229.122.34\/fr\/?page_id=5952"},"modified":"2024-07-03T15:02:25","modified_gmt":"2024-07-03T19:02:25","slug":"poste-de-direction","status":"publish","type":"page","link":"https:\/\/www.ottawahospital.on.ca\/fr\/possibilites-de-carriere\/poste-de-direction\/","title":{"rendered":"Poste de direction"},"content":{"rendered":"<div class=\"wp-block-image is-style-default\">\n<figure class=\"aligncenter size-full is-resized\"><img decoding=\"async\" width=\"914\" height=\"650\" src=\"https:\/\/www.ottawahospital.on.ca\/wp-content\/uploads\/2023\/01\/Ignite-Illustration.jpg\" alt=\"\" class=\"wp-image-75201\" style=\"width:686px;height:488px\" srcset=\"https:\/\/www.ottawahospital.on.ca\/wp-content\/uploads\/2023\/01\/Ignite-Illustration.jpg 914w, https:\/\/www.ottawahospital.on.ca\/wp-content\/uploads\/2023\/01\/Ignite-Illustration-600x427.jpg 600w, https:\/\/www.ottawahospital.on.ca\/wp-content\/uploads\/2023\/01\/Ignite-Illustration-300x213.jpg 300w, https:\/\/www.ottawahospital.on.ca\/wp-content\/uploads\/2023\/01\/Ignite-Illustration-768x546.jpg 768w\" sizes=\"(max-width: 914px) 100vw, 914px\" \/><\/figure>\n<\/div>\n\n\n<div class=\"wp-block-group alignfull has-text-color has-background\" style=\"color:#000000;background-color:#ffffff\"><div class=\"wp-block-group__inner-container is-layout-flow wp-block-group-is-layout-flow\">\n<div style=\"height:45px\" aria-hidden=\"true\" class=\"wp-block-spacer\"><\/div>\n\n\n\n<p class=\"has-text-align-center has-text-color\" style=\"color:#002776;font-size:35px;line-height:.9\"><p class=\"has-text-align-center has-text-color\" style=\"color:#002776;font-size:2.1875em;line-height:.9\"><strong>Nous optimisons le potentiel de chaque personne<\/strong><\/p><\/p>\n\n\n\n<h2 class=\"wp-block-heading has-text-align-center has-text-color\" id=\"schedule-a-visit\" style=\"color:#295d90;font-size:40px;line-height:1.15\">Int\u00e9grez notre \u00e9quipe et influencez positivement les employ\u00e9s, les patients et la collectivit\u00e9.<\/h2>\n\n\n\n<div class=\"wp-block-buttons is-horizontal is-content-justification-center is-layout-flex wp-container-core-buttons-is-layout-499968f5 wp-block-buttons-is-layout-flex\">\n<div class=\"wp-block-button has-custom-width wp-block-button__width-50 has-custom-font-size\" style=\"font-size:25px\"><a class=\"wp-block-button__link has-text-color has-background wp-element-button\" href=\"https:\/\/jobposting.ottawahospital.on.ca\/psc\/jobposting\/EMPLOYEE\/HRMS\/c\/HRS_HRAM_FL.HRS_CG_SEARCH_FL.GBL?Page=HRS_APP_SCHJOB_FL&amp;Action=U&amp;FOCUS=Applicant&amp;SiteId=2\" style=\"border-radius:0px;color:#ffffff;background-color:#295d90\" target=\"_blank\" rel=\"noreferrer noopener\"><strong>Possibilit\u00e9s de carri\u00e8re<\/strong><\/a><\/div>\n<\/div>\n\n\n\n<div style=\"height:45px\" aria-hidden=\"true\" class=\"wp-block-spacer\"><\/div>\n<\/div><\/div>\n\n\n\n<h2 class=\"wp-block-heading\">Notre engagement en mati\u00e8re de leadership<\/h2>\n\n\n\n<p>Nous sommes engag\u00e9s \u00e0 favoriser un milieu de travail qui inspire la fiert\u00e9, l\u2019ambition et l\u2019\u00e9panouissement. L\u2019engagement de L\u2019H\u00f4pital d\u2019Ottawa en mati\u00e8re de leadership consiste en cinq principaux \u00e9nonc\u00e9s que tous les leaders doivent incorporer dans leur r\u00f4le afin de contribuer \u00e0 r\u00e9aliser la vision de l\u2019H\u00f4pital.<\/p>\n\n\n\n<ul class=\"wp-block-list\">\n<li>Je <strong>prendrai soin de moi<\/strong>&nbsp;pour \u00eatre la meilleure version de moi-m\u00eame au travail\u200b.<\/li>\n\n\n\n<li>Je <strong>prendrai soin des autres<\/strong>&nbsp;et je les aiderai \u00e0 s\u2019\u00e9panouir\u200b.<\/li>\n\n\n\n<li>Je <strong>chercherai \u00e0 m\u2019am\u00e9liorer continuellement.<\/strong>\u200b<\/li>\n\n\n\n<li>J&rsquo;<strong>aurai le courage<\/strong>&nbsp;de changer ce qu\u2019il faut\u200b changer.<\/li>\n\n\n\n<li>Je <strong>collaborerai&nbsp;<\/strong>activement \u00e0 L\u2019H\u00f4pital d\u2019Ottawa pour faire avancer les choses\u200b.<\/li>\n\n\n\n<li>Je rechercherai des <strong>occasions de tisser des liens et de r\u00e9seauter.<\/strong><\/li>\n<\/ul>\n\n\n\n<p>En adh\u00e9rant \u00e0 l\u2019engagement de L\u2019H\u00f4pital d\u2019Ottawa en mati\u00e8re de leadership, nous aidons les autres \u00e0 avoir une influence positive sur les employ\u00e9s, les patients et la collectivit\u00e9.<\/p>\n\n\n\n<p>\u00c0 L\u2019H\u00f4pital d\u2019Ottawa, le leadership efficace se r\u00e9percute au chevet du patient<\/p>\n\n\n\n<p>Par leur engagement aupr\u00e8s de leur \u00e9quipe, nos leaders influencent la vision de chaque employ\u00e9 sur son r\u00f4le et favorisent notre culture organisationnelle fond\u00e9e sur des valeurs qui est un gage de confiance pour les employ\u00e9s, les patients et leur famille.<\/p>\n\n\n\n<p><strong>Nos leaders \u00e0 L\u2019H\u00f4pital d\u2019Ottawa :<\/strong><\/p>\n\n\n\n<ul class=\"wp-block-list\">\n<li>Ils se d\u00e9vouent \u00e0 l\u2019engagement et \u00e0 la s\u00e9curit\u00e9 du personnel.<\/li>\n\n\n\n<li>Ils croient en l\u2019effet b\u00e9n\u00e9fique de l\u2019engagement du personnel sur nos patients et leur famille.<\/li>\n\n\n\n<li>En connectant les gens \u00e0 leur vocation, les leaders influencent la culture organisationnelle.<\/li>\n\n\n\n<li>Ils sont d\u00e9termin\u00e9s \u00e0 offrir d\u2019excellents soins et services centr\u00e9s sur le patient.<\/li>\n\n\n\n<li>Ils collaborent avec leur \u00e9quipe pour devenir des leaders en mati\u00e8re de qualit\u00e9 et de s\u00e9curit\u00e9 des soins.<\/li>\n\n\n\n<li>Ils consolider les effectifs dans un environnement s\u00e9curitaire et respectueux.<\/li>\n<\/ul>\n\n\n\n<h2 class=\"wp-block-heading\">Poste de direction de L&rsquo;H\u00f4pital d&rsquo;Ottawa<\/h2>\n","protected":false},"excerpt":{"rendered":"<p>Nous optimisons le potentiel de chaque personne Int\u00e9grez notre \u00e9quipe et influencez positivement les employ\u00e9s, les patients et la collectivit\u00e9. Notre engagement en mati\u00e8re de leadership Nous sommes engag\u00e9s \u00e0 favoriser un milieu de travail qui inspire la fiert\u00e9, l\u2019ambition et l\u2019\u00e9panouissement. L\u2019engagement de L\u2019H\u00f4pital d\u2019Ottawa en mati\u00e8re de leadership consiste en cinq principaux \u00e9nonc\u00e9s [&hellip;]<\/p>\n","protected":false},"author":25,"featured_media":0,"parent":77122,"menu_order":3,"comment_status":"closed","ping_status":"closed","template":"","meta":{"_acf_changed":false,"_mc_calendar":[],"footnotes":""},"class_list":["post-5952","page","type-page","status-publish","hentry"],"acf":[],"wps_subtitle":"","_links":{"self":[{"href":"https:\/\/www.ottawahospital.on.ca\/fr\/wp-json\/wp\/v2\/pages\/5952","targetHints":{"allow":["GET"]}}],"collection":[{"href":"https:\/\/www.ottawahospital.on.ca\/fr\/wp-json\/wp\/v2\/pages"}],"about":[{"href":"https:\/\/www.ottawahospital.on.ca\/fr\/wp-json\/wp\/v2\/types\/page"}],"author":[{"embeddable":true,"href":"https:\/\/www.ottawahospital.on.ca\/fr\/wp-json\/wp\/v2\/users\/25"}],"replies":[{"embeddable":true,"href":"https:\/\/www.ottawahospital.on.ca\/fr\/wp-json\/wp\/v2\/comments?post=5952"}],"version-history":[{"count":0,"href":"https:\/\/www.ottawahospital.on.ca\/fr\/wp-json\/wp\/v2\/pages\/5952\/revisions"}],"up":[{"embeddable":true,"href":"https:\/\/www.ottawahospital.on.ca\/fr\/wp-json\/wp\/v2\/pages\/77122"}],"wp:attachment":[{"href":"https:\/\/www.ottawahospital.on.ca\/fr\/wp-json\/wp\/v2\/media?parent=5952"}],"curies":[{"name":"wp","href":"https:\/\/api.w.org\/{rel}","templated":true}]}}