{"id":5917,"date":"2016-11-09T14:33:50","date_gmt":"2016-11-09T19:33:50","guid":{"rendered":"http:\/\/52.229.122.34\/fr\/?page_id=5917"},"modified":"2016-11-09T14:33:50","modified_gmt":"2016-11-09T19:33:50","slug":"centre-de-competences-et-de-simulation-de-luniversite-dottawa","status":"publish","type":"page","link":"https:\/\/www.ottawahospital.on.ca\/fr\/education-learning\/centre-de-competences-et-de-simulation-de-luniversite-dottawa\/","title":{"rendered":"Centre de comp\u00e9tences et de simulation de l&rsquo;Universit\u00e9 d&rsquo;Ottawa"},"content":{"rendered":"<p>Le Centre de comp\u00e9tences et de simulation de l&rsquo;Universit\u00e9 d&rsquo;Ottawa est le fruit d&rsquo;un partenariat entre L&rsquo;H\u00f4pital d&rsquo;Ottawa et l&rsquo;Universit\u00e9 d&rsquo;Ottawa. Il permettra d&rsquo;accro\u00eetre la s\u00e9curit\u00e9 des patients, car les professionnels de la sant\u00e9 auront davantage de possibilit\u00e9s de formation et nous y r\u00e9aliserons des projets de recherche novateurs pour orienter les pratiques exemplaires cliniques.<\/p>\n<p>&nbsp;<\/p>\n<p>Dans le domaine de l\u2019aviation, les instructeurs utilisent des simulateurs de vol pour former les pilotes. Nous faisons de m\u00eame ici. Les professionnels de la sant\u00e9 utilisent des simulateurs de patients pour acqu\u00e9rir une formation pratique et de l\u2019exp\u00e9rience sur la meilleure fa\u00e7on de traiter les patients. Les stagiaires utilisent une vaste gamme d\u2019outils \u00e9ducatifs et de recherche pendant les simulations, notamment des simulateurs en plastique anatomiquement r\u00e9alistes et des mannequins complets qui simulent le pouls, la fr\u00e9quence cardiaque, la respiration et la parole et qui r\u00e9agissent avec pr\u00e9cision aux m\u00e9dicaments, aux fluides administr\u00e9s et aux compressions thoraciques. Ces mannequins dirig\u00e9s par ordinateurs permettent ainsi de reproduire les soins prodigu\u00e9s aux patients dans une unit\u00e9 d\u2019hospitalisation, une urgence, une unit\u00e9 de soins intensifs et une salle d\u2019op\u00e9ration.<\/p>\n<p>&nbsp;<\/p>\n<p>L\u2019H\u00f4pital d\u2019Ottawa prodigue des soins de calibre mondial tous les jours \u00e0 ses patients en collaboration avec l\u2019Universit\u00e9 d\u2019Ottawa. Ensemble, ces deux organismes veillent \u00e0 maintenir des normes de s\u00e9curit\u00e9 \u00e9lev\u00e9es pour les soins aux patients en formant les professionnels de la sant\u00e9 comme les m\u00e9decins et les infirmi\u00e8res et en r\u00e9alisant des projets de recherche.<\/p>\n<p>&nbsp;<\/p>\n<p>Pour en savoir plus sur le Centre de comp\u00e9tences et de simulation de l&rsquo;Universit\u00e9 d&rsquo;Ottawa, consultez leur site Web \u00e0 l\u2019adresse <a href=\"https:\/\/uossc.ca\/fr\/\" target=\"_blank\">https:\/\/uossc.ca\/fr<\/a>.<\/p>\n","protected":false},"excerpt":{"rendered":"<p>Le Centre de comp\u00e9tences et de simulation de l&rsquo;Universit\u00e9 d&rsquo;Ottawa est le fruit d&rsquo;un partenariat entre L&rsquo;H\u00f4pital d&rsquo;Ottawa et l&rsquo;Universit\u00e9 d&rsquo;Ottawa. Il permettra d&rsquo;accro\u00eetre la s\u00e9curit\u00e9 des patients, car les professionnels de la sant\u00e9 auront davantage de possibilit\u00e9s de formation et nous y r\u00e9aliserons des projets de recherche novateurs pour orienter les pratiques exemplaires cliniques. [&hellip;]<\/p>\n","protected":false},"author":25,"featured_media":0,"parent":61,"menu_order":5,"comment_status":"closed","ping_status":"closed","template":"","meta":{"_acf_changed":false,"_mc_calendar":[],"footnotes":""},"class_list":["post-5917","page","type-page","status-publish","hentry"],"acf":[],"wps_subtitle":"","_links":{"self":[{"href":"https:\/\/www.ottawahospital.on.ca\/fr\/wp-json\/wp\/v2\/pages\/5917","targetHints":{"allow":["GET"]}}],"collection":[{"href":"https:\/\/www.ottawahospital.on.ca\/fr\/wp-json\/wp\/v2\/pages"}],"about":[{"href":"https:\/\/www.ottawahospital.on.ca\/fr\/wp-json\/wp\/v2\/types\/page"}],"author":[{"embeddable":true,"href":"https:\/\/www.ottawahospital.on.ca\/fr\/wp-json\/wp\/v2\/users\/25"}],"replies":[{"embeddable":true,"href":"https:\/\/www.ottawahospital.on.ca\/fr\/wp-json\/wp\/v2\/comments?post=5917"}],"version-history":[{"count":0,"href":"https:\/\/www.ottawahospital.on.ca\/fr\/wp-json\/wp\/v2\/pages\/5917\/revisions"}],"up":[{"embeddable":true,"href":"https:\/\/www.ottawahospital.on.ca\/fr\/wp-json\/wp\/v2\/pages\/61"}],"wp:attachment":[{"href":"https:\/\/www.ottawahospital.on.ca\/fr\/wp-json\/wp\/v2\/media?parent=5917"}],"curies":[{"name":"wp","href":"https:\/\/api.w.org\/{rel}","templated":true}]}}