{"id":5901,"date":"2016-11-09T14:27:21","date_gmt":"2016-11-09T19:27:21","guid":{"rendered":"http:\/\/52.229.122.34\/fr\/?page_id=5901"},"modified":"2025-10-20T13:23:47","modified_gmt":"2025-10-20T17:23:47","slug":"partenaires-denseignement","status":"publish","type":"page","link":"https:\/\/www.ottawahospital.on.ca\/fr\/education-learning\/partenaires-denseignement\/","title":{"rendered":"Partenaires d&rsquo;enseignement"},"content":{"rendered":"<p>De concert avec nos partenaires, l&rsquo;Institut de recherche de l\u2019H\u00f4pital d\u2019Ottawa, l\u2019Universit\u00e9 d\u2019Ottawa, La Cit\u00e9 coll\u00e9giale et le Coll\u00e8ge Algonquin, nous avons acquis une renomm\u00e9e \u00e0 l&rsquo;\u00e9chelle nationale pour les soins que nous prodiguons aux patients, la formation et la recherche. L\u2019H\u00f4pital d\u2019Ottawa offre des possibilit\u00e9s de formation exceptionnelles aux \u00e9tudiants de premier et de deuxi\u00e8me cycles et aux boursiers postdoctoraux.<\/p>\n<h2>Au sujet de l\u2019Institut de recherche de l\u2019H\u00f4pital d\u2019Ottawa<\/h2>\n<p>L\u2019Institut de recherche de l\u2019H\u00f4pital d\u2019Ottawa (IRHO) est l\u2019\u00e9tablissement de recherche de L\u2019H\u00f4pital d\u2019Ottawa. Affili\u00e9 \u00e0 l\u2019Universit\u00e9 d\u2019Ottawa, il entretient des liens \u00e9troits avec ses facult\u00e9s de m\u00e9decine et des sciences de la sant\u00e9. Regroupant plus de 1 500 scientifiques, chercheurs cliniciens, \u00e9tudiants dipl\u00f4m\u00e9s, stagiaires postdoctoraux et employ\u00e9s de soutien, l\u2019IRHO se consacre \u00e0 la recherche pour am\u00e9liorer la compr\u00e9hension, la pr\u00e9vention, le diagnostic et le traitement des maladies.<\/p>\n<p><a href=\"https:\/\/www.irho.ca\/\" target=\"_blank\" rel=\"noopener\">www.irho.ca<\/a><\/p>\n<h2>Au sujet de l\u2019Universit\u00e9 d\u2019Ottawa<\/h2>\n<p>L\u2019Universit\u00e9 d\u2019Ottawa est l\u2019une des 10 plus importantes universit\u00e9s canadiennes sur le plan de la recherche. Chaque ann\u00e9e, elle accueille 5 300 \u00e9tudiants des cycles sup\u00e9rieurs. Avec leurs recherches, les \u00e9tudiants apportent une importante contribution \u00e0 des d\u00e9couvertes, \u00e0 des innovations et \u00e0 la prosp\u00e9rit\u00e9 dans divers domaines. La formation des dirigeants de demain est au c\u0153ur de la mission de l\u2019Universit\u00e9 d\u2019Ottawa.<\/p>\n<p>Sa facult\u00e9 de m\u00e9decine est la seule facult\u00e9 de m\u00e9decine en Am\u00e9rique du Nord o\u00f9 l&rsquo;on enseigne en fran\u00e7ais et en anglais. La facult\u00e9 de m\u00e9decine de l\u2019Universit\u00e9 d\u2019Ottawa compte sept instituts de recherche, tous en partenariat avec 23 h\u00f4pitaux universitaires et instituts affili\u00e9s. Elle est l\u2019h\u00f4te du R\u00e9seau des cellules souches et du R\u00e9seau canadien contre les accidents c\u00e9r\u00e9brovasculaires. Enfin, elle a \u00e9t\u00e9 la premi\u00e8re facult\u00e9 de m\u00e9decine au Canada \u00e0 faire un usage important des technologies en classe, ce qui lui a attir\u00e9 une reconnaissance internationale.<\/p>\n<p><a title=\"l'Universit\u00e9 d'Ottawa\" href=\"https:\/\/www.uottawa.ca\/fr\/\" target=\"_blank\" rel=\"noopener\">www.uOttawa.ca<\/a>, <a href=\"http:\/\/www.medecine.uottawa.ca\/fra\/\">Facult\u00e9 de m\u00e9decine<\/a><\/p>\n<h2>Au sujet de La Cit\u00e9 coll\u00e9giale<\/h2>\n<p>La Cit\u00e9 coll\u00e9giale est le plus grand coll\u00e8ge d\u2019arts appliqu\u00e9s et de technologie de langue fran\u00e7aise en Ontario. Depuis son ouverture en septembre 1990, le Coll\u00e8ge des meilleures pratiques a accueilli plus de 135 000 \u00e9tudiants. En 2010-2011, plus de 90 programmes postsecondaires seront offerts \u00e0 La Cit\u00e9 coll\u00e9giale, dont une cinquantaine qui ne sont propos\u00e9s en fran\u00e7ais nulle part ailleurs en Ontario. Le Coll\u00e8ge offre aussi toute une gamme de programmes en apprentissage dans les secteurs de la construction, des forces motrices et des services, ainsi que dans le grand secteur industriel.<\/p>\n<p><a href=\"https:\/\/www.lacitec.on.ca\" target=\"_blank\" rel=\"noopener\">www.lacitec.on.ca<\/a><\/p>\n<h2>Au sujet du Coll\u00e8ge Algonquin<\/h2>\n<p>Ce coll\u00e8ge des arts appliqu\u00e9s et des technologies, situ\u00e9 dans la capitale nationale et la vall\u00e9e de l\u2019Outaouais, constitue le plus grand coll\u00e8ge dans l\u2019est ontarien. Le Coll\u00e8ge Algonquin est chef de file dans l\u2019int\u00e9gration des technologies \u00e0 l\u2019apprentissage. Sa population diversifi\u00e9e compte approximativement 18 000 \u00e9tudiants \u00e0 temps-plein et plus de 35 000 \u00e9tudiants inscrits \u00e0 temps-partiel dans plus de 170 programmes.<\/p>\n<p><a href=\"https:\/\/www.algonquincollege.com\/\" target=\"_blank\" rel=\"noopener\">www.algonquincollege.com<\/a><\/p>\n","protected":false},"excerpt":{"rendered":"<p>De concert avec nos partenaires, l&rsquo;Institut de recherche de l\u2019H\u00f4pital d\u2019Ottawa, l\u2019Universit\u00e9 d\u2019Ottawa, La Cit\u00e9 coll\u00e9giale et le Coll\u00e8ge Algonquin, nous avons acquis une renomm\u00e9e \u00e0 l&rsquo;\u00e9chelle nationale pour les soins que nous prodiguons aux patients, la formation et la recherche. L\u2019H\u00f4pital d\u2019Ottawa offre des possibilit\u00e9s de formation exceptionnelles aux \u00e9tudiants de premier et de [&hellip;]<\/p>\n","protected":false},"author":25,"featured_media":0,"parent":61,"menu_order":3,"comment_status":"closed","ping_status":"closed","template":"","meta":{"_acf_changed":false,"_mc_calendar":[],"footnotes":""},"class_list":["post-5901","page","type-page","status-publish","hentry"],"acf":[],"wps_subtitle":"","_links":{"self":[{"href":"https:\/\/www.ottawahospital.on.ca\/fr\/wp-json\/wp\/v2\/pages\/5901","targetHints":{"allow":["GET"]}}],"collection":[{"href":"https:\/\/www.ottawahospital.on.ca\/fr\/wp-json\/wp\/v2\/pages"}],"about":[{"href":"https:\/\/www.ottawahospital.on.ca\/fr\/wp-json\/wp\/v2\/types\/page"}],"author":[{"embeddable":true,"href":"https:\/\/www.ottawahospital.on.ca\/fr\/wp-json\/wp\/v2\/users\/25"}],"replies":[{"embeddable":true,"href":"https:\/\/www.ottawahospital.on.ca\/fr\/wp-json\/wp\/v2\/comments?post=5901"}],"version-history":[{"count":0,"href":"https:\/\/www.ottawahospital.on.ca\/fr\/wp-json\/wp\/v2\/pages\/5901\/revisions"}],"up":[{"embeddable":true,"href":"https:\/\/www.ottawahospital.on.ca\/fr\/wp-json\/wp\/v2\/pages\/61"}],"wp:attachment":[{"href":"https:\/\/www.ottawahospital.on.ca\/fr\/wp-json\/wp\/v2\/media?parent=5901"}],"curies":[{"name":"wp","href":"https:\/\/api.w.org\/{rel}","templated":true}]}}