{"id":5896,"date":"2016-11-09T14:24:25","date_gmt":"2016-11-09T19:24:25","guid":{"rendered":"http:\/\/52.229.122.34\/fr\/?page_id=5896"},"modified":"2016-11-16T14:22:02","modified_gmt":"2016-11-16T19:22:02","slug":"nous-joindre","status":"publish","type":"page","link":"https:\/\/www.ottawahospital.on.ca\/fr\/education-learning\/pour-les-professionnels-de-la-sante\/nous-joindre\/","title":{"rendered":"Nous joindre"},"content":{"rendered":"<p><strong>Campus G\u00e9n\u00e9ral<\/strong>, <strong>\u00c9difice principale (M) &#8211; pi\u00e8ce M1404<\/strong><br \/>\n<strong>Heures : <\/strong>Lundi &#8211; vendredi : 8 h 30 \u2013 16 h 30<br \/>\n<strong>T\u00e9l. : <\/strong>613-737-8899, poste 78530<br \/>\n<strong>T\u00e9l\u00e9c. : <\/strong>613-737-8521<br \/>\n<strong>Courriel :<\/strong> <a href=\"mailto:servicesdapprentissage@lho.ca\">servicesdapprentissage@lho.ca<\/a><\/p>\n","protected":false},"excerpt":{"rendered":"<p>Campus G\u00e9n\u00e9ral, \u00c9difice principale (M) &#8211; pi\u00e8ce M1404 Heures : Lundi &#8211; vendredi : 8 h 30 \u2013 16 h 30 T\u00e9l. : 613-737-8899, poste 78530 T\u00e9l\u00e9c. : 613-737-8521 Courriel : servicesdapprentissage@lho.ca<\/p>\n","protected":false},"author":25,"featured_media":0,"parent":5892,"menu_order":1,"comment_status":"closed","ping_status":"closed","template":"","meta":{"_acf_changed":false,"_mc_calendar":[],"footnotes":""},"class_list":["post-5896","page","type-page","status-publish","hentry"],"acf":[],"wps_subtitle":"","_links":{"self":[{"href":"https:\/\/www.ottawahospital.on.ca\/fr\/wp-json\/wp\/v2\/pages\/5896","targetHints":{"allow":["GET"]}}],"collection":[{"href":"https:\/\/www.ottawahospital.on.ca\/fr\/wp-json\/wp\/v2\/pages"}],"about":[{"href":"https:\/\/www.ottawahospital.on.ca\/fr\/wp-json\/wp\/v2\/types\/page"}],"author":[{"embeddable":true,"href":"https:\/\/www.ottawahospital.on.ca\/fr\/wp-json\/wp\/v2\/users\/25"}],"replies":[{"embeddable":true,"href":"https:\/\/www.ottawahospital.on.ca\/fr\/wp-json\/wp\/v2\/comments?post=5896"}],"version-history":[{"count":0,"href":"https:\/\/www.ottawahospital.on.ca\/fr\/wp-json\/wp\/v2\/pages\/5896\/revisions"}],"up":[{"embeddable":true,"href":"https:\/\/www.ottawahospital.on.ca\/fr\/wp-json\/wp\/v2\/pages\/5892"}],"wp:attachment":[{"href":"https:\/\/www.ottawahospital.on.ca\/fr\/wp-json\/wp\/v2\/media?parent=5896"}],"curies":[{"name":"wp","href":"https:\/\/api.w.org\/{rel}","templated":true}]}}