{"id":5892,"date":"2016-11-09T14:23:17","date_gmt":"2016-11-09T19:23:17","guid":{"rendered":"http:\/\/52.229.122.34\/fr\/?page_id=5892"},"modified":"2016-11-16T14:21:56","modified_gmt":"2016-11-16T19:21:56","slug":"pour-les-professionnels-de-la-sante","status":"publish","type":"page","link":"https:\/\/www.ottawahospital.on.ca\/fr\/education-learning\/pour-les-professionnels-de-la-sante\/","title":{"rendered":"Pour les professionnels de la sant\u00e9"},"content":{"rendered":"<p>Voici quelques exemples des nombreux services et ressources offerts\u00a0:<\/p>\n<h2>Recherches documentaires<\/h2>\n<p>Les Services d&rsquo;apprentissage ont acc\u00e8s \u00e0 de nombreuses bases de donn\u00e9es sp\u00e9cialis\u00e9es et peuvent effectuer une recherche documentaire pour vous aider \u00e0 obtenir des articles et de l&rsquo;information sur tout un \u00e9ventail de sujets.<\/p>\n<p>La recherche documentaire est utile pour trouver :<\/p>\n<ul>\n<li>des recherches sur un aspect d&rsquo;une maladie ou d&rsquo;un probl\u00e8me de sant\u00e9<\/li>\n<li>les plus r\u00e9cents renseignements bas\u00e9s sur des donn\u00e9es probantes<\/li>\n<li>des renseignements sur les nouvelles tendances, les politiques et la gestion en mati\u00e8re de soins de sant\u00e9<\/li>\n<li>des statistiques recueillies par des organismes locaux, nationaux et internationaux du secteur de la sant\u00e9.<\/li>\n<\/ul>\n<h2>Articles de revues<\/h2>\n<p>Nous avons acc\u00e8s \u00e0 des milliers de revues sp\u00e9cialis\u00e9es. Si l&rsquo;article que vous cherchez ne se trouve pas dans notre collection, nous le demanderons \u00e0 une autre biblioth\u00e8que.<\/p>\n<p>Il n&rsquo;y a aucune limite au nombre d&rsquo;articles que vous pouvez demander.<\/p>\n<h2>Livres<\/h2>\n<p>Vous pouvez emprunter des livres pendant deux semaines.<\/p>\n<p>Si nous n&rsquo;avons pas le livre dans notre collection et devons le demander \u00e0 une autre biblioth\u00e8que, la dur\u00e9e du pr\u00eat variera selon la politique de pr\u00eat de cette biblioth\u00e8que.<\/p>\n<h2>Diffusion s\u00e9lective de l&rsquo;information (DSI)<\/h2>\n<p>Vous pouvez demandez qu&rsquo;on vous transmette de l&rsquo;information sur un ou plusieurs sujets qui vous int\u00e9ressent. Le biblioth\u00e9caire fera alors une recherche en fonction de vos besoins et relancera cette recherche p\u00e9riodiquement (habituellement une fois par semaine ou par mois). Vous recevrez chaque fois une liste d&rsquo;articles. Vous n&rsquo;aurez qu&rsquo;\u00e0 indiquer au biblioth\u00e9caire ceux que vous aimeriez obtenir et nous vous les enverrons. Ce service vous permet de rester \u00e0 jour dans un domaine d&rsquo;int\u00e9r\u00eat sans perdre du temps \u00e0 faire les recherches vous-m\u00eames.<\/p>\n","protected":false},"excerpt":{"rendered":"<p>Voici quelques exemples des nombreux services et ressources offerts\u00a0: Recherches documentaires Les Services d&rsquo;apprentissage ont acc\u00e8s \u00e0 de nombreuses bases de donn\u00e9es sp\u00e9cialis\u00e9es et peuvent effectuer une recherche documentaire pour vous aider \u00e0 obtenir des articles et de l&rsquo;information sur tout un \u00e9ventail de sujets. La recherche documentaire est utile pour trouver : des recherches [&hellip;]<\/p>\n","protected":false},"author":25,"featured_media":0,"parent":61,"menu_order":2,"comment_status":"closed","ping_status":"closed","template":"","meta":{"_acf_changed":false,"_mc_calendar":[],"footnotes":""},"class_list":["post-5892","page","type-page","status-publish","hentry"],"acf":[],"wps_subtitle":"","_links":{"self":[{"href":"https:\/\/www.ottawahospital.on.ca\/fr\/wp-json\/wp\/v2\/pages\/5892","targetHints":{"allow":["GET"]}}],"collection":[{"href":"https:\/\/www.ottawahospital.on.ca\/fr\/wp-json\/wp\/v2\/pages"}],"about":[{"href":"https:\/\/www.ottawahospital.on.ca\/fr\/wp-json\/wp\/v2\/types\/page"}],"author":[{"embeddable":true,"href":"https:\/\/www.ottawahospital.on.ca\/fr\/wp-json\/wp\/v2\/users\/25"}],"replies":[{"embeddable":true,"href":"https:\/\/www.ottawahospital.on.ca\/fr\/wp-json\/wp\/v2\/comments?post=5892"}],"version-history":[{"count":0,"href":"https:\/\/www.ottawahospital.on.ca\/fr\/wp-json\/wp\/v2\/pages\/5892\/revisions"}],"up":[{"embeddable":true,"href":"https:\/\/www.ottawahospital.on.ca\/fr\/wp-json\/wp\/v2\/pages\/61"}],"wp:attachment":[{"href":"https:\/\/www.ottawahospital.on.ca\/fr\/wp-json\/wp\/v2\/media?parent=5892"}],"curies":[{"name":"wp","href":"https:\/\/api.w.org\/{rel}","templated":true}]}}