{"id":5877,"date":"2016-11-09T13:58:15","date_gmt":"2016-11-09T18:58:15","guid":{"rendered":"http:\/\/52.229.122.34\/fr\/?page_id=5877"},"modified":"2016-11-09T13:58:15","modified_gmt":"2016-11-09T18:58:15","slug":"a-propos-de-lequipe-verte","status":"publish","type":"page","link":"https:\/\/www.ottawahospital.on.ca\/fr\/about-us\/environnement\/a-propos-de-lequipe-verte\/","title":{"rendered":"\u00c0 propos de l&rsquo;\u00c9quipe verte"},"content":{"rendered":"<p>L\u2019H\u00f4pital d\u2019Ottawa est un centre hospitalier universitaire avant-gardiste. Nous favorisons l\u2019innovation \u00e9cologique et implantons ann\u00e9e apr\u00e8s ann\u00e9e de nouvelles technologies et initiatives qui r\u00e9duisent l\u2019empreinte environnementale de l\u2019H\u00f4pital et de la collectivit\u00e9.<\/p>\n<p>Depuis le d\u00e9but des ann\u00e9es 1990, des \u00e9conomies d\u00e9coulant d\u2019initiatives environnementales sup\u00e9rieures \u00e0 42 millions de dollars ont \u00e9t\u00e9 r\u00e9alis\u00e9es \u00e0 l\u2019H\u00f4pital, et nous continuons de trouver des strat\u00e9gies novatrices pour r\u00e9duire encore davantage notre empreinte \u00e9cologique. Ainsi, en 2011\u20112012, nous avons investi dans les syst\u00e8mes de refroidissement par air des laboratoires, des signaux de sortie \u00e0 DEL et la mise \u00e0 niveau des compresseurs frigorifiques, permettant de r\u00e9aliser des \u00e9conomies de 120\u00a0000\u00a0$ par une r\u00e9duction de la consommation d\u2019\u00e9lectricit\u00e9 de plus de 150 kW. De plus, nous avons \u00e9largi notre service de recyclage en installant plus de bacs de recyclage \u00e0 l\u2019int\u00e9rieur et \u00e0 l\u2019ext\u00e9rieur, favorisant le r\u00e9acheminement de plus de 66 tonnes m\u00e9triques de d\u00e9chets par ann\u00e9e. Finalement, nous avons instaur\u00e9 un programme de compostage dans nos caf\u00e9t\u00e9rias, permettant de r\u00e9acheminer quelque 68 tonnes m\u00e9triques de d\u00e9chets de cuisine par ann\u00e9e. Vingt pour cent de tous les d\u00e9chets produits \u00e0 l\u2019H\u00f4pital sont donc recycl\u00e9s.<\/p>\n<p>La participation du personnel est essentielle aux initiatives \u00e9cologiques de l\u2019H\u00f4pital. Chaque ann\u00e9e, notre \u00c9quipe verte organise une s\u00e9rie d\u2019activit\u00e9s destin\u00e9es aux employ\u00e9s pour les sensibiliser \u00e0 l\u2019importance de nos programmes environnementaux. Nos programmes ont \u00e9volu\u00e9 au point que de nombreux employ\u00e9s sugg\u00e8rent r\u00e9guli\u00e8rement des id\u00e9es pour r\u00e9duire notre empreinte environnementale, lesquelles sont int\u00e9gr\u00e9es dans nos plans annuels d\u2019immobilisations et de fonctionnement. De plus, par l\u2019entremise de notre Service des achats, nous avons \u00e9tabli des politiques d\u2019approvisionnement \u00e9cologique ainsi qu\u2019une norme de construction durable pour continuer de mettre l\u2019accent sur l\u2019achat de produits \u00e9cologiques.<\/p>\n<p>Nous croyons qu\u2019il existe un lien entre la sant\u00e9 des patients et du personnel et la sant\u00e9 de l\u2019environnement. Et nous avons la responsabilit\u00e9 de faire preuve de leadership \u00e0 ce chapitre. Adopter des pratiques plus durables permettra de conserver davantage de ressources naturelles et d\u2019\u00e9conomiser \u00e0 long terme, en plus d\u2019am\u00e9liorer la sant\u00e9 et la s\u00e9curit\u00e9 de notre environnement. Nous encourageons tous les employ\u00e9s \u00e0 prot\u00e9ger l\u2019environnement au travail et dans leur collectivit\u00e9. Les retomb\u00e9es positives nous aideront \u00e0 offrir \u00e0 chaque patient un service exceptionnel et des soins de calibre mondial.<\/p>\n<div class=\"table-responsive\">\n<table class=\"table\">\n<tbody>\n<tr>\n<td><img decoding=\"async\" class=\"img-responsive\" src=\"\/wp-content\/uploads\/2016\/11\/GreenTeamLogo.jpg\" alt=\"Green Team Logo\" width=\"135\" height=\"76\" \/><\/td>\n<td><img decoding=\"async\" class=\"img-responsive\" src=\"\/wp-content\/uploads\/2016\/11\/ENERGYSTARparticipantlogo.jpg\" alt=\"Energy STAR Participant Logo\" width=\"135\" height=\"76\" \/><\/td>\n<td><img decoding=\"async\" class=\"img-responsive\" src=\"\/wp-content\/uploads\/2016\/11\/HHILogo.png\" alt=\"Healthier Hospitals Initiative\" width=\"135\" height=\"76\" \/><\/td>\n<td><img decoding=\"async\" class=\"img-responsive\" src=\"\/wp-content\/uploads\/2016\/11\/PGHLogo.jpg\" alt=\"Practice Greenhealth\" width=\"135\" height=\"76\" \/><\/td>\n<td><img decoding=\"async\" class=\"img-responsive\" src=\"\/wp-content\/uploads\/2016\/11\/CCGHCLogo.png\" alt=\"Green Health Care\" width=\"134\" height=\"76\" \/><\/td>\n<\/tr>\n<\/tbody>\n<\/table>\n<\/div>\n","protected":false},"excerpt":{"rendered":"<p>L\u2019H\u00f4pital d\u2019Ottawa est un centre hospitalier universitaire avant-gardiste. Nous favorisons l\u2019innovation \u00e9cologique et implantons ann\u00e9e apr\u00e8s ann\u00e9e de nouvelles technologies et initiatives qui r\u00e9duisent l\u2019empreinte environnementale de l\u2019H\u00f4pital et de la collectivit\u00e9. Depuis le d\u00e9but des ann\u00e9es 1990, des \u00e9conomies d\u00e9coulant d\u2019initiatives environnementales sup\u00e9rieures \u00e0 42 millions de dollars ont \u00e9t\u00e9 r\u00e9alis\u00e9es \u00e0 l\u2019H\u00f4pital, et [&hellip;]<\/p>\n","protected":false},"author":25,"featured_media":0,"parent":5216,"menu_order":1,"comment_status":"closed","ping_status":"closed","template":"","meta":{"_acf_changed":false,"_mc_calendar":[],"footnotes":""},"class_list":["post-5877","page","type-page","status-publish","hentry"],"acf":[],"wps_subtitle":"","_links":{"self":[{"href":"https:\/\/www.ottawahospital.on.ca\/fr\/wp-json\/wp\/v2\/pages\/5877","targetHints":{"allow":["GET"]}}],"collection":[{"href":"https:\/\/www.ottawahospital.on.ca\/fr\/wp-json\/wp\/v2\/pages"}],"about":[{"href":"https:\/\/www.ottawahospital.on.ca\/fr\/wp-json\/wp\/v2\/types\/page"}],"author":[{"embeddable":true,"href":"https:\/\/www.ottawahospital.on.ca\/fr\/wp-json\/wp\/v2\/users\/25"}],"replies":[{"embeddable":true,"href":"https:\/\/www.ottawahospital.on.ca\/fr\/wp-json\/wp\/v2\/comments?post=5877"}],"version-history":[{"count":0,"href":"https:\/\/www.ottawahospital.on.ca\/fr\/wp-json\/wp\/v2\/pages\/5877\/revisions"}],"up":[{"embeddable":true,"href":"https:\/\/www.ottawahospital.on.ca\/fr\/wp-json\/wp\/v2\/pages\/5216"}],"wp:attachment":[{"href":"https:\/\/www.ottawahospital.on.ca\/fr\/wp-json\/wp\/v2\/media?parent=5877"}],"curies":[{"name":"wp","href":"https:\/\/api.w.org\/{rel}","templated":true}]}}