{"id":58571,"date":"2020-12-30T14:37:03","date_gmt":"2020-12-30T19:37:03","guid":{"rendered":"https:\/\/www.ottawahospital.on.ca\/?page_id=58571"},"modified":"2024-05-17T14:23:48","modified_gmt":"2024-05-17T18:23:48","slug":"presentez-votre-candidature-des-maintenant","status":"publish","type":"page","link":"https:\/\/www.ottawahospital.on.ca\/fr\/possibilites-de-carriere\/presentez-votre-candidature-des-maintenant\/","title":{"rendered":"Pr\u00e9sentez votre candidature d\u00e8s maintenant!"},"content":{"rendered":"\n<h2 class=\"wp-block-heading\">Affichage des postes<\/h2>\n\n\n\n<p>Pour faire une recherche d\u2019emploi, consulter une offre d\u2019emploi \u00e0 L\u2019H\u00f4pital d\u2019Ottawa ou \u00e0 l\u2019un de ses partenaires ou encore pour soumettre votre candidature, cliquez sur les liens ci-dessous :<\/p>\n\n\n\n<ul class=\"wp-block-list\">\n<li><a href=\"https:\/\/jobposting.ottawahospital.on.ca\/psc\/jobposting\/EMPLOYEE\/HRMS\/c\/HRS_HRAM_FL.HRS_CG_SEARCH_FL.GBL?Page=HRS_APP_SCHJOB_FL&amp;Action=U&amp;FOCUS=Applicant&amp;SiteId=2&amp;languageCD=CFR\" target=\"_blank\" rel=\"noreferrer noopener\">Affichage des postes \u00e0 L\u2019H\u00f4pital d\u2019Ottawa<\/a><\/li>\n\n\n\n<li><a href=\"https:\/\/www.ottawahospital.on.ca\/fr\/career-opportunities\/poste-de-direction\/\">Affichage des postes de direction<\/a><\/li>\n\n\n\n<li><a href=\"https:\/\/jobposting.ottawahospital.on.ca\/psc\/jobposting\/EMPLOYEE\/HRMS\/c\/HRS_HRAM_FL.HRS_CG_SEARCH_FL.GBL?Page=HRS_APP_SCHJOB_FL&amp;Action=U&amp;FOCUS=Applicant&amp;SiteId=4&amp;languageCD=CFR\" target=\"_blank\" rel=\"noreferrer noopener\">Affichage des postes chez les partenaires de L\u2019H\u00f4pital d\u2019Ottawa<\/a><\/li>\n\n\n\n<li><a href=\"https:\/\/www.eorla.ca\/fr\/carrieres\/\">Affichage des postes \u00e0 l\u2019Association des laboratoires r\u00e9gionaux de l\u2019Est de l\u2019Ontario<\/a><\/li>\n\n\n\n<li><a href=\"https:\/\/www.irho.ca\/Careers\/\" target=\"_blank\" rel=\"noreferrer noopener\">Possibilit\u00e9s de carri\u00e8re \u00e0 l\u2019Institut de recherche de l\u2019H\u00f4pital d\u2019Ottawa<\/a><\/li>\n<\/ul>\n\n\n\n<p>Le candidat retenu pour un poste chez un partenaire de L\u2019H\u00f4pital d\u2019Ottawa n\u2019est pas employ\u00e9 par L\u2019H\u00f4pital d\u2019Ottawa. Il est employ\u00e9 par ce partenaire.<\/p>\n\n\n\n<div class=\"wp-block-cover alignfull is-light margintop20\" style=\"min-height:150px;aspect-ratio:unset;\"><span aria-hidden=\"true\" class=\"wp-block-cover__background has-background-dim-100 has-background-dim\" style=\"background-color:#a6be4b\"><\/span><div class=\"wp-block-cover__inner-container is-layout-flow wp-block-cover-is-layout-flow\">\n<div class=\"wp-block-columns alignwide is-layout-flex wp-container-core-columns-is-layout-9d6595d7 wp-block-columns-is-layout-flex\">\n<div class=\"wp-block-column is-vertically-aligned-top is-layout-flow wp-block-column-is-layout-flow\" style=\"flex-basis:100%\">\n<h3 class=\"wp-block-heading has-text-align-center\">Remarque<\/h3>\n\n\n\n<p>Tous les candidats retenus doivent obtenir un rapport de v\u00e9rification du casier judiciaire avant d\u2019\u00eatre embauch\u00e9s. Ils seront inform\u00e9s du type de v\u00e9rification requis pendant le processus d\u2019entrevue.<\/p>\n<\/div>\n<\/div>\n<\/div><\/div>\n\n\n\n<h2 class=\"wp-block-heading\">FAQ sur la candidature<\/h2>\n\n\n\n<p>Veuillez noter que nous ne pouvons pas recevoir de demandes par courriel. Toutes les offres d\u2019emploi sont publi\u00e9es dans la section Carri\u00e8res de notre site et toute candidature doit \u00eatre envoy\u00e9e en ligne. Pour vous faciliter la t\u00e2che, nous avons cr\u00e9\u00e9 une <a href=\"\/fr\/documents\/2021\/04\/applicant-faq-fr-wcag.pdf\/\" target=\"_blank\" rel=\"noreferrer noopener\"><strong>foire aux questions <\/strong><\/a>qui explique comment chercher des affichages de postes, postuler en ligne et faire le suivi d\u2019une candidature.<\/p>\n\n\n\n<p>L\u2019H\u00f4pital d\u2019Ottawa est fier d\u2019\u00eatre accessible \u00e0 toute personne ayant une incapacit\u00e9 qui vient y travailler, y faire du b\u00e9n\u00e9volat ou y recevoir des soins empreints de compassion. L\u2019H\u00f4pital d\u2019Ottawa souscrit au principe d\u2019\u00e9quit\u00e9 en mati\u00e8re d\u2019emploi. Il offre sur demande aux personnes ayant une incapacit\u00e9 des mesures d\u2019adaptation dans le cadre du processus de recrutement et en cours d\u2019emploi au besoin.<\/p>\n\n\n\n<div class=\"wp-block-cover alignfull is-light margintop20 border-blue\" style=\"min-height:200px;aspect-ratio:unset;\"><span aria-hidden=\"true\" class=\"wp-block-cover__background has-white-background-color has-background-dim-100 has-background-dim\"><\/span><div class=\"wp-block-cover__inner-container is-layout-flow wp-block-cover-is-layout-flow\">\n<div class=\"wp-block-columns alignwide is-layout-flex wp-container-core-columns-is-layout-9d6595d7 wp-block-columns-is-layout-flex\">\n<div class=\"wp-block-column is-vertically-aligned-top is-layout-flow wp-block-column-is-layout-flow\" style=\"flex-basis:100%\">\n<h2 class=\"wp-block-heading has-text-align-left has-text-color\" style=\"color:#295d90\">Coordonn\u00e9es des Ressources humaines<\/h2>\n\n\n\n<p>Vous avez des questions ou des commentaires? Vous avez de la difficult\u00e9 \u00e0 pr\u00e9senter une candidature ou \u00e0 trouver davantage de renseignements sur un affichage ou un poste? Communiquez avec les Ressources humaines afin qu\u2019un repr\u00e9sentant vous offre de l\u2019aide.<\/p>\n\n\n\n<hr class=\"wp-block-separator has-alpha-channel-opacity is-style-wide\"\/>\n<\/div>\n<\/div>\n\n\n\n<p>T\u00e9l\u00e9phone&nbsp;: 613-798-5555, poste 16947<br>Courriel&nbsp;: <a href=\"mailto:soutienRH@lho.ca\">soutienRH@lho.ca<\/a><\/p>\n<\/div><\/div>\n\n\n\n<div class=\"wp-block-cover alignfull is-light margintop20\" style=\"min-height:150px;aspect-ratio:unset;\"><span aria-hidden=\"true\" class=\"wp-block-cover__background has-background-dim-100 has-background-dim\" style=\"background-color:#fdb933\"><\/span><div class=\"wp-block-cover__inner-container is-layout-flow wp-block-cover-is-layout-flow\">\n<div class=\"wp-block-columns alignwide is-layout-flex wp-container-core-columns-is-layout-9d6595d7 wp-block-columns-is-layout-flex\">\n<div class=\"wp-block-column is-vertically-aligned-top is-layout-flow wp-block-column-is-layout-flow\" style=\"flex-basis:100%\">\n<h2 class=\"wp-block-heading has-black-color has-text-color\" style=\"font-size:32px\">Avertissement : offres d\u2019emploi frauduleuses<\/h2>\n\n\n\n<p>L\u2019H\u00f4pital d\u2019Ottawa a pris connaissance d\u2019escroqueries dans le domaine du recrutement. Des lettres d\u2019offre d\u2019emploi frauduleuses circulent dans la collectivit\u00e9 et des personnes pr\u00e9tendent repr\u00e9senter L\u2019H\u00f4pital d\u2019Ottawa. Il peut s&rsquo;agir de demandes de paiement ou d&rsquo;informations sur les cartes de cr\u00e9dit, employment letters for positions you did not apply to or interview for, or communication being sent via accounts such as Yahoo, Gmail or Outlook. The Ottawa Hospital is not responsible for any of these fraudulent activities. If you are concerned that you may be targeted, please contact our<strong> Human Resources Department at 613-798-5555 ext. 16947<\/strong> or <a href=\"mailto:HRsupport@toh.ca\">HRsupport@toh.ca<\/a>.<\/p>\n<\/div>\n<\/div>\n<\/div><\/div>\n","protected":false},"excerpt":{"rendered":"<p>Affichage des postes Pour faire une recherche d\u2019emploi, consulter une offre d\u2019emploi \u00e0 L\u2019H\u00f4pital d\u2019Ottawa ou \u00e0 l\u2019un de ses partenaires ou encore pour soumettre votre candidature, cliquez sur les liens ci-dessous : Le candidat retenu pour un poste chez un partenaire de L\u2019H\u00f4pital d\u2019Ottawa n\u2019est pas employ\u00e9 par L\u2019H\u00f4pital d\u2019Ottawa. Il est employ\u00e9 par [&hellip;]<\/p>\n","protected":false},"author":25,"featured_media":0,"parent":77122,"menu_order":0,"comment_status":"closed","ping_status":"closed","template":"","meta":{"_acf_changed":false,"_mc_calendar":[],"footnotes":""},"class_list":["post-58571","page","type-page","status-publish","hentry"],"acf":[],"wps_subtitle":"","_links":{"self":[{"href":"https:\/\/www.ottawahospital.on.ca\/fr\/wp-json\/wp\/v2\/pages\/58571","targetHints":{"allow":["GET"]}}],"collection":[{"href":"https:\/\/www.ottawahospital.on.ca\/fr\/wp-json\/wp\/v2\/pages"}],"about":[{"href":"https:\/\/www.ottawahospital.on.ca\/fr\/wp-json\/wp\/v2\/types\/page"}],"author":[{"embeddable":true,"href":"https:\/\/www.ottawahospital.on.ca\/fr\/wp-json\/wp\/v2\/users\/25"}],"replies":[{"embeddable":true,"href":"https:\/\/www.ottawahospital.on.ca\/fr\/wp-json\/wp\/v2\/comments?post=58571"}],"version-history":[{"count":0,"href":"https:\/\/www.ottawahospital.on.ca\/fr\/wp-json\/wp\/v2\/pages\/58571\/revisions"}],"up":[{"embeddable":true,"href":"https:\/\/www.ottawahospital.on.ca\/fr\/wp-json\/wp\/v2\/pages\/77122"}],"wp:attachment":[{"href":"https:\/\/www.ottawahospital.on.ca\/fr\/wp-json\/wp\/v2\/media?parent=58571"}],"curies":[{"name":"wp","href":"https:\/\/api.w.org\/{rel}","templated":true}]}}