{"id":5856,"date":"2016-11-09T13:40:37","date_gmt":"2016-11-09T18:40:37","guid":{"rendered":"http:\/\/52.229.122.34\/fr\/?page_id=5856"},"modified":"2016-11-09T13:41:01","modified_gmt":"2016-11-09T18:41:01","slug":"collaboration-avec-honeywell","status":"publish","type":"page","link":"https:\/\/www.ottawahospital.on.ca\/fr\/about-us\/environnement\/points-saillants-du-programme\/economie-de-lenergie\/collaboration-avec-honeywell\/","title":{"rendered":"Collaboration avec Honeywell"},"content":{"rendered":"<p>Collaboration avec Honeywell pour prot\u00e9ger l\u2019environnement<\/p>\n<p>\u00c0 L\u2019H\u00f4pital d\u2019Ottawa, notre vision est d\u2019offrir \u00e0 chaque patient des soins de calibre mondial et des services exceptionnels avec une compassion digne des personnes qui nous sont ch\u00e8res. Pour y parvenir, nous avons besoin d\u2019installations en excellent \u00e9tat. C\u2019est pourquoi nous nous sommes engag\u00e9s \u00e0 les am\u00e9liorer continuellement tout en g\u00e9rant les co\u00fbts d\u2019op\u00e9ration avec une rigoureuse efficacit\u00e9. Nous avons d\u2019ailleurs r\u00e9alis\u00e9 plusieurs projets environnementaux, dont un programme de renouvellement de l\u2019\u00e9nergie et des installations \u00e9labor\u00e9 conjointement avec Honeywell.<\/p>\n<p>Le programme a vu le jour en 2004 lorsque nous avons fait \u00e9quipe avec Honeywell pour concevoir un plan de renouvellement des infrastructures \u00e0 long terme afin d\u2019am\u00e9liorer l\u2019efficacit\u00e9 de nos installations tout en r\u00e9duisant nos \u00e9missions dans l\u2019environnement. Des technologies plus \u00e9co\u00e9nerg\u00e9tiques ont remplac\u00e9 les vieux syst\u00e8mes moins efficaces et ainsi r\u00e9duit notre consommation d\u2019\u00e9lectricit\u00e9 et de combustibles, en plus des co\u00fbts connexes. Nous avons modernis\u00e9 nos installations, notamment en ce qui concerne les syst\u00e8mes d\u2019\u00e9clairage, de chauffage, de ventilation et de climatisation, en plus d\u2019am\u00e9liorer les syst\u00e8mes m\u00e9caniques. Nous sommes aussi pass\u00e9s \u00e0 l\u2019immotique (contr\u00f4le automatique des b\u00e2timents) pour optimiser notre gestion de l\u2019\u00e9nergie.<\/p>\n<p>Les r\u00e9sultats sont incroyables!<\/p>\n<ul>\n<li>Services publics\u00a0: 3 M$ de moins par ann\u00e9e (15 M$ jusqu\u2019\u00e0 pr\u00e9sent)<\/li>\n<li>Gaz naturel\u00a0: r\u00e9duction de 40\u00a0%<\/li>\n<li>\u00c9lectricit\u00e9\u00a0: r\u00e9duction de 18\u00a0%<\/li>\n<li>Vapeur\u00a0: r\u00e9duction de 23\u00a0%<\/li>\n<li>Eau\u00a0: r\u00e9duction de 5\u00a0%<\/li>\n<li>\u00c9missions de gaz \u00e0 effet de serre\u00a0: r\u00e9duction de pr\u00e8s de 50\u00a0000 tonnes jusqu\u2019\u00e0 pr\u00e9sent, ce qui \u00e9quivaut \u00e0 retirer plus de 8\u00a0300\u00a0voitures de la circulation<\/li>\n<\/ul>\n<p><\/br><\/p>\n<div class=\"row\">\n<div class=\"col-md-6\"><img decoding=\"async\" class=\"img-responsive\" src=\"\/wp-content\/uploads\/2016\/11\/HoneywellPhoto1.jpg\" alt=\"Honeywell\" width=\"680\" height=\"453\" \/><\/div>\n<div class=\"col-md-6\"><br class=\"visible-mobile\" \/><img decoding=\"async\" class=\"img-responsive\" src=\"\/wp-content\/uploads\/2016\/11\/HoneywellPhoto2.jpg\" alt=\"Honeywell\" width=\"677\" height=\"451\" \/><\/div>\n<\/div>\n<p><\/br><br \/>\nNous poursuivons les efforts pour am\u00e9liorer toujours davantage nos installations, contr\u00f4ler nos co\u00fbts d\u2019op\u00e9ration et concr\u00e9tiser notre vision. Nous avons remplac\u00e9 les dispositifs de chauffage et de refroidissement au Campus Civic. Honeywell a aussi entam\u00e9 la deuxi\u00e8me phase du Programme de renouvellement de l\u2019\u00e9nergie et des installations, qui comprend la mise \u00e0 niveau de diff\u00e9rents \u00e9quipements m\u00e9caniques et l\u2019am\u00e9lioration du syst\u00e8me immotique. Nous esp\u00e9rons r\u00e9duire encore le co\u00fbt des services publics de 4,8 %, soit d\u2019environ 660 000 $ par ann\u00e9e.<\/p>\n<p>En somme, ce programme a des retomb\u00e9es plus que positives pour l\u2019H\u00f4pital et vont au-del\u00e0 des r\u00e9ductions de co\u00fbts. Le programme permet en effet de r\u00e9nover notre infrastructure vieillissante et d\u2019\u00eatre un leader en mati\u00e8re de protection de l\u2019environnement, ce qui nous a d\u2019ailleurs valu divers prix. Comme nous jouons un r\u00f4le de premier plan dans la r\u00e9gion d\u2019Ottawa, nous estimons avoir l\u2019obligation de pr\u00eacher par l\u2019exemple. Un environnement sain est b\u00e9n\u00e9fique pour la sant\u00e9 et le bien-\u00eatre de chacun d\u2019entre nous.<\/p>\n","protected":false},"excerpt":{"rendered":"<p>Collaboration avec Honeywell pour prot\u00e9ger l\u2019environnement \u00c0 L\u2019H\u00f4pital d\u2019Ottawa, notre vision est d\u2019offrir \u00e0 chaque patient des soins de calibre mondial et des services exceptionnels avec une compassion digne des personnes qui nous sont ch\u00e8res. Pour y parvenir, nous avons besoin d\u2019installations en excellent \u00e9tat. C\u2019est pourquoi nous nous sommes engag\u00e9s \u00e0 les am\u00e9liorer continuellement [&hellip;]<\/p>\n","protected":false},"author":25,"featured_media":0,"parent":5810,"menu_order":1,"comment_status":"closed","ping_status":"closed","template":"","meta":{"_acf_changed":false,"_mc_calendar":[],"footnotes":""},"class_list":["post-5856","page","type-page","status-publish","hentry"],"acf":[],"wps_subtitle":"","_links":{"self":[{"href":"https:\/\/www.ottawahospital.on.ca\/fr\/wp-json\/wp\/v2\/pages\/5856","targetHints":{"allow":["GET"]}}],"collection":[{"href":"https:\/\/www.ottawahospital.on.ca\/fr\/wp-json\/wp\/v2\/pages"}],"about":[{"href":"https:\/\/www.ottawahospital.on.ca\/fr\/wp-json\/wp\/v2\/types\/page"}],"author":[{"embeddable":true,"href":"https:\/\/www.ottawahospital.on.ca\/fr\/wp-json\/wp\/v2\/users\/25"}],"replies":[{"embeddable":true,"href":"https:\/\/www.ottawahospital.on.ca\/fr\/wp-json\/wp\/v2\/comments?post=5856"}],"version-history":[{"count":0,"href":"https:\/\/www.ottawahospital.on.ca\/fr\/wp-json\/wp\/v2\/pages\/5856\/revisions"}],"up":[{"embeddable":true,"href":"https:\/\/www.ottawahospital.on.ca\/fr\/wp-json\/wp\/v2\/pages\/5810"}],"wp:attachment":[{"href":"https:\/\/www.ottawahospital.on.ca\/fr\/wp-json\/wp\/v2\/media?parent=5856"}],"curies":[{"name":"wp","href":"https:\/\/api.w.org\/{rel}","templated":true}]}}