{"id":58192,"date":"2020-12-18T14:32:20","date_gmt":"2020-12-18T19:32:20","guid":{"rendered":"https:\/\/www.ottawahospital.on.ca\/?page_id=58192"},"modified":"2020-12-18T14:32:20","modified_gmt":"2020-12-18T19:32:20","slug":"rendez-vous-en-chirurgie","status":"publish","type":"page","link":"https:\/\/www.ottawahospital.on.ca\/fr\/services-cliniques\/deptpgrmcs\/programmes\/clinique-de-gestion-du-poids\/rendez-vous-en-chirurgie\/","title":{"rendered":"Rendez-vous en chirurgie"},"content":{"rendered":"<h2>Aper\u00e7u des rendez-vous<\/h2>\n<p class=\"intro-text1\">Certains changements ont \u00e9t\u00e9 apport\u00e9s au d\u00e9roulement des rendez-vous en raison de la COVID-19. Veuillez communiquer avec la clinique si vous avez des questions.<\/p>\n<div class=\"card\">\n<h3 class=\"card-header h3-mock\">Cours de groupe<\/h3>\n<div class=\"card-body\">\n<p><strong>Portes ouvertes\u00a0:<\/strong> s\u00e9ance de vid\u00e9o<\/p>\n<hr \/>\n<p><strong>Cours\u00a01 avant la chirurgie\u00a0:<\/strong> S\u00e9ance de groupe virtuel de 2 heures, anim\u00e9e par un sp\u00e9cialiste de la psychologie du comportement et une di\u00e9t\u00e9tiste professionnelle.<\/p>\n<hr \/>\n<p><strong>Cours\u00a02 avant la chirurgie\u00a0:<\/strong> S\u00e9ance de groupe virtuel de 2 heures, anim\u00e9e par une di\u00e9t\u00e9tiste professionnelle et une infirmi\u00e8re autoris\u00e9e.<\/p>\n<hr \/>\n<p><strong>Cours postop\u00e9ratoire\u00a0:<\/strong> S\u00e9ance de groupe virtuel\u00a0 d\u2019une heure et demie, anim\u00e9e par une di\u00e9t\u00e9tiste professionnelle et un sp\u00e9cialiste de la psychologie du comportement.<\/p>\n<\/div>\n<\/div>\n<div class=\"card\">\n<h3 class=\"card-header h3-mock\">Rendez-vous avec l\u2019infirmi\u00e8re praticienne<\/h3>\n<div class=\"card-body\">\n<p><strong>\u00c9valuations initiales\u00a0:<\/strong> rendez-vous individuel de 75 minutes. Apportez la liste \u00e0 jour de vos m\u00e9dicaments.<\/p>\n<hr \/>\n<p><strong>\u00c9valuations de suivi\u00a0:<\/strong> rendez-vous individuels de 30 minutes. Apportez la liste \u00e0 jour de vos m\u00e9dicaments.<\/p>\n<\/div>\n<\/div>\n<div class=\"card\">\n<h3 class=\"card-header h3-mock\">Rendez-vous avec la di\u00e9t\u00e9tiste professionnelle<\/h3>\n<div class=\"card-body\">\n<p><strong>\u00c9valuations initiales\u00a0:<\/strong> rendez-vous individuel de 75 minutes. Apportez vos suppl\u00e9ments de vitamines et de min\u00e9raux, le relev\u00e9 de ce que vous avez mang\u00e9 pendant 2 jours et votre guide d\u2019accompagnement sur la chirurgie bariatrique (<em>Guide to Bariatric Surgery<\/em>)<em>.<\/em><\/p>\n<hr \/>\n<p><strong>\u00c9valuations de suivi\u00a0:<\/strong> rendez-vous individuel de 60 minutes. Apportez vos suppl\u00e9ments de vitamines et de min\u00e9raux, le relev\u00e9 de ce que vous avez mang\u00e9 pendant 2 jours et votre guide d\u2019accompagnement sur la chirurgie bariatrique (<em>Guide to Bariatric Surgery<\/em>).<\/p>\n<\/div>\n<\/div>\n<div class=\"card\">\n<h3 class=\"card-header h3-mock\">Rendez-vous avec le sp\u00e9cialiste de la psychologie du comportement et la travailleuse sociale<\/h3>\n<div class=\"card-body\">\n<p><strong>\u00c9valuations initiales\u00a0:<\/strong> rendez-vous individuel de 75 minutes.<\/p>\n<hr \/>\n<p><strong>\u00c9valuations de suivi\u00a0:<\/strong> rendez-vous individuel de 60 minutes.<\/p>\n<\/div>\n<\/div>\n<div class=\"card\">\n<h3 class=\"card-header h3-mock\">Rendez-vous avec le psychologue<\/h3>\n<div class=\"card-body\">\n<p><strong>\u00c9valuations initiales\u00a0:<\/strong> rendez-vous de 120 minutes. Arrivez 60 minutes \u00e0 l\u2019avance pour remplir les documents n\u00e9cessaires.<\/p>\n<hr \/>\n<p><strong>\u00c9valuations initiales\u00a0:<\/strong> rendez-vous individuel de 60 minutes.<\/p>\n<\/div>\n<\/div>\n","protected":false},"excerpt":{"rendered":"<p>Aper\u00e7u des rendez-vous Certains changements ont \u00e9t\u00e9 apport\u00e9s au d\u00e9roulement des rendez-vous en raison de la COVID-19. Veuillez communiquer avec la clinique si vous avez des questions. Cours de groupe Portes ouvertes\u00a0: s\u00e9ance de vid\u00e9o Cours\u00a01 avant la chirurgie\u00a0: S\u00e9ance de groupe virtuel de 2 heures, anim\u00e9e par un sp\u00e9cialiste de la psychologie du comportement [&hellip;]<\/p>\n","protected":false},"author":25,"featured_media":0,"parent":14807,"menu_order":4,"comment_status":"closed","ping_status":"closed","template":"","meta":{"_acf_changed":false,"_mc_calendar":[],"footnotes":""},"class_list":["post-58192","page","type-page","status-publish","hentry"],"acf":[],"wps_subtitle":"","_links":{"self":[{"href":"https:\/\/www.ottawahospital.on.ca\/fr\/wp-json\/wp\/v2\/pages\/58192","targetHints":{"allow":["GET"]}}],"collection":[{"href":"https:\/\/www.ottawahospital.on.ca\/fr\/wp-json\/wp\/v2\/pages"}],"about":[{"href":"https:\/\/www.ottawahospital.on.ca\/fr\/wp-json\/wp\/v2\/types\/page"}],"author":[{"embeddable":true,"href":"https:\/\/www.ottawahospital.on.ca\/fr\/wp-json\/wp\/v2\/users\/25"}],"replies":[{"embeddable":true,"href":"https:\/\/www.ottawahospital.on.ca\/fr\/wp-json\/wp\/v2\/comments?post=58192"}],"version-history":[{"count":0,"href":"https:\/\/www.ottawahospital.on.ca\/fr\/wp-json\/wp\/v2\/pages\/58192\/revisions"}],"up":[{"embeddable":true,"href":"https:\/\/www.ottawahospital.on.ca\/fr\/wp-json\/wp\/v2\/pages\/14807"}],"wp:attachment":[{"href":"https:\/\/www.ottawahospital.on.ca\/fr\/wp-json\/wp\/v2\/media?parent=58192"}],"curies":[{"name":"wp","href":"https:\/\/api.w.org\/{rel}","templated":true}]}}