{"id":58088,"date":"2020-12-16T16:17:02","date_gmt":"2020-12-16T21:17:02","guid":{"rendered":"https:\/\/www.ottawahospital.on.ca\/?page_id=58088"},"modified":"2021-03-12T10:11:24","modified_gmt":"2021-03-12T15:11:24","slug":"pour-les-professionnels-de-la-sante","status":"publish","type":"page","link":"https:\/\/www.ottawahospital.on.ca\/fr\/services-cliniques\/deptpgrmcs\/programmes\/epilepsie\/pour-les-professionnels-de-la-sante\/","title":{"rendered":"Pour les professionnels de la sant\u00e9"},"content":{"rendered":"<h2>Possibilit\u00e9s de formation<\/h2>\n<p>En ce moment, nous offrons une sursp\u00e9cialisation en \u00e9lectroenc\u00e9phalographie. Malheureusement, le poste n\u2019est pas r\u00e9mun\u00e9r\u00e9 pour le moment; une source de revenus externe est donc recommand\u00e9e.<\/p>\n<p>Cette sursp\u00e9cialisation sert \u00e0 acqu\u00e9rir une formation pouss\u00e9e en \u00e9lectroenc\u00e9phalographie, de sorte \u00e0 r\u00e9ussir l\u2019examen d\u2019EEG de la Soci\u00e9t\u00e9 canadienne de neurophysiologie clinique (SCNC) qui a lieu l\u2019ann\u00e9e de la sursp\u00e9cialisation.<\/p>\n<p><strong>Dur\u00e9e\u00a0: <\/strong>six mois.<\/p>\n<p>Il est pr\u00e9vu de lancer une sursp\u00e9cialisation en \u00e9pilepsie \u00e0 la fin de 2021 ou au d\u00e9but de 2022.<\/p>\n<p>Pour de plus amples renseignements, y compris les coordonn\u00e9es, consultez le <a href=\"https:\/\/ottawadom.ca\/for-trainees#https:\/\/ottawadom.ca\/for-trainees\" target=\"_blank\" rel=\"noopener noreferrer\">site Web du D\u00e9partement de m\u00e9decine<\/a> (en anglais) \u00e0 l\u2019onglet \u00ab\u00a0Fellowship Programs (PYG 6+)\u00a0\u00bb, dans la cat\u00e9gorie \u00ab\u00a0Medicine- Neurology- EEG\u00a0\u00bb.<\/p>\n<h2>Activit\u00e9s du Programme d\u2019\u00e9pilepsie<\/h2>\n<p><strong>La clinique accepte les recommandations de patients dans les cas suivants, sans toutefois s\u2019y limiter\u00a0:<\/strong><\/p>\n<ul>\n<li>\u00e9pilepsie pharmacor\u00e9sistante (apr\u00e8s l\u2019\u00e9chec de deux m\u00e9dicaments ou plus)<\/li>\n<li>\u00e9valuation pour chirurgie ou ajustement de stimulateur du nerf vague<\/li>\n<li>\u00e9pilepsie tumorale<\/li>\n<li>femmes atteintes d\u2019\u00e9pilepsie<\/li>\n<li>premi\u00e8re crise (pour patients n\u2019ayant pas consult\u00e9 d\u2019autre neurologue)<\/li>\n<li>diagnostic incertain, c\u2019est-\u00e0-dire qu\u2019il y a un doute apr\u00e8s un examen d\u2019EEG<\/li>\n<\/ul>\n<p><strong>Exclusions<\/strong><\/p>\n<ul>\n<li>Suivi demand\u00e9 \u00e0 une question simple (par exemple, relativement \u00e0 un cas d\u2019\u00e9pilepsie de longue date et bien contr\u00f4l\u00e9).<\/li>\n<li>Les questions de pharmacovigilance th\u00e9rapeutique, par exemple sur l\u2019usage de longue dur\u00e9e du dilantin avec de faibles concentrations, <strong>doivent \u00eatre trait\u00e9es par consultation virtuelle. <\/strong><strong>Ces patients ne seront pas rencontr\u00e9s en personne.<\/strong><\/li>\n<li>La plupart des sympt\u00f4mes neurologiques qui ne sont pas susceptibles d\u2019\u00eatre li\u00e9s \u00e0 la s\u00e9miologie des crises \u00e9pileptiques, \u00e0 une alt\u00e9ration des facult\u00e9s ou \u00e0 des pertes de conscience, comme les tremblements ou les chutes toujours sans diagnostic, les picotements sans pathologie du syst\u00e8me nerveux central ou le vertige (le vertige \u00e9pileptique est tr\u00e8s rare), ou encore les sympt\u00f4mes psychiatriques constants. Bien entendu, <strong>nous acceptons <\/strong>les recommandations de cas de syncope s\u2019apparentant \u00e0 une crise \u00e9pileptique, d\u2019amn\u00e9sie globale transitoire s\u2019apparentant \u00e0 une crise \u00e9pileptique ou de crises psychog\u00e8nes non \u00e9pileptiques (CPNE), par exemple.<\/li>\n<li>Les patients qui n\u2019ont eu aucune crise depuis plus de cinq ans et qui n\u2019ont pas l\u2019intention de se sevrer de leurs m\u00e9dicaments, sauf en cas de pr\u00e9occupations au sujet des effets secondaires du traitement ou de l\u2019interaction du traitement avec un nouveau m\u00e9dicament.<\/li>\n<\/ul>\n<p><strong>Les patients qui r\u00e9pondent \u00e0 un ou \u00e0 plusieurs des crit\u00e8res suivants seront redirig\u00e9s vers leur m\u00e9decin de famille\u00a0:<\/strong><\/p>\n<ul>\n<li>Le patient, qui a d\u00e9j\u00e0 \u00e9t\u00e9 suivi par un neurologue g\u00e9n\u00e9raliste et avait \u00e9t\u00e9 dirig\u00e9 vers le Programme d\u2019\u00e9pilepsie pour le bilan pr\u00e9op\u00e9ratoire, est en r\u00e9mission de ses crises \u00e9pileptiques apr\u00e8s le bilan pr\u00e9op\u00e9ratoire et la chirurgie.<\/li>\n<li>Le patient ne d\u00e9sire pas changer ou ajuster ses m\u00e9dicaments, ni approfondir l\u2019exploration des solutions (par exemple\u00a0: \u00e9valuation en vue d\u2019une chirurgie).<\/li>\n<li>Le patient n\u2019a eu aucune crise depuis plus de 18\u00a0mois.<\/li>\n<\/ul>\n<h2>Recommandations au Programme d\u2019\u00e9pilepsie<\/h2>\n<p>Pour une recommandation urgente, appelez directement le bureau du neurologue.<\/p>\n<p><strong>Remarque importante\u00a0:<\/strong> Seuls les m\u00e9decins peuvent faire des recommandations.<\/p>\n<p>Veuillez envoyer les documents suivants par t\u00e9l\u00e9copieur lorsque vous dirigez un patient vers l\u2019un des neurologues\u00a0:<\/p>\n<ul>\n<li>Lettre de recommandation<\/li>\n<li>Notes cliniques des personnes d\u00e9j\u00e0 consult\u00e9es<\/li>\n<li>R\u00e9sultats d\u2019examens d\u2019imagerie (TDM, IRM)<\/li>\n<li>Tout r\u00e9sultat anormal d\u2019analyse de laboratoire pertinente<\/li>\n<\/ul>\n<p>Notre personnel appellera le patient pour lui donner les renseignements sur le rendez-vous, notamment la date et le lieu, et lui dira quels documents importants apporter.<\/p>\n<p><strong>Recommandations au Programme de premi\u00e8re crise<\/strong>\u00a0\u00e9pileptique: \u00c0 l\u2019heure actuelle, seul le personnel de L\u2019H\u00f4pital d\u2019Ottawa qui a \u00e9valu\u00e9 \u00e0 L\u2019H\u00f4pital des patients ayant eu une premi\u00e8re crise peut faire des recommandations.<\/p>\n<p><strong>Recommandations au Programme d\u2019\u00e9pilepsie pour les femmes<\/strong>: Veuillez remplir ce <a href=\"https:\/\/www.ottawahospital.on.ca\/fr\/documents\/2020\/12\/wwe-referral-form-fr-wcag.pdf\/\" target=\"_blank\" rel=\"noopener noreferrer\">formulaire de recommandation<\/a> et le transmettre \u00e0 notre bureau.<\/p>\n<p style=\"text-align: center;\"><strong>Veuillez envoyer toutes les recommandations par t\u00e9l\u00e9copieur au 613-761-5360 <\/strong><strong>ou au 613-761-4752.<\/strong><\/p>\n<p><strong>\u00a0<\/strong><strong>Consultations virtuelles<\/strong>\u00a0: Vous pouvez nous joindre rapidement par la plateforme de consultation virtuelle du RLISS de Champlain. Nous r\u00e9pondons habituellement dans un d\u00e9lai de 48\u00a0heures.<\/p>\n<p>\u00c9crivez \u00e0 <a href=\"mailto:eConsultSupport@lhinworks.on.ca\">eConsultSupport@lhinworks.on.ca<\/a> pour cr\u00e9er un compte si vous n\u2019en avez pas d\u00e9j\u00e0. Cela vous permettra d\u2019envoyer des recommandations.<\/p>\n<h2>Examens d\u2019\u00e9lectroenc\u00e9phalographie (EEG) \u00e0 L\u2019H\u00f4pital d\u2019Ottawa<\/h2>\n<h3>Comment demander un examen d\u2019EEG r\u00e9gulier pour un patient<\/h3>\n<p>Un m\u00e9decin doit remplir et signer la demande d\u2019examen d\u2019EEG,\u00a0en fournissant des renseignements d\u00e9mographiques et m\u00e9dicaux\u00a0: nom du patient, date de naissance, adresse, num\u00e9ro de carte Sant\u00e9, type d\u2019examen demand\u00e9, m\u00e9dicaments, diagnostic, ant\u00e9c\u00e9dents pertinents et type de renseignements recherch\u00e9s.<\/p>\n<p>Veuillez pr\u00e9ciser si vous souhaitez que nous fassions un examen d\u2019EEG avec privation de sommeil\u00a0ou que nous prenions d\u2019autres mesures d\u2019activation. Il est \u00e0 noter que les places sont limit\u00e9es pour les examens avec privation du sommeil. De plus, si vous souhaitez faire accro\u00eetre la survenue d\u2019anomalies, nous vous encourageons \u00e0 envisager plut\u00f4t la r\u00e9p\u00e9tition d\u2019examens r\u00e9guliers successifs.<\/p>\n<p>Nous effectuons des examens avec privation du sommeil, mais le temps d\u2019attente est plus long.<\/p>\n<p><a href=\"https:\/\/www.ottawahospital.on.ca\/fr\/documents\/2020\/12\/emu-requisition-from-external-physician_fr-wcag.pdf\/\" target=\"_blank\" rel=\"noopener noreferrer\">Cliquez pour t\u00e9l\u00e9charger un formulaire de demande.<\/a><\/p>\n<h3>Comment demander un examen d\u2019EEG par vid\u00e9o de 4\u00a0heures en soins ambulatoires<\/h3>\n<p>Les examens d\u2019EEG en soins ambulatoires sont effectu\u00e9s au Campus Civic. Avant de prescrire cet examen, il faut avoir demand\u00e9 un examen d\u2019EEG et obtenu un rapport. Si aucun examen d\u2019EEG n\u2019a \u00e9t\u00e9 fait dans les six mois pr\u00e9c\u00e9dant la demande, le m\u00e9decin traitant doit le faire faire avant celui en soins ambulatoires.<\/p>\n<p>Veuillez envoyer au service d\u2019EEG des copies des r\u00e9sultats des examens d\u2019EEG ant\u00e9rieurs qui ont \u00e9t\u00e9 effectu\u00e9s ailleurs, avec la demande remplie.<\/p>\n<p>Si le patient n\u2019est pas en mesure d\u2019appuyer sur le bouton d\u2019avertissement de crise ou n\u2019a pas conscience de ses crises, un adulte responsable peut \u00eatre autoris\u00e9 \u00e0 l\u2019accompagner afin de tenir le journal et d\u2019appuyer sur le bouton. Le patient peut demander une exemption au commis au moment de prendre le rendez-vous. La personne admise doit \u00eatre disponible pendant la pr\u00e9paration de l\u2019examen et pendant toute la dur\u00e9e de l\u2019enregistrement.<\/p>\n<p><strong>Remarque\u00a0importante\u00a0:<\/strong> L\u2019acc\u00e8s \u00e0 l\u2019H\u00f4pital pour les visiteurs \u00e9tant limit\u00e9 en raison de la COVID-19, les patients qui viennent \u00e0 l\u2019Unit\u00e9 de surveillance de l\u2019\u00e9pilepsie ne peuvent pas \u00eatre accompagn\u00e9s. Les patients qui ont besoin de l\u2019assistance d\u2019une autre personne doivent en informer le commis \u00e0 la prise de rendez-vous, pour que nous puissions prendre les dispositions n\u00e9cessaires.<\/p>\n<p><a href=\"https:\/\/www.ottawahospital.on.ca\/fr\/documents\/2020\/12\/amulatory-video-eeg-en_fr-wcag.pdf\/\" target=\"_blank\" rel=\"noopener noreferrer\">Cliquez pour t\u00e9l\u00e9charger un formulaire de demande.<\/a><\/p>\n<h3>Comment recommander un patient \u00e0 l\u2019Unit\u00e9 de surveillance de l\u2019\u00e9pilepsie (NEUROLOGUES SEULEMENT)<\/h3>\n<p>Veuillez remplir le <a href=\"https:\/\/www.ottawahospital.on.ca\/fr\/documents\/2020\/12\/electroencephalogram-requisition-form-en_fr-wcag.pdf\/\" target=\"_blank\" rel=\"noopener noreferrer\">formulaire de recommandation.<\/a><\/p>\n<p>Envoyez les documents suivants\u00a0:<\/p>\n<ul>\n<li>formulaire de recommandation rempli<\/li>\n<li>copies des notes cliniques ant\u00e9rieures<\/li>\n<li>r\u00e9sultats d\u2019examen, y compris les examens d\u2019EEG ant\u00e9rieurs<\/li>\n<li>r\u00e9sultats d\u2019examens de neuroimagerie effectu\u00e9s ailleurs qu\u2019\u00e0 L\u2019H\u00f4pital d\u2019Ottawa<\/li>\n<\/ul>\n<p>Tout dossier incomplet sera retourn\u00e9 \u00e0 l\u2019exp\u00e9diteur.<\/p>\n","protected":false},"excerpt":{"rendered":"<p>Possibilit\u00e9s de formation En ce moment, nous offrons une sursp\u00e9cialisation en \u00e9lectroenc\u00e9phalographie. Malheureusement, le poste n\u2019est pas r\u00e9mun\u00e9r\u00e9 pour le moment; une source de revenus externe est donc recommand\u00e9e. Cette sursp\u00e9cialisation sert \u00e0 acqu\u00e9rir une formation pouss\u00e9e en \u00e9lectroenc\u00e9phalographie, de sorte \u00e0 r\u00e9ussir l\u2019examen d\u2019EEG de la Soci\u00e9t\u00e9 canadienne de neurophysiologie clinique (SCNC) qui a [&hellip;]<\/p>\n","protected":false},"author":25,"featured_media":0,"parent":57840,"menu_order":9,"comment_status":"closed","ping_status":"closed","template":"","meta":{"_acf_changed":false,"_mc_calendar":[],"footnotes":""},"class_list":["post-58088","page","type-page","status-publish","hentry"],"acf":[],"wps_subtitle":"","_links":{"self":[{"href":"https:\/\/www.ottawahospital.on.ca\/fr\/wp-json\/wp\/v2\/pages\/58088","targetHints":{"allow":["GET"]}}],"collection":[{"href":"https:\/\/www.ottawahospital.on.ca\/fr\/wp-json\/wp\/v2\/pages"}],"about":[{"href":"https:\/\/www.ottawahospital.on.ca\/fr\/wp-json\/wp\/v2\/types\/page"}],"author":[{"embeddable":true,"href":"https:\/\/www.ottawahospital.on.ca\/fr\/wp-json\/wp\/v2\/users\/25"}],"replies":[{"embeddable":true,"href":"https:\/\/www.ottawahospital.on.ca\/fr\/wp-json\/wp\/v2\/comments?post=58088"}],"version-history":[{"count":0,"href":"https:\/\/www.ottawahospital.on.ca\/fr\/wp-json\/wp\/v2\/pages\/58088\/revisions"}],"up":[{"embeddable":true,"href":"https:\/\/www.ottawahospital.on.ca\/fr\/wp-json\/wp\/v2\/pages\/57840"}],"wp:attachment":[{"href":"https:\/\/www.ottawahospital.on.ca\/fr\/wp-json\/wp\/v2\/media?parent=58088"}],"curies":[{"name":"wp","href":"https:\/\/api.w.org\/{rel}","templated":true}]}}