{"id":58071,"date":"2020-12-16T15:58:22","date_gmt":"2020-12-16T20:58:22","guid":{"rendered":"https:\/\/www.ottawahospital.on.ca\/?page_id=58071"},"modified":"2023-11-05T15:51:18","modified_gmt":"2023-11-05T20:51:18","slug":"ressources-et-liens-sur-lepilepsie","status":"publish","type":"page","link":"https:\/\/www.ottawahospital.on.ca\/fr\/services-cliniques\/deptpgrmcs\/programmes\/epilepsie\/ressources-et-liens-sur-lepilepsie\/","title":{"rendered":"Ressources et liens sur l\u2019\u00e9pilepsie"},"content":{"rendered":"<p class=\"intro-text1\">Certaines ressources sont en anglais seulement<\/p>\n<h2>Renseignements sur l\u2019\u00e9pilepsie, y compris la chirurgie de l\u2019\u00e9pilepsie<\/h2>\n<ul>\n<li><a href=\"https:\/\/www.epilepsyottawa.ca\/\" target=\"_blank\" rel=\"noopener noreferrer\">\u00c9pilepsie Ottawa<\/a> est l\u2019un des quatre principaux piliers du programme \u00c9pilepsie Ottawa. Il comprend un volet communautaire. Le site Web d\u2019\u00c9pilepsie Ottawa propose des <a href=\"https:\/\/epilepsyottawa.ca\/resources\/\" target=\"_blank\" rel=\"noopener noreferrer\">ressources<\/a> utiles, comme des vid\u00e9os, des d\u00e9pliants et des fiches de renseignements sur les diagnostics, le traitement des crises et l\u2019\u00e9pilepsie en g\u00e9n\u00e9ral. Il comprend aussi une liste de ressources et de programmes<\/li>\n<li><a href=\"https:\/\/epilepsyontario.org\/advocacy\/anti-convulsant-drug-shortages\/\" target=\"_blank\" rel=\"noopener noreferrer\">Epilepsy Ontario<\/a> et <a href=\"https:\/\/www.penuriesdemedicamentscanada.ca\/\" target=\"_blank\" rel=\"noopener noreferrer\">P\u00e9nuries de m\u00e9dicaments Canada<\/a> sont deux sites Web qui proposent une liste des p\u00e9nuries actuelles de m\u00e9dicaments anti\u00e9pileptiques. Veuillez consulter les sites ci-dessous pour savoir si vous pourriez \u00eatre touch\u00e9.<\/li>\n<li><a href=\"https:\/\/canadianleagueagainstepilepsy.wildapricot.org\/\" target=\"_blank\" rel=\"noopener noreferrer\">Le site Web de The Canadian League Against Epilepsy<\/a> pr\u00e9sente une grande quantit\u00e9 de renseignements dans le menu About Epilepsy.<\/li>\n<li><a href=\"https:\/\/epilepsyontario.org\/\" target=\"_blank\" rel=\"noopener noreferrer\">Epilepsy Ontario<\/a> contient beaucoup d\u2019articles et de <a href=\"https:\/\/epilepsyontario.org\/research-and-resources\/spark-sheets\/\" target=\"_blank\" rel=\"noopener noreferrer\">fiches de renseignements pour les patients<\/a> r\u00e9dig\u00e9s par des experts en mati\u00e8re d\u2019\u00e9pilepsie de Toronto, de London et d\u2019ailleurs en Am\u00e9rique du Nord. Consultez leur <a href=\"https:\/\/www.youtube.com\/channel\/UCuQafFROE6kQWsuXwD60sFw\" target=\"_blank\" rel=\"noopener noreferrer\">cha\u00eene YouTube<\/a> bien remplie, qui pr\u00e9sente des vid\u00e9os tr\u00e8s utiles sur les formes que peuvent prendre les crises.<\/li>\n<li>Le site Globalgenes.org vous informe sur les moyens de rester en s\u00e9curit\u00e9 pour les personnes atteintes d\u2019\u00e9pilepsie qui vivent seules.<\/li>\n<\/ul>\n<h2>Crises et premiers soins<\/h2>\n<ul>\n<li>D\u00e9pliant d\u2019\u00c9pilepsie Ottawa<\/li>\n<li><a href=\"https:\/\/www.epilepsy.com\/sites\/core\/files\/atoms\/files\/SFA%20Flier_HQ_8.5x11_PDF.pdf\" target=\"_blank\" rel=\"noopener noreferrer\">Fiche de renseignements de l\u2019organisme Epilepsy Foundation<\/a><\/li>\n<\/ul>\n<h2>Femmes atteintes d\u2019\u00e9pilepsie<\/h2>\n<ul>\n<li><a href=\"https:\/\/www.epilepsy.com\/living-epilepsy\/epilepsy-and\/women\" target=\"_blank\" rel=\"noopener noreferrer\">Women living with epilepsy: Epilepsy Foundation<\/a><\/li>\n<li><a href=\"https:\/\/epilepsyontario.org\/living-with-epilepsy\/women-and-epilepsy-2\/\" target=\"_blank\" rel=\"noopener noreferrer\">Women and epilepsy: Epilepsy Ontario<\/a><\/li>\n<li><a href=\"https:\/\/www.aedpregnancyregistry.org\/\" target=\"_blank\" rel=\"noopener noreferrer\">The North American Antiepileptic Drug Pregnancy Registry<\/a><\/li>\n<li><a href=\"https:\/\/web.emmes.com\/study\/monead\/\" target=\"_blank\" rel=\"noopener noreferrer\">Maternal Outcomes and Neurodevelopmental Effects of Antiepileptic Drugs (MONEAD)<\/a><\/li>\n<\/ul>\n<h2>\u00c9pilepsie et vie saine<\/h2>\n<ul>\n<li>Living with Epilepsy: Epilepsy Foundation<\/li>\n<\/ul>\n<h2>Mort subite inattendue en \u00e9pilepsie (MSIE)<\/h2>\n<ul>\n<li>Le site Web <a href=\"https:\/\/www.sudepaware.org\/\">SUDEP<\/a> contient des <a href=\"https:\/\/www.sudep.news\/about-sudep\">renseignements<\/a> utiles sur ce ph\u00e9nom\u00e8ne.<\/li>\n<\/ul>\n<h2>Crises non \u00e9pileptiques<\/h2>\n<ul>\n<li><a href=\"https:\/\/www.nonepilepticseizures.com\/\" target=\"_blank\" rel=\"noopener noreferrer\">Psychogenic non-epileptic seizures (PNES)<\/a><\/li>\n<li><a href=\"https:\/\/www.nonepilepticattacks.info\" target=\"_blank\" rel=\"noopener noreferrer\">Crises non \u00e9pileptiques<\/a><\/li>\n<li><a href=\"https:\/\/www.amazon.ca\/Psychogenic-Non-epileptic-Seizures-Lorna-Myers\/dp\/1492881414\" target=\"_blank\" rel=\"noopener noreferrer\">Psychogenic Non-epileptic Seizures<\/a>: A Guide by Lorna Myers, Ph.\u00a0D.<\/li>\n<li><a href=\"https:\/\/www.youtube.com\/watch?v=MA1EYAg9y5k&amp;feature=youtu.be\" target=\"_blank\" rel=\"noopener noreferrer\">dis-sociated<\/a>: documentaire en ligne sur les crises dissociatives.<\/li>\n<\/ul>\n<h2>Recherche sur l\u2019\u00e9pilepsie \u00e0 L\u2019H\u00f4pital d\u2019Ottawa<\/h2>\n<p>L\u2019H\u00f4pital d\u2019Ottawa est un chef de file parmi les centres hospitaliers universitaires, de recherche et d\u2019enseignement. Ses cliniciens effectuent diff\u00e9rentes \u00e9tudes sur de nombreux sujets, comme l\u2019enseignement de la m\u00e9decine, l\u2019\u00e9lectroenc\u00e9phalographie appliqu\u00e9e aux soins critiques, les r\u00e9sultats pour les femmes atteintes d\u2019\u00e9pilepsie et la transition des enfants entre les soins p\u00e9diatriques et les soins aux adultes, pour n\u2019en nommer que quelques-uns.<\/p>\n<p>Veuillez consulter le site Web de l\u2019Institut de recherche de l\u2019H\u00f4pital d\u2019Ottawa (IRHO) pour en savoir plus sur les recherches sur l\u2019\u00e9pilepsie qui sont r\u00e9alis\u00e9es en ce moment \u00e0 L\u2019H\u00f4pital d\u2019Ottawa.<\/p>\n\n\n<p><\/p>\n","protected":false},"excerpt":{"rendered":"<p>Certaines ressources sont en anglais seulement Renseignements sur l\u2019\u00e9pilepsie, y compris la chirurgie de l\u2019\u00e9pilepsie \u00c9pilepsie Ottawa est l\u2019un des quatre principaux piliers du programme \u00c9pilepsie Ottawa. Il comprend un volet communautaire. Le site Web d\u2019\u00c9pilepsie Ottawa propose des ressources utiles, comme des vid\u00e9os, des d\u00e9pliants et des fiches de renseignements sur les diagnostics, le [&hellip;]<\/p>\n","protected":false},"author":25,"featured_media":0,"parent":57840,"menu_order":10,"comment_status":"closed","ping_status":"closed","template":"","meta":{"_acf_changed":false,"_mc_calendar":[],"footnotes":""},"class_list":["post-58071","page","type-page","status-publish","hentry"],"acf":[],"wps_subtitle":"","_links":{"self":[{"href":"https:\/\/www.ottawahospital.on.ca\/fr\/wp-json\/wp\/v2\/pages\/58071","targetHints":{"allow":["GET"]}}],"collection":[{"href":"https:\/\/www.ottawahospital.on.ca\/fr\/wp-json\/wp\/v2\/pages"}],"about":[{"href":"https:\/\/www.ottawahospital.on.ca\/fr\/wp-json\/wp\/v2\/types\/page"}],"author":[{"embeddable":true,"href":"https:\/\/www.ottawahospital.on.ca\/fr\/wp-json\/wp\/v2\/users\/25"}],"replies":[{"embeddable":true,"href":"https:\/\/www.ottawahospital.on.ca\/fr\/wp-json\/wp\/v2\/comments?post=58071"}],"version-history":[{"count":0,"href":"https:\/\/www.ottawahospital.on.ca\/fr\/wp-json\/wp\/v2\/pages\/58071\/revisions"}],"up":[{"embeddable":true,"href":"https:\/\/www.ottawahospital.on.ca\/fr\/wp-json\/wp\/v2\/pages\/57840"}],"wp:attachment":[{"href":"https:\/\/www.ottawahospital.on.ca\/fr\/wp-json\/wp\/v2\/media?parent=58071"}],"curies":[{"name":"wp","href":"https:\/\/api.w.org\/{rel}","templated":true}]}}