{"id":58054,"date":"2020-12-16T15:45:49","date_gmt":"2020-12-16T20:45:49","guid":{"rendered":"https:\/\/www.ottawahospital.on.ca\/?page_id=58054"},"modified":"2021-02-01T17:51:36","modified_gmt":"2021-02-01T22:51:36","slug":"tests-diagnostiques","status":"publish","type":"page","link":"https:\/\/www.ottawahospital.on.ca\/fr\/services-cliniques\/deptpgrmcs\/programmes\/epilepsie\/tests-diagnostiques\/","title":{"rendered":"Tests diagnostiques"},"content":{"rendered":"<h2>Laboratoire d\u2019\u00e9lectroenc\u00e9phalographie (EEG) de L\u2019H\u00f4pital d\u2019Ottawa<\/h2>\n<p>L\u2019examen d\u2019\u00e9lectroenc\u00e9phalographie (EEG) capte l\u2019activit\u00e9 \u00e9lectrique de votre cerveau gr\u00e2ce \u00e0 de petites coupoles m\u00e9talliques fix\u00e9es \u00e0 votre cuir chevelu. Les cellules de votre cerveau communiquent \u00e0 l\u2019aide d\u2019impulsions \u00e9lectriques et g\u00e9n\u00e8rent des signaux \u00e9lectriques tr\u00e8s faibles. Ces signaux sont toujours actifs, m\u00eame quand vous dormez. Cette activit\u00e9 prend la forme d\u2019ondulations et l\u2019enregistrement de ces lignes sinueuses s\u2019appelle l\u2019\u00e9lectroenc\u00e9phalographie, ou EEG.<\/p>\n<p>L\u2019examen d\u2019EEG est l\u2019un des principaux tests utilis\u00e9s pour diagnostiquer l\u2019\u00e9pilepsie. L\u2019examen d\u2019EEG peut aussi servir \u00e0 diagnostiquer d\u2019autres probl\u00e8mes du cerveau.<\/p>\n<p>L\u2019H\u00f4pital d\u2019Ottawa offre toute une gamme d\u2019examens d\u2019EEG, dont les suivants :<\/p>\n<p><strong>Examens d\u2019EEG r\u00e9guliers et examens d\u2019EEG avec privation de sommeil :<\/strong> Ces examens durent habituellement jusqu\u2019\u00e0 30 minutes et comprennent un enregistrement vid\u00e9o.<\/p>\n<p><strong>Examen d\u2019EEG par vid\u00e9o en soins ambulatoires : <\/strong> Ces examens peuvent durer jusqu\u2019\u00e0 quatre heures et comprennent un enregistrement vid\u00e9o. La vid\u00e9o nous permet d\u2019\u00e9tablir la correspondance entre l\u2019activit\u00e9 de votre cerveau et vos mouvements et comportements, pour tenter de d\u00e9couvrir l\u2019origine de vos crises. Un enregistrement plus long que dans le cas d\u2019un examen d\u2019EEG r\u00e9gulier augmente nos chances de d\u00e9celer des \u00e9v\u00e9nements inhabituels.<\/p>\n<p><strong>Examen d\u2019EEG par vid\u00e9o en soins critiques :<\/strong> Ces examens s\u2019adressent aux patients gravement malades qui sont hospitalis\u00e9s. Habituellement, ils ne sont pas offerts \u00e0 la population g\u00e9n\u00e9rale.<\/p>\n<p>Si vous avez des questions ou des pr\u00e9occupations au sujet de votre examen d\u2019EEG \u00e0 venir, n\u2019h\u00e9sitez pas \u00e0 appeler au laboratoire d\u2019EEG au 613-798-5555, poste 14324. Nous sommes ouverts du lundi au vendredi, de 8 h \u00e0 16 h<\/p>\n<h3>Renseignements suppl\u00e9mentaires<\/h3>\n<p><a href=\"https:\/\/www.ottawahospital.on.ca\/fr\/documents\/2021\/02\/electroencephalographie-renseignements-pour-le-patient.pdf\/\" target=\"_blank\" rel=\"noopener noreferrer\">Renseignements sur votre examen d\u2019EEG \u00e0 venir<\/a><\/p>\n<p>Les examens d\u2019EEG r\u00e9guliers sont effectu\u00e9s au Campus Civic ou au Campus G\u00e9n\u00e9ral. Les examens d\u2019EEG en soins ambulatoires et en soins critiques sont effectu\u00e9s exclusivement au Campus Civic.<\/p>\n<div id=\"accordion\" class=\"panel-group\">\n<div class=\"panel panel-default\">\n<div class=\"panel-heading\">\n<h4 class=\"panel-title\"><a class=\"collapsed\" href=\"#collapse1\" data-toggle=\"collapse\" data-parent=\"#accordion\" aria-expanded=\"false\">Neuropsychologie<\/a><\/h4>\n<\/div>\n<div id=\"collapse1\" class=\"panel-collapse collapse\" aria-expanded=\"false\">\n<div class=\"panel-body\">\n<p>Un neuropsychologue vous fera passer une s\u00e9rie d\u2019examens pendant votre \u00e9valuation. Cette s\u00e9ance dure habituellement autour de cinq heures. Si n\u00e9cessaire, les examens peuvent \u00eatre divis\u00e9s en plusieurs rendez-vous.<\/p>\n<p>L\u2019\u00e9valuation peut comprendre une entrevue, des questionnaires et des \u00e9valuations de vos fonctions c\u00e9r\u00e9brales :<\/p>\n<ol>\n<li>Attention et concentration<\/li>\n<li>M\u00e9moire<\/li>\n<li>Fonction oculo-spatiale<\/li>\n<li>Fonction du langage<\/li>\n<li>Raisonnement et r\u00e9solution de probl\u00e8mes<\/li>\n<li>Fonction sociale et affective<\/li>\n<\/ol>\n<p>L\u2019objectif de l\u2019\u00e9valuation est d\u2019apprendre \u00e0 conna\u00eetre vos points forts et vos points faibles. Les r\u00e9sultats nous aideront \u00e0 recommander les meilleurs soins possible en fonction de votre cas. Cette \u00e9valuation fait partie des \u00e9l\u00e9ments dont votre \u00e9quipe de soins tiendra compte pour d\u00e9terminer si une chirurgie peut vous aider, car elle aide l\u2019\u00e9quipe \u00e0 isoler plus pr\u00e9cis\u00e9ment le point d\u2019origine de vos crises.<\/p>\n<p>Les examens neuropsychologiques doivent \u00eatre effectu\u00e9s en personne, mais l\u2019entrevue et la rencontre avec l\u2019infirmi\u00e8re au sujet des r\u00e9sultats auront lieu \u00e0 distance (par t\u00e9l\u00e9phone ou par vid\u00e9oconf\u00e9rence). Les examens auront lieu au Campus G\u00e9n\u00e9ral, conform\u00e9ment aux protocoles relatifs \u00e0 la COVID-19.<\/p>\n<\/div>\n<\/div>\n<\/div>\n<div class=\"panel panel-default\">\n<div class=\"panel-heading\">\n<h4 class=\"panel-title\"><a class=\"collapsed\" href=\"#collapse2\" data-toggle=\"collapse\" data-parent=\"#accordion\" aria-expanded=\"false\">Examen d\u2019IRM<\/a><\/h4>\n<\/div>\n<div id=\"collapse2\" class=\"panel-collapse collapse\" aria-expanded=\"false\">\n<div class=\"panel-body\">\n<p>L\u2019acronyme \u00ab IRM \u00bb signifie \u00ab imagerie par r\u00e9sonance magn\u00e9tique \u00bb. Il s\u2019agit d\u2019une technique qui sert \u00e0 cr\u00e9er une image de l\u2019int\u00e9rieur du corps humain. Un examen d\u2019IRM de la t\u00eate nous montre de fa\u00e7on tr\u00e8s d\u00e9taill\u00e9e \u00e0 quoi ressemble votre cerveau et comment il fonctionne. Chez les personnes atteintes d\u2019\u00e9pilepsie, l\u2019examen d\u2019IRM peut permettre de trouver la cause des crises, comme une cicatrice, une l\u00e9sion ou une alt\u00e9ration de l\u2019anatomie du cerveau.<\/p>\n<\/div>\n<\/div>\n<\/div>\n<div class=\"panel panel-default\">\n<div class=\"panel-heading\">\n<h4 class=\"panel-title\"><a class=\"collapsed\" href=\"#collapse3\" data-toggle=\"collapse\" data-parent=\"#accordion\" aria-expanded=\"false\">Tomodensitom\u00e9trie<\/a><\/h4>\n<\/div>\n<div id=\"collapse3\" class=\"panel-collapse collapse\" aria-expanded=\"false\">\n<div class=\"panel-body\">\n<p>La tomodensitom\u00e9trie, ou TDM, est un examen qui permet d\u2019obtenir des images du cerveau \u00e0 l\u2019aide de rayons X. La TDM peut \u00eatre la seule option si un dispositif m\u00e9tallique est implant\u00e9 dans votre corps.<\/p>\n<p>L\u2019IRM produit habituellement une image plus nette et plus d\u00e9taill\u00e9e que la tomodensitom\u00e9trie.<\/p>\n<p>Ces examens sont g\u00e9n\u00e9ralement effectu\u00e9s au Campus G\u00e9n\u00e9ral et au Campus Civic de L\u2019H\u00f4pital d\u2019Ottawa. Ils peuvent \u00eatre effectu\u00e9s ailleurs \u00e0 Ottawa, comme \u00e0 l\u2019H\u00f4pital Montfort, \u00e0 l\u2019H\u00f4pital Queensway Carleton et \u00e0 l\u2019h\u00f4pital de Pembroke, qui ont l\u2019\u00e9quipement n\u00e9cessaire pour effectuer des examens d\u2019IRM.<\/p>\n<\/div>\n<\/div>\n<\/div>\n<div class=\"panel panel-default\">\n<div class=\"panel-heading\">\n<h4 class=\"panel-title\"><a class=\"collapsed\" href=\"#collapse4\" data-toggle=\"collapse\" data-parent=\"#accordion\" aria-expanded=\"false\">Tomodensitom\u00e9trie par \u00e9mission de positons (TEP)<\/a><\/h4>\n<\/div>\n<div id=\"collapse4\" class=\"panel-collapse collapse\" aria-expanded=\"false\">\n<div class=\"panel-body\">\n<p>Cet examen est habituellement prescrit aux patients qui ont re\u00e7u un diagnostic d\u2019\u00e9pilepsie et qui pourraient avoir besoin d\u2019une chirurgie. Il sert \u00e0 d\u00e9terminer plus pr\u00e9cis\u00e9ment d\u2019o\u00f9 viennent les crises.<\/p>\n<p>La TEP combine la tomodensitom\u00e9trie et l\u2019imagerie nucl\u00e9aire. On injecte dans une veine un marqueur (une substance radioactive m\u00e9lang\u00e9e \u00e0 du glucose) qui se rend jusqu\u2019au cerveau et \u00e9met un signal qui montre comment le cerveau m\u00e9tabolise (accumule et d\u00e9compose) le glucose.<\/p>\n<p>Les r\u00e9gions du cerveau qui ne m\u00e9tabolisent pas correctement le glucose prennent une apparence diff\u00e9rente, ce qui peut aider \u00e0 d\u00e9terminer l\u2019origine des crises.<\/p>\n<p>Cet examen est habituellement effectu\u00e9 au Campus G\u00e9n\u00e9ral.<\/p>\n<\/div>\n<\/div>\n<\/div>\n<div class=\"panel panel-default\">\n<div class=\"panel-heading\">\n<h4 class=\"panel-title\"><a class=\"collapsed\" href=\"#collapse5\" data-toggle=\"collapse\" data-parent=\"#accordion\" aria-expanded=\"false\">Tests g\u00e9n\u00e9tiques<\/a><\/h4>\n<\/div>\n<div id=\"collapse5\" class=\"panel-collapse collapse\" aria-expanded=\"false\">\n<div class=\"panel-body\">\n<p>Votre neurologue vous demandera peut-\u00eatre de passer un test g\u00e9n\u00e9tique s\u2019il discerne une transmission d\u2019h\u00e9r\u00e9dit\u00e9 dans votre famille ou un syndrome fortement associ\u00e9 \u00e0 la g\u00e9n\u00e9tique qui pourrait \u00eatre une cause de votre \u00e9pilepsie. Il consultera un neurog\u00e9n\u00e9ticien et vous recommandera \u00e0 ce dernier au Centre hospitalier pour enfants de l\u2019est de l\u2019Ontario (qui \u00e9value aussi les adultes ayant des probl\u00e8mes de sant\u00e9 g\u00e9n\u00e9tiques).<\/p>\n<\/div>\n<\/div>\n<\/div>\n<div class=\"panel panel-default\">\n<div class=\"panel-heading\">\n<h4 class=\"panel-title\"><a class=\"collapsed\" href=\"#collapse6\" data-toggle=\"collapse\" data-parent=\"#accordion\" aria-expanded=\"false\">Autres examens<\/a><\/h4>\n<\/div>\n<div id=\"collapse6\" class=\"panel-collapse collapse\" aria-expanded=\"false\">\n<div class=\"panel-body\">\n<p>Vous pourriez avoir \u00e0 passer d\u2019autres examens sp\u00e9cialis\u00e9s dans le cadre de votre \u00e9valuation avant la chirurgie. Vous d\u00e9ciderez peut-\u00eatre de vous rendre au Toronto Western Hospital ou au London Health Sciences Centre pour passer ces examens, par exemple une imagerie par r\u00e9sonance magn\u00e9tique fonctionnelle (IRMf), un test de Wada ou une tomographie monophotonique d\u2019\u00e9mission (aussi appel\u00e9e \u00ab SPECT scan \u00bb).<\/p>\n<p>Les examens qui n\u00e9cessitent des \u00e9lectrodes intracr\u00e2niennes pour la surveillance de vos crises auront aussi lieu \u00e0 Toronto ou \u00e0 London.<\/p>\n<\/div>\n<\/div>\n<\/div>\n<div class=\"panel panel-default\">\n<div class=\"panel-heading\">\n<h4 class=\"panel-title\"><a class=\"collapsed\" href=\"#collapse7\" data-toggle=\"collapse\" data-parent=\"#accordion\" aria-expanded=\"false\">Recommandations \u00e0 d\u2019autres h\u00f4pitaux ou centres de chirurgie<\/a><\/h4>\n<\/div>\n<div id=\"collapse7\" class=\"panel-collapse collapse\" aria-expanded=\"false\">\n<div class=\"panel-body\">\n<p>Si votre sp\u00e9cialiste en \u00e9pilepsie conclut que la chirurgie pourrait vous \u00eatre utile, il vous recommandera probablement \u00e0 l\u2019un de nos \u00e9tablissements partenaires et centres de chirurgie r\u00e9gionaux. Les deux grands centres de chirurgie de la province sont le Toronto Western Hospital et le London Health Sciences Centre.<\/p>\n<p>Veuillez discuter de ces possibilit\u00e9s avec votre neurologue \u00e0 votre prochain rendez-vous.<\/p>\n<\/div>\n<\/div>\n<\/div>\n<\/div>\n","protected":false},"excerpt":{"rendered":"<p>Laboratoire d\u2019\u00e9lectroenc\u00e9phalographie (EEG) de L\u2019H\u00f4pital d\u2019Ottawa L\u2019examen d\u2019\u00e9lectroenc\u00e9phalographie (EEG) capte l\u2019activit\u00e9 \u00e9lectrique de votre cerveau gr\u00e2ce \u00e0 de petites coupoles m\u00e9talliques fix\u00e9es \u00e0 votre cuir chevelu. Les cellules de votre cerveau communiquent \u00e0 l\u2019aide d\u2019impulsions \u00e9lectriques et g\u00e9n\u00e8rent des signaux \u00e9lectriques tr\u00e8s faibles. Ces signaux sont toujours actifs, m\u00eame quand vous dormez. Cette activit\u00e9 prend [&hellip;]<\/p>\n","protected":false},"author":25,"featured_media":0,"parent":57840,"menu_order":8,"comment_status":"closed","ping_status":"closed","template":"","meta":{"_acf_changed":false,"_mc_calendar":[],"footnotes":""},"class_list":["post-58054","page","type-page","status-publish","hentry"],"acf":[],"wps_subtitle":"","_links":{"self":[{"href":"https:\/\/www.ottawahospital.on.ca\/fr\/wp-json\/wp\/v2\/pages\/58054","targetHints":{"allow":["GET"]}}],"collection":[{"href":"https:\/\/www.ottawahospital.on.ca\/fr\/wp-json\/wp\/v2\/pages"}],"about":[{"href":"https:\/\/www.ottawahospital.on.ca\/fr\/wp-json\/wp\/v2\/types\/page"}],"author":[{"embeddable":true,"href":"https:\/\/www.ottawahospital.on.ca\/fr\/wp-json\/wp\/v2\/users\/25"}],"replies":[{"embeddable":true,"href":"https:\/\/www.ottawahospital.on.ca\/fr\/wp-json\/wp\/v2\/comments?post=58054"}],"version-history":[{"count":0,"href":"https:\/\/www.ottawahospital.on.ca\/fr\/wp-json\/wp\/v2\/pages\/58054\/revisions"}],"up":[{"embeddable":true,"href":"https:\/\/www.ottawahospital.on.ca\/fr\/wp-json\/wp\/v2\/pages\/57840"}],"wp:attachment":[{"href":"https:\/\/www.ottawahospital.on.ca\/fr\/wp-json\/wp\/v2\/media?parent=58054"}],"curies":[{"name":"wp","href":"https:\/\/api.w.org\/{rel}","templated":true}]}}