{"id":58014,"date":"2020-12-16T11:50:51","date_gmt":"2020-12-16T16:50:51","guid":{"rendered":"https:\/\/www.ottawahospital.on.ca\/?page_id=58014"},"modified":"2020-12-21T13:57:24","modified_gmt":"2020-12-21T18:57:24","slug":"lunite-de-surveillance-de-lepilepsie-et-la-covid-19","status":"publish","type":"page","link":"https:\/\/www.ottawahospital.on.ca\/fr\/services-cliniques\/deptpgrmcs\/programmes\/epilepsie\/raisons-pour-lesquelles-vous-pouvez-etre-hospitalise-a-lunite-de-surveillance-de-lepilepsie\/lunite-de-surveillance-de-lepilepsie-et-la-covid-19\/","title":{"rendered":"L\u2019Unit\u00e9 de surveillance de l\u2019\u00e9pilepsie et la COVID-19"},"content":{"rendered":"<p class=\"intro-text1\">Pour la s\u00e9curit\u00e9 de nos patients et de notre personnel, chaque d\u00e9partement et chaque unit\u00e9 de L\u2019H\u00f4pital d\u2019Ottawa (y compris l\u2019Unit\u00e9 de surveillance de l\u2019\u00e9pilepsie ) a apport\u00e9 des changements \u00e0 ses activit\u00e9s habituelles. Pour le moment, nous continuons d\u2019admettre des patients \u00e0 l\u2019Unit\u00e9 de surveillance de l\u2019\u00e9pilepsie , mais si vous pr\u00e9f\u00e9rez repousser votre hospitalisation, veuillez appeler \u00e0 l\u2019Unit\u00e9 au 613-798-5555, poste\u00a013873.<\/p>\n<p>Notez que nous ferons de notre mieux pour respecter le calendrier d\u2019hospitalisations \u00e9tabli. Cependant, <strong>puisque la situation \u00e9volue sans arr\u00eat, sachez qu\u2019il est possible que nous devions annuler votre hospitalisation ou \u00e9courter votre s\u00e9jour \u00e0 l\u2019Unit\u00e9 de surveillance de l\u2019\u00e9pilepsie , avec un tr\u00e8s court pr\u00e9avis, s\u2019il est n\u00e9cessaire de le faire.<\/strong><\/p>\n<p>Plusieurs autres mesures de s\u00e9curit\u00e9 sont en place \u00e0 l\u2019Unit\u00e9 de surveillance de l\u2019\u00e9pilepsie \u00a0:<\/p>\n<p><strong>Surveillance des signes vitaux<\/strong><\/p>\n<p>Des infirmi\u00e8res autoris\u00e9es prendront votre temp\u00e9rature \u00e0 chaque quart de travail. Si vous ne vous sentez pas bien, veuillez le dire \u00e0 l\u2019infirmi\u00e8re autoris\u00e9e. Nous pouvons vous faire passer un test de d\u00e9pistage de la COVID-19 sur place. Vous pourriez obtenir votre cong\u00e9 et devoir vous isoler en attendant les r\u00e9sultats.<\/p>\n<p><strong>Tourn\u00e9es<\/strong><strong>\u00a0<\/strong><\/p>\n<p>Nous irons \u00e0 votre chevet pendant les tourn\u00e9es. Les seules personnes pr\u00e9sentes seront\u00a0l\u2019\u00e9pileptologue et l\u2019infirmi\u00e8re autoris\u00e9e de l\u2019Unit\u00e9 de surveillance de l\u2019\u00e9pilepsie.<\/p>\n<p><strong>Visiteurs<\/strong><\/p>\n<p>Aucun visiteur n\u2019est admis, \u00e0 aucun moment, pendant votre s\u00e9jour \u00e0 l\u2019Unit\u00e9 de surveillance de l\u2019\u00e9pilepsie .<\/p>\n<p><strong>Sorties<\/strong><\/p>\n<p>Malheureusement, il n\u2019est pas permis de sortir de l\u2019Unit\u00e9 de surveillance de l\u2019\u00e9pilepsie pendant votre hospitalisation.<\/p>\n<p>Consultez la <a href=\"https:\/\/www.ottawahospital.on.ca\/fr\/nouveau-coronavirus-2019\/\">page de renseignements sur la COVID-19 de L\u2019H\u00f4pital d\u2019Ottawa<\/a> pour en savoir plus.<\/p>\n<p><a href=\"https:\/\/www.ottawahospital.on.ca\/fr\/documents\/2020\/12\/emu-patient-pamphlet-fr-wcag.pdf\/\"><strong>Lisez le livret du patient <\/strong><strong>pour des renseignements d\u00e9taill\u00e9s sur ce qui se passera \u00e0 l\u2019Unit\u00e9 de surveillance de l\u2019\u00e9pilepsie . <\/strong><\/a><\/p>\n\n\n<p><\/p>\n","protected":false},"excerpt":{"rendered":"<p>Pour la s\u00e9curit\u00e9 de nos patients et de notre personnel, chaque d\u00e9partement et chaque unit\u00e9 de L\u2019H\u00f4pital d\u2019Ottawa (y compris l\u2019Unit\u00e9 de surveillance de l\u2019\u00e9pilepsie ) a apport\u00e9 des changements \u00e0 ses activit\u00e9s habituelles. Pour le moment, nous continuons d\u2019admettre des patients \u00e0 l\u2019Unit\u00e9 de surveillance de l\u2019\u00e9pilepsie , mais si vous pr\u00e9f\u00e9rez repousser votre [&hellip;]<\/p>\n","protected":false},"author":25,"featured_media":0,"parent":57999,"menu_order":1,"comment_status":"closed","ping_status":"closed","template":"","meta":{"_acf_changed":false,"_mc_calendar":[],"footnotes":""},"class_list":["post-58014","page","type-page","status-publish","hentry"],"acf":[],"wps_subtitle":"","_links":{"self":[{"href":"https:\/\/www.ottawahospital.on.ca\/fr\/wp-json\/wp\/v2\/pages\/58014","targetHints":{"allow":["GET"]}}],"collection":[{"href":"https:\/\/www.ottawahospital.on.ca\/fr\/wp-json\/wp\/v2\/pages"}],"about":[{"href":"https:\/\/www.ottawahospital.on.ca\/fr\/wp-json\/wp\/v2\/types\/page"}],"author":[{"embeddable":true,"href":"https:\/\/www.ottawahospital.on.ca\/fr\/wp-json\/wp\/v2\/users\/25"}],"replies":[{"embeddable":true,"href":"https:\/\/www.ottawahospital.on.ca\/fr\/wp-json\/wp\/v2\/comments?post=58014"}],"version-history":[{"count":0,"href":"https:\/\/www.ottawahospital.on.ca\/fr\/wp-json\/wp\/v2\/pages\/58014\/revisions"}],"up":[{"embeddable":true,"href":"https:\/\/www.ottawahospital.on.ca\/fr\/wp-json\/wp\/v2\/pages\/57999"}],"wp:attachment":[{"href":"https:\/\/www.ottawahospital.on.ca\/fr\/wp-json\/wp\/v2\/media?parent=58014"}],"curies":[{"name":"wp","href":"https:\/\/api.w.org\/{rel}","templated":true}]}}