{"id":58004,"date":"2020-12-16T11:35:35","date_gmt":"2020-12-16T16:35:35","guid":{"rendered":"https:\/\/www.ottawahospital.on.ca\/?page_id=58004"},"modified":"2020-12-16T11:35:35","modified_gmt":"2020-12-16T16:35:35","slug":"equipe-de-lunite-de-surveillance-de-lepilepsie","status":"publish","type":"page","link":"https:\/\/www.ottawahospital.on.ca\/fr\/services-cliniques\/deptpgrmcs\/programmes\/epilepsie\/raisons-pour-lesquelles-vous-pouvez-etre-hospitalise-a-lunite-de-surveillance-de-lepilepsie\/equipe-de-lunite-de-surveillance-de-lepilepsie\/","title":{"rendered":"\u00c9quipe de l\u2019Unit\u00e9 de surveillance de l\u2019\u00e9pilepsie"},"content":{"rendered":"<p><strong>Neurologues<\/strong>\u00a0: D<sup>re<\/sup>\u00a0Rajendra Kale, D<sup>r<\/sup>\u00a0Tad Fantaneanu ou D<sup>re<\/sup> Arezoo Rezazadeh<\/p>\n<ul>\n<li>Les neurologues dirigent l\u2019\u00e9quipe de professionnels de la sant\u00e9 et veillent au fonctionnement de l\u2019Unit\u00e9 de surveillance de l\u2019\u00e9pilepsie au quotidien conform\u00e9ment aux lignes directrices provinciales. Chaque neurologue sera responsable de l\u2019Unit\u00e9 pendant une semaine, \u00e0 tour de r\u00f4le, et est la principale personne responsable.<\/li>\n<\/ul>\n<p><strong>Technologues <\/strong><\/p>\n<ul>\n<li>Les technologues pr\u00e9parent les patients pour la surveillance de l\u2019\u00e9pilepsie.\n<ul>\n<li>Ils font visiter l\u2019Unit\u00e9 aux patients.<\/li>\n<li>Ils expliquent comment les \u00e9lectrodes sont install\u00e9es et comment se d\u00e9roulent les proc\u00e9dures d\u2019enregistrement.<\/li>\n<\/ul>\n<\/li>\n<\/ul>\n<p><strong>Infirmi\u00e8res autoris\u00e9es\u00a0: <\/strong>Une infirmi\u00e8re autoris\u00e9e se trouvera \u00e0 l\u2019unit\u00e9 24\u00a0heures sur 24, cinq jours sur sept, pour s\u2019occuper des deux patients.<\/p>\n<ul>\n<li>Elle oriente les activit\u00e9s de l\u2019Unit\u00e9.<\/li>\n<li>Elle passe en revue les lignes directrices en mati\u00e8re de s\u00e9curit\u00e9 et les r\u00f4les des membres de l\u2019\u00e9quipe.<\/li>\n<li>Elle v\u00e9rifiera que l\u2019environnement est s\u00e9curitaire et conforme aux politiques de l\u2019H\u00f4pital, c\u2019est-\u00e0-dire que tout l\u2019\u00e9quipement, y compris l\u2019\u00e9quipement d\u2019alimentation en oxyg\u00e8ne et l\u2019\u00e9quipement de succion, est disponible et fonctionnel.<\/li>\n<\/ul>\n<p><strong>Infirmi\u00e8re : <\/strong>Sabrina Chang<\/p>\n<ul>\n<li>L\u2019infirmi\u00e8re effectue le triage des recommandations et planifie les hospitalisations.<\/li>\n<li>Elle pr\u00e9pare les patients et r\u00e9pond \u00e0 leurs questions avant l\u2019hospitalisation\u00a0:\n<ul>\n<li>Elle fait visiter l\u2019Unit\u00e9.<\/li>\n<li>Elle recueille les renseignements \u00e0 utiliser dans les courriels de pr\u00e9admission.<\/li>\n<li>Elle produit les lettres d\u2019offre et la documentation de l\u2019Unit\u00e9.<\/li>\n<li>Elle confirme les admissions.<\/li>\n<\/ul>\n<\/li>\n<li>Elle modifie les plans en cas d\u2019annulation d\u2019un patient.<\/li>\n<\/ul>\n<p><strong>\u00a0<\/strong><strong>Pharmacien, autres professionnels de la sant\u00e9 et personnel de soutien<\/strong><\/p>\n","protected":false},"excerpt":{"rendered":"<p>Neurologues\u00a0: Dre\u00a0Rajendra Kale, Dr\u00a0Tad Fantaneanu ou Dre Arezoo Rezazadeh Les neurologues dirigent l\u2019\u00e9quipe de professionnels de la sant\u00e9 et veillent au fonctionnement de l\u2019Unit\u00e9 de surveillance de l\u2019\u00e9pilepsie au quotidien conform\u00e9ment aux lignes directrices provinciales. Chaque neurologue sera responsable de l\u2019Unit\u00e9 pendant une semaine, \u00e0 tour de r\u00f4le, et est la principale personne responsable. Technologues [&hellip;]<\/p>\n","protected":false},"author":25,"featured_media":0,"parent":57999,"menu_order":0,"comment_status":"closed","ping_status":"closed","template":"","meta":{"_acf_changed":false,"_mc_calendar":[],"footnotes":""},"class_list":["post-58004","page","type-page","status-publish","hentry"],"acf":[],"wps_subtitle":"","_links":{"self":[{"href":"https:\/\/www.ottawahospital.on.ca\/fr\/wp-json\/wp\/v2\/pages\/58004","targetHints":{"allow":["GET"]}}],"collection":[{"href":"https:\/\/www.ottawahospital.on.ca\/fr\/wp-json\/wp\/v2\/pages"}],"about":[{"href":"https:\/\/www.ottawahospital.on.ca\/fr\/wp-json\/wp\/v2\/types\/page"}],"author":[{"embeddable":true,"href":"https:\/\/www.ottawahospital.on.ca\/fr\/wp-json\/wp\/v2\/users\/25"}],"replies":[{"embeddable":true,"href":"https:\/\/www.ottawahospital.on.ca\/fr\/wp-json\/wp\/v2\/comments?post=58004"}],"version-history":[{"count":0,"href":"https:\/\/www.ottawahospital.on.ca\/fr\/wp-json\/wp\/v2\/pages\/58004\/revisions"}],"up":[{"embeddable":true,"href":"https:\/\/www.ottawahospital.on.ca\/fr\/wp-json\/wp\/v2\/pages\/57999"}],"wp:attachment":[{"href":"https:\/\/www.ottawahospital.on.ca\/fr\/wp-json\/wp\/v2\/media?parent=58004"}],"curies":[{"name":"wp","href":"https:\/\/api.w.org\/{rel}","templated":true}]}}