{"id":57999,"date":"2020-12-16T11:28:01","date_gmt":"2020-12-16T16:28:01","guid":{"rendered":"https:\/\/www.ottawahospital.on.ca\/?page_id=57999"},"modified":"2021-02-01T16:43:56","modified_gmt":"2021-02-01T21:43:56","slug":"raisons-pour-lesquelles-vous-pouvez-etre-hospitalise-a-lunite-de-surveillance-de-lepilepsie","status":"publish","type":"page","link":"https:\/\/www.ottawahospital.on.ca\/fr\/services-cliniques\/deptpgrmcs\/programmes\/epilepsie\/raisons-pour-lesquelles-vous-pouvez-etre-hospitalise-a-lunite-de-surveillance-de-lepilepsie\/","title":{"rendered":"Raisons pour lesquelles vous pouvez \u00eatre hospitalis\u00e9 \u00e0 l\u2019Unit\u00e9 de surveillance de l\u2019\u00e9pilepsie"},"content":{"rendered":"<ol>\n<li>Diagnostic\n<ul>\n<li>Pour conna\u00eetre la cause de crises ou de changements de comportement. Lorsque les raisons d\u2019un type de crise sont difficiles \u00e0 d\u00e9terminer, une hospitalisation \u00e0 l\u2019Unit\u00e9 de surveillance de l\u2019\u00e9pilepsie peut \u00eatre utile.<\/li>\n<li>Pour obtenir un diagnostic relatif \u00e0 des \u00e9v\u00e9nements non \u00e9pileptiques.<\/li>\n<li>Pour cerner avec pr\u00e9cision le syndrome d\u2019\u00e9pilepsie, si le diagnostic d\u2019\u00e9pilepsie est confirm\u00e9. Cela peut servir \u00e0 orienter la prise en charge du probl\u00e8me, \u00e0 personnaliser les choix de m\u00e9dicaments et \u00e0 d\u00e9terminer si une chirurgie, d\u2019autres m\u00e9dicaments, un r\u00e9gime alimentaire ou un appareil de neurostimulation pourraient vous \u00eatre utiles.<\/li>\n<\/ul>\n<\/li>\n<li>Chirurgie d\u2019\u00e9pilepsie\n<ul>\n<li>Pour enregistrer les crises des patients atteints d\u2019\u00e9pilepsie pour lesquels on envisage la chirurgie. Tous les candidats \u00e0 la chirurgie doivent faire enregistrer leurs crises afin que l\u2019\u00e9quipe d\u00e9termine dans quelle r\u00e9gion du cerveau elles se d\u00e9clenchent.<\/li>\n<\/ul>\n<\/li>\n<li>Traitement\n<ul>\n<li>Pour modifier le traitement dans un environnement s\u00e9curitaire (par exemple s\u2019il faut changer rapidement un m\u00e9dicament anti\u00e9pileptique).<\/li>\n<\/ul>\n<\/li>\n<\/ol>\n<h2>Coordonn\u00e9es de l\u2019Unit\u00e9 de surveillance de l\u2019\u00e9pilepsie<\/h2>\n<p>Si vous avez des questions sur la planification de votre hospitalisation \u00e0 l\u2019Unit\u00e9 de surveillance de l\u2019\u00e9pilepsie, veuillez laisser un message dans la bo\u00eete vocale de l\u2019unit\u00e9 de surveillance de l\u2019\u00e9pilepsie. Composez le 613-798-5555, poste 13873.<\/p>\n<p>Si vous pensez arriver en retard le jour de votre hospitalisation, veuillez appeler l\u2019unit\u00e9 de soins neurologiques de courte dur\u00e9e pour pr\u00e9venir l\u2019infirmi\u00e8re de l\u2019Unit\u00e9 de surveillance de l\u2019\u00e9pilepsie. Composez le 613-798-5555, poste 15491.<\/p>\n","protected":false},"excerpt":{"rendered":"<p>Diagnostic Pour conna\u00eetre la cause de crises ou de changements de comportement. Lorsque les raisons d\u2019un type de crise sont difficiles \u00e0 d\u00e9terminer, une hospitalisation \u00e0 l\u2019Unit\u00e9 de surveillance de l\u2019\u00e9pilepsie peut \u00eatre utile. Pour obtenir un diagnostic relatif \u00e0 des \u00e9v\u00e9nements non \u00e9pileptiques. Pour cerner avec pr\u00e9cision le syndrome d\u2019\u00e9pilepsie, si le diagnostic d\u2019\u00e9pilepsie [&hellip;]<\/p>\n","protected":false},"author":25,"featured_media":0,"parent":57840,"menu_order":6,"comment_status":"closed","ping_status":"closed","template":"","meta":{"_acf_changed":false,"_mc_calendar":[],"footnotes":""},"class_list":["post-57999","page","type-page","status-publish","hentry"],"acf":[],"wps_subtitle":"","_links":{"self":[{"href":"https:\/\/www.ottawahospital.on.ca\/fr\/wp-json\/wp\/v2\/pages\/57999","targetHints":{"allow":["GET"]}}],"collection":[{"href":"https:\/\/www.ottawahospital.on.ca\/fr\/wp-json\/wp\/v2\/pages"}],"about":[{"href":"https:\/\/www.ottawahospital.on.ca\/fr\/wp-json\/wp\/v2\/types\/page"}],"author":[{"embeddable":true,"href":"https:\/\/www.ottawahospital.on.ca\/fr\/wp-json\/wp\/v2\/users\/25"}],"replies":[{"embeddable":true,"href":"https:\/\/www.ottawahospital.on.ca\/fr\/wp-json\/wp\/v2\/comments?post=57999"}],"version-history":[{"count":0,"href":"https:\/\/www.ottawahospital.on.ca\/fr\/wp-json\/wp\/v2\/pages\/57999\/revisions"}],"up":[{"embeddable":true,"href":"https:\/\/www.ottawahospital.on.ca\/fr\/wp-json\/wp\/v2\/pages\/57840"}],"wp:attachment":[{"href":"https:\/\/www.ottawahospital.on.ca\/fr\/wp-json\/wp\/v2\/media?parent=57999"}],"curies":[{"name":"wp","href":"https:\/\/api.w.org\/{rel}","templated":true}]}}