{"id":57989,"date":"2020-12-16T11:11:32","date_gmt":"2020-12-16T16:11:32","guid":{"rendered":"https:\/\/www.ottawahospital.on.ca\/?page_id=57989"},"modified":"2020-12-16T11:11:33","modified_gmt":"2020-12-16T16:11:33","slug":"sejour-a-lunite-de-surveillance-de-lepilepsie","status":"publish","type":"page","link":"https:\/\/www.ottawahospital.on.ca\/fr\/services-cliniques\/deptpgrmcs\/programmes\/epilepsie\/sejour-a-lunite-de-surveillance-de-lepilepsie\/","title":{"rendered":"S\u00e9jour \u00e0 l\u2019Unit\u00e9 de surveillance de l\u2019\u00e9pilepsie"},"content":{"rendered":"<p class=\"intro-text1\">Veuillez noter que les services de l\u2019Unit\u00e9 de surveillance de l\u2019\u00e9pilepsie sont couverts par l\u2019Assurance-sant\u00e9 de l\u2019Ontario.<\/p>\n<h2>Aper\u00e7u<\/h2>\n<p>Vous serez admis \u00e0 l\u2019Unit\u00e9 de surveillance de l\u2019\u00e9pilepsie pour passer un examen d\u2019EEG de longue dur\u00e9e. Cet examen nous permet de mieux comprendre la situation et les crises que vous avez. Voici comment:<\/p>\n<ul>\n<li>Des images vid\u00e9o nous montrent ce qui se produit.<\/li>\n<li>Vos ondes c\u00e9r\u00e9brales sont enregistr\u00e9es sur un ordinateur.<\/li>\n<li>Des microphones permettent d\u2019entendre les sons<\/li>\n<\/ul>\n<p>Cet examen se d\u00e9roule \u00e0 l\u2019Unit\u00e9 de soins interm\u00e9diaires en neurosciences, o\u00f9 deux lits sont r\u00e9serv\u00e9s pour les patients de l\u2019Unit\u00e9 de surveillance de l\u2019\u00e9pilepsie, qui ont acc\u00e8s \u00e0 l\u2019ensemble des outils et m\u00e9thodes de diagnostic et \u00e0 une \u00e9quipe d\u00e9vou\u00e9e. L\u2019\u00e9quipe sp\u00e9cialement form\u00e9e d\u2019infirmi\u00e8res, de technologues en EEG, d\u2019\u00e9pileptologues et de membres du personnel de soutien vous gardera \u00e0 l\u2019\u0153il dans cet environnement s\u00e9curitaire.<\/p>\n<p>Normalement, vous resterez hospitalis\u00e9 pendant quatre ou cinq jours. Cela nous laissera le temps de capter tout \u00e9v\u00e9nement pr\u00e9occupant et d\u2019enregistrer les donn\u00e9es pertinentes. Il est possible que vous ayez \u00e0 vous sevrer de vos m\u00e9dicaments pendant votre s\u00e9jour pour que nous puissions enregistrer des crises. Le m\u00e9decin qui supervise votre hospitalisation vous aidera pendant ce processus.<\/p>\n<p>Les crises \u00e9pileptiques et l\u2019activit\u00e9 connexe seront enregistr\u00e9es et analys\u00e9es \u00e0 l\u2019aide des appareils suivants:<\/p>\n<ul>\n<li>\u00e9quipement de surveillance d\u2019EEG en continu<\/li>\n<li>cam\u00e9ra vid\u00e9o et microphone (plac\u00e9s au-dessus de votre lit d\u2019h\u00f4pital)<\/li>\n<\/ul>\n<p>Nous pouvons aussi faire un examen d\u2019EEG de longue dur\u00e9e par vid\u00e9o pour surveiller les patients pendant un changement de m\u00e9dicament et pour faire la diff\u00e9rence entre les crises, les effets secondaires des m\u00e9dicaments et les autres \u00e9v\u00e9nements non \u00e9pileptiques.<\/p>\n<p>\u00a0<\/p>\n<div class=\"card\">\n<h2 class=\"card-header h2-mock\">Lieu<\/h2>\n<div class=\"card-body\">\n<p>L\u2019Unit\u00e9 de surveillance de l\u2019\u00e9pilepsie <br \/>Campus Civic de L\u2019H\u00f4pital d\u2019Ottawa,<br \/>1053, avenue Carling,<br \/>Ottawa, ON,<br \/>K1Y 4E9.<\/p>\n<hr \/>\n<p>Elle fait partie de l\u2019Unit\u00e9 de soins interm\u00e9diaires en neurosciences, qui se trouve au deuxi\u00e8me \u00e9tage de l\u2019h\u00f4pital, dans le secteur E.<\/p>\n<\/div>\n<\/div>\n<p>\u00a0<\/p>\n<p>Le jour de votre hospitalisation, veuillez porter un masque en arrivant \u00e0 l\u2019h\u00f4pital. Si vous n\u2019en avez pas, une personne responsable du d\u00e9pistage vous en fournira un. Vous pouvez utiliser soit l\u2019entr\u00e9e principale pr\u00e8s du garage et du Tim Hortons, soit l\u2019entr\u00e9e Est sur Melrose. Suivez ensuite ces \u00e9tapes:<\/p>\n<ol>\n<li>Allez vous inscrire au Service des admissions au rez-de-chauss\u00e9e.<\/li>\n<li>Apr\u00e8s votre inscription, rendez-vous \u00e0 l\u2019Unit\u00e9 de soins interm\u00e9diaires en neurosciences (veuillez attendre apr\u00e8s 7 h 30). (Prenez l\u2019un des ascenseurs D jusqu\u2019au 2e \u00e9tage. L\u2019unit\u00e9 se trouvera \u00e0 votre droite.)<\/li>\n<\/ol>\n","protected":false},"excerpt":{"rendered":"<p>Veuillez noter que les services de l\u2019Unit\u00e9 de surveillance de l\u2019\u00e9pilepsie sont couverts par l\u2019Assurance-sant\u00e9 de l\u2019Ontario. Aper\u00e7u Vous serez admis \u00e0 l\u2019Unit\u00e9 de surveillance de l\u2019\u00e9pilepsie pour passer un examen d\u2019EEG de longue dur\u00e9e. Cet examen nous permet de mieux comprendre la situation et les crises que vous avez. Voici comment: Des images vid\u00e9o [&hellip;]<\/p>\n","protected":false},"author":25,"featured_media":0,"parent":57840,"menu_order":7,"comment_status":"closed","ping_status":"closed","template":"","meta":{"_acf_changed":false,"_mc_calendar":[],"footnotes":""},"class_list":["post-57989","page","type-page","status-publish","hentry"],"acf":[],"wps_subtitle":"","_links":{"self":[{"href":"https:\/\/www.ottawahospital.on.ca\/fr\/wp-json\/wp\/v2\/pages\/57989","targetHints":{"allow":["GET"]}}],"collection":[{"href":"https:\/\/www.ottawahospital.on.ca\/fr\/wp-json\/wp\/v2\/pages"}],"about":[{"href":"https:\/\/www.ottawahospital.on.ca\/fr\/wp-json\/wp\/v2\/types\/page"}],"author":[{"embeddable":true,"href":"https:\/\/www.ottawahospital.on.ca\/fr\/wp-json\/wp\/v2\/users\/25"}],"replies":[{"embeddable":true,"href":"https:\/\/www.ottawahospital.on.ca\/fr\/wp-json\/wp\/v2\/comments?post=57989"}],"version-history":[{"count":0,"href":"https:\/\/www.ottawahospital.on.ca\/fr\/wp-json\/wp\/v2\/pages\/57989\/revisions"}],"up":[{"embeddable":true,"href":"https:\/\/www.ottawahospital.on.ca\/fr\/wp-json\/wp\/v2\/pages\/57840"}],"wp:attachment":[{"href":"https:\/\/www.ottawahospital.on.ca\/fr\/wp-json\/wp\/v2\/media?parent=57989"}],"curies":[{"name":"wp","href":"https:\/\/api.w.org\/{rel}","templated":true}]}}