{"id":57959,"date":"2020-12-15T16:19:24","date_gmt":"2020-12-15T21:19:24","guid":{"rendered":"https:\/\/www.ottawahospital.on.ca\/?page_id=57959"},"modified":"2021-06-18T14:26:10","modified_gmt":"2021-06-18T18:26:10","slug":"services-cliniques","status":"publish","type":"page","link":"https:\/\/www.ottawahospital.on.ca\/fr\/services-cliniques\/deptpgrmcs\/programmes\/epilepsie\/services-cliniques\/","title":{"rendered":"Services cliniques"},"content":{"rendered":"<p class=\"intro-text1\">L\u2019\u00e9pilepsie est un trouble complexe, qui exige des soins sp\u00e9cialis\u00e9s, c\u2019est pourquoi nous offrons de nombreux services en clinique externe, chacun ayant sa propre approche et sa propre expertise.<\/p>\n<h2>Programme d\u2019\u00e9pilepsie g\u00e9n\u00e9rale<\/h2>\n<p>Ce programme a pour objectif de vous offrir des soins holistiques, centr\u00e9s sur vous, et de vous aider \u00e0 contr\u00f4ler vos crises. Nous rencontrons des patients atteints d\u2019\u00e9pilepsie qui ont des probl\u00e8mes de r\u00e9sistance aux m\u00e9dicaments, qui viennent de recevoir un diagnostic d\u2019\u00e9pilepsie, qui ont \u00e9t\u00e9 op\u00e9r\u00e9s pour leur \u00e9pilepsie ou qui ont besoin d\u2019un ajustement de leur stimulateur du nerf vague, pour ne nommer que quelques-unes de nos activit\u00e9s.<\/p>\n<p>Nous voyons aussi des patients aux prises avec des sympt\u00f4mes qui s\u2019apparentent \u00e0 des crises \u00e9pileptiques et qui ont besoin d\u2019un diagnostic.<\/p>\n<h2>Programme de premi\u00e8re crise \u00e9pileptique<\/h2>\n<p>Ce programme a pour objectif d\u2019aider les patients qui ont peut-\u00eatre eu la premi\u00e8re crise \u00e9pileptique de leur vie, c\u2019est-\u00e0-dire que l\u2019on soup\u00e7onne qu\u2019ils sont atteints d\u2019\u00e9pilepsie. Nous avons mis en place un processus de recommandation acc\u00e9l\u00e9r\u00e9 pour \u00e9pargner le temps d\u2019attente habituel aux personnes dans cette situation, car cela a souvent des r\u00e9percussions importantes sur leur sant\u00e9 psychologique et sociale.<\/p>\n<p>En ce moment, seuls les patients qui ont \u00e9t\u00e9 \u00e9valu\u00e9s \u00e0 l\u2019Urgence de L\u2019H\u00f4pital d\u2019Ottawa ont acc\u00e8s au Programme de premi\u00e8re crise. La phase pilote prendra fin en 2021, apr\u00e8s quoi nous pourrons \u00e9valuer des patients qui viennent d\u2019autres \u00e9tablissements.<\/p>\n<h2>Programme d\u2019\u00e9pilepsie pour les femmes<\/h2>\n<p>Ce programme a \u00e9t\u00e9 mise en place pour r\u00e9pondre aux besoins et pr\u00e9occupations uniques des femmes atteintes d\u2019\u00e9pilepsie. Les femmes doivent composer avec diff\u00e9rents d\u00e9fis, notamment en ce qui concerne la sant\u00e9 reproductive. Les hormones f\u00e9minines peuvent avoir des effets sur les fonctions c\u00e9r\u00e9brales et d\u00e9clencher des crises \u00e0 tous les stades de la vie, de la pubert\u00e9 jusqu\u2019\u00e0 la m\u00e9nopause.<\/p>\n<p>Le programme compte sur une \u00e9quipe de neurologues, de sp\u00e9cialistes de la sant\u00e9 maternelle et f\u0153tale et de gyn\u00e9cologues qui s\u2019int\u00e9ressent sp\u00e9cialement \u00e0 l\u2019\u00e9pilepsie chez les femmes et qui ont de l\u2019exp\u00e9rience dans ce domaine.<\/p>\n<h2>Programme de transition<\/h2>\n<p>Les programmes sp\u00e9cialis\u00e9s en \u00e9pilepsie pour adultes et pour enfants de la ville sont interreli\u00e9s et font partie <a href=\"https:\/\/ottawaepilepsyprogram.ca\/#pll_switcher\" target=\"_blank\" rel=\"noopener noreferrer\">du programme \u00c9pilepsie Ottawa.<\/a><\/p>\n<p>Nous travaillons donc en \u00e9troite collaboration, pour faire en sorte que les jeunes adultes et les adolescents qui sont trait\u00e9s au CHEO vivent en douceur la transition vers le mod\u00e8le de soins pour adultes. Nous avons une exp\u00e9rience consid\u00e9rable avec les patients en p\u00e9diatrie et nous comprenons les subtilit\u00e9s de l\u2019adolescence et les pr\u00e9occupations que vivent les jeunes patients qui entreprennent ce nouveau chapitre de leur traitement.<\/p>\n<h2>Infirmi\u00e8res<\/h2>\n<p>Dans toutes nos cliniques, nous avons une \u00e9quipe d\u2019infirmi\u00e8res hautement sp\u00e9cialis\u00e9es ayant re\u00e7u de la formation de qualit\u00e9 en mati\u00e8re d\u2019\u00e9pilepsie, qui r\u00e9pondront \u00e0 vos questions et \u00e0 vos besoins. Elles aident vos sp\u00e9cialistes en \u00e9pilepsie \u00e0 recueillir des renseignements, \u00e0 ajuster vos m\u00e9dicaments et \u00e0 vous informer si vous avez des crises entre vos rendez-vous officiels.<\/p>\n<p>Nous offrons une ligne confidentielle au 613-798-5555, poste 18102. Le nombre d\u2019appels \u00e9tant \u00e9lev\u00e9, nous utilisons un syst\u00e8me de messagerie vocale. Veuillez laisser un message d\u00e9taill\u00e9, en indiquant votre pr\u00e9nom,votre nom, le nom de votre sp\u00e9cialiste de l\u2019\u00e9pilepsie traitant, la raison de votre appel et le num\u00e9ro de t\u00e9l\u00e9phone pour vous rappeler. Apr\u00e8s avoir pris connaissance de votre message, nous en discuterons avec votre m\u00e9decin ou nous vous rappellerons pour obtenir de plus amples renseignements. Lorsque nous aurons d\u00e9termin\u00e9 les mesures \u00e0 prendre, une personne de notre bureau (l\u2019infirmi\u00e8re, l\u2019assistante administrative ou le m\u00e9decin) vous appellera.<\/p>\n<div class=\"card\">\n<h2 class=\"card-header h2-mock\">Emplacement et coordonn\u00e9es<\/h2>\n<div class=\"card-body\">\n<p><strong>emplacement :<\/strong><br \/>\nNous sommes situ\u00e9s au Campus Civic de L\u2019H\u00f4pital d\u2019Ottawa, dans la Clinique de neurosciences de L\u2019H\u00f4pital d\u2019Ottawa, au deuxi\u00e8me \u00e9tage (secteur C2).<\/p>\n<hr \/>\n<p><strong>Num\u00e9ro de t\u00e9l\u00e9phone : <\/strong>613 798 5555 poste 17932<br \/>\n<strong>Ligne des services infirmiers : <\/strong>613 798 5555 poste 18102 (bo\u00eete vocale)<br \/>\n<strong>T\u00e9l\u00e9copieur : <\/strong>613-761-5360 ou 613-761-4752<\/p>\n<hr \/>\n<p>Assistantes administratives : <strong>Michelle D\u2019Angelo<\/strong> pour la Dre Kale et le <strong>Dr.Fantaneanu<\/strong>,<strong>Wende Hanes<\/strong> pour la Dre Rezazadeh.<\/p>\n<\/div>\n<\/div>\n","protected":false},"excerpt":{"rendered":"<p>L\u2019\u00e9pilepsie est un trouble complexe, qui exige des soins sp\u00e9cialis\u00e9s, c\u2019est pourquoi nous offrons de nombreux services en clinique externe, chacun ayant sa propre approche et sa propre expertise. Programme d\u2019\u00e9pilepsie g\u00e9n\u00e9rale Ce programme a pour objectif de vous offrir des soins holistiques, centr\u00e9s sur vous, et de vous aider \u00e0 contr\u00f4ler vos crises. Nous [&hellip;]<\/p>\n","protected":false},"author":25,"featured_media":0,"parent":57840,"menu_order":4,"comment_status":"closed","ping_status":"closed","template":"","meta":{"_acf_changed":false,"_mc_calendar":[],"footnotes":""},"class_list":["post-57959","page","type-page","status-publish","hentry"],"acf":[],"wps_subtitle":"","_links":{"self":[{"href":"https:\/\/www.ottawahospital.on.ca\/fr\/wp-json\/wp\/v2\/pages\/57959","targetHints":{"allow":["GET"]}}],"collection":[{"href":"https:\/\/www.ottawahospital.on.ca\/fr\/wp-json\/wp\/v2\/pages"}],"about":[{"href":"https:\/\/www.ottawahospital.on.ca\/fr\/wp-json\/wp\/v2\/types\/page"}],"author":[{"embeddable":true,"href":"https:\/\/www.ottawahospital.on.ca\/fr\/wp-json\/wp\/v2\/users\/25"}],"replies":[{"embeddable":true,"href":"https:\/\/www.ottawahospital.on.ca\/fr\/wp-json\/wp\/v2\/comments?post=57959"}],"version-history":[{"count":0,"href":"https:\/\/www.ottawahospital.on.ca\/fr\/wp-json\/wp\/v2\/pages\/57959\/revisions"}],"up":[{"embeddable":true,"href":"https:\/\/www.ottawahospital.on.ca\/fr\/wp-json\/wp\/v2\/pages\/57840"}],"wp:attachment":[{"href":"https:\/\/www.ottawahospital.on.ca\/fr\/wp-json\/wp\/v2\/media?parent=57959"}],"curies":[{"name":"wp","href":"https:\/\/api.w.org\/{rel}","templated":true}]}}