{"id":57940,"date":"2020-12-15T15:21:13","date_gmt":"2020-12-15T20:21:13","guid":{"rendered":"https:\/\/www.ottawahospital.on.ca\/?page_id=57940"},"modified":"2021-02-01T18:31:56","modified_gmt":"2021-02-01T23:31:56","slug":"lequipe","status":"publish","type":"page","link":"https:\/\/www.ottawahospital.on.ca\/fr\/services-cliniques\/deptpgrmcs\/programmes\/epilepsie\/lequipe\/","title":{"rendered":"L\u2019\u00e9quipe"},"content":{"rendered":"<p class=\"intro-text1\">L\u2019\u00e9quipe multidisciplinaire d\u2019experts s\u2019occupe de tous les aspects de vos soins. L\u2019objectif du traitement est non seulement de ma\u00eetriser vos crises, mais aussi de vous aider, ainsi que votre famille, \u00e0 relever les d\u00e9fis quotidiens qui viennent avec ce probl\u00e8me de sant\u00e9, afin que vous ayez tous les moyens possibles d\u2019am\u00e9liorer votre qualit\u00e9 de vie g\u00e9n\u00e9rale.<\/p>\n<div id=\"accordion\" class=\"panel-group\">\n<div class=\"panel panel-default\">\n<div class=\"panel-heading\">\n<h4 class=\"panel-title\"><a class=\"collapsed\" href=\"#collapse1\" data-toggle=\"collapse\" data-parent=\"#accordion\" aria-expanded=\"false\">\u00c9pileptologues<\/a><\/h4>\n<\/div>\n<div id=\"collapse1\" class=\"panel-collapse collapse\" aria-expanded=\"false\">\n<div class=\"panel-body\">\n<ul>\n<li>Un \u00e9pileptologue est un neurologue qui a re\u00e7u une formation sp\u00e9cialis\u00e9e pour la prise en charge de l\u2019\u00e9pilepsie et qui poss\u00e8de de l\u2019exp\u00e9rience dans le domaine.<\/li>\n<li>Les \u00e9pileptologues de L\u2019H\u00f4pital d\u2019Ottawa poss\u00e8dent l\u2019expertise clinique n\u00e9cessaire pour interpr\u00e9ter les EEG, diagnostiquer l\u2019\u00e9pilepsie et cr\u00e9er divers plans de traitement (qui peuvent comprendre des m\u00e9dicaments, un r\u00e9gime c\u00e9tog\u00e8ne et la chirurgie).<\/li>\n<\/ul>\n<p>Le <strong>Dr Tadeu A. Fantaneanu<\/strong>, qui se fait appeler Dr Tad par ses patients, est professeur adjoint \u00e0l\u2019Universit\u00e9 d\u2019Ottawa en plus d\u2019\u00eatre m\u00e9decin clinicien enseignant et neurologue au D\u00e9partement de m\u00e9decine. Il a fait ses \u00e9tudes m\u00e9dicales de premier cycle \u00e0 l\u2019Universit\u00e9 McGill (2009) et sa r\u00e9sidence en neurologie chez l\u2019adulte \u00e0 l\u2019Universit\u00e9 d\u2019Ottawa (2014). Il a ensuite effectu\u00e9 des sursp\u00e9cialisations (fellowships) en neurophysiologie clinique (2015) et en \u00e9pilepsie avanc\u00e9e (2016) \u00e0 la Brigham and Women\u2019s Hospital and Harvard Medical School de Boston, au Massachusetts. Pendant cette formation, il a \u00e9galement suivi le programme Clinical Effectiveness de la Harvard T.H Chan School of Public Health. Le Dr Tad travaille \u00e0 la mise en place d\u2019un programme de traitement de l\u2019\u00e9pilepsie \u00e0 Ottawa, en Ontario.<\/p>\n<p>Le Dr Tad est pr\u00e9sentement directeur du Programme d\u2019\u00e9pilepsie pour adultes de L\u2019H\u00f4pital d\u2019Ottawa, directeur du laboratoire d\u2019EEG et directeur de la sursp\u00e9cialisation en EEG.<\/p>\n<p>Ses champs d\u2019int\u00e9r\u00eat comprennent les soins transitoires, le suivi par EEG appliqu\u00e9 aux soins critiques, l\u2019\u00e9pilepsie pharmacor\u00e9sistante, la chirurgie de l\u2019\u00e9pilepsie, la sant\u00e9 des femmes atteintes d\u2019\u00e9pilepsie, ainsi que l\u2019enseignement m\u00e9dical.<\/p>\n<p style=\"text-align: left;\">La<strong> Dre Arezoo Rezazadeh<\/strong> est une neurologue et sp\u00e9cialiste de l\u2019\u00e9pilepsie qui a effectu\u00e9 de la recherche sur l\u2019\u00e9pilepsie et la g\u00e9n\u00e9tique de l\u2019\u00e9pilepsie. Elle est n\u00e9e et a grandi en Iran, o\u00f9 elle a obtenu son dipl\u00f4me de l\u2019\u00e9cole de m\u00e9decine de l\u2019Universit\u00e9 des sciences m\u00e9dicales d\u2019Ispahan. Elle a ensuite effectu\u00e9 sa r\u00e9sidence en neurologie \u00e0 l\u2019Universit\u00e9 des sciences m\u00e9dicales de T\u00e9h\u00e9ran. Par la suite, elle a travaill\u00e9 \u00e0 titre de neurologue sp\u00e9cialiste en Iran avant de s\u2019installer au Canada et de faire une sursp\u00e9cialisation de type clinique et recherche en \u00e9pilepsie et g\u00e9n\u00e9tique de l\u2019\u00e9pilepsie \u00e0 l\u2019Universit\u00e9 de Toronto, en 2018. Elle d\u00e9tient aussi une certification de la SCNC (Soci\u00e9t\u00e9 canadienne de neurophysiologie clinique).<\/p>\n<p style=\"text-align: left;\">La Dre Rezazadeh s\u2019int\u00e9resse particuli\u00e8rement \u00e0 l\u2019\u00e9pilepsie d\u2019origine g\u00e9n\u00e9tique, \u00e0 la sant\u00e9 des femmes atteintes d\u2019\u00e9pilepsie et \u00e0 l\u2019\u00e9pilepsie incurable.<\/p>\n<p style=\"text-align: left;\">La <strong>Rajendra Kale<\/strong> est une sp\u00e9cialiste de l\u2019\u00e9pilepsie dans la capitale canadienne.<\/p>\n<\/div>\n<\/div>\n<\/div>\n<div class=\"panel panel-default\">\n<div class=\"panel-heading\">\n<h4 class=\"panel-title\"><a class=\"collapsed\" href=\"#collapse2\" data-toggle=\"collapse\" data-parent=\"#accordion\" aria-expanded=\"false\">Neuropsychologues cliniciens<\/a><\/h4>\n<\/div>\n<div id=\"collapse2\" class=\"panel-collapse collapse\" aria-expanded=\"false\">\n<div class=\"panel-body\">\n<ul>\n<li>Un neuropsychologue clinicien a une formation sp\u00e9cialis\u00e9e sur la relation entre le cerveau et le comportement.<\/li>\n<li>Notre neuropsychologue effectue une \u00e9valuation compl\u00e8te de vos aptitudes cognitives (par exemple, l\u2019intelligence, l\u2019attention, l\u2019apprentissage, la m\u00e9moire, le langage, les aptitudes oculo-spatiales et la motricit\u00e9 fine) et de vos aptitudes \u00e0 l\u2019apprentissage, ainsi qu\u2019un examen complet de votre comportement, de vos \u00e9motions, et de vos aptitudes sociales.<\/li>\n<\/ul>\n<p>Le<strong> Dr Bryce Mulligan<\/strong>, C. Psych., est neuropsychologue, psychologue clinicien et psychologue en r\u00e9adaptation \u00e0 L\u2019H\u00f4pital d\u2019Ottawa. Il a obtenu son doctorat \u00e0 l\u2019Universit\u00e9 de Victoria, puis effectu\u00e9 sa r\u00e9sidence en neuropsychologie clinique \u00e0 L\u2019H\u00f4pital d\u2019Ottawa (2017) et auparavant, un baccalaur\u00e9at et une ma\u00eetrise en neuroscience comportementale \u00e0 l\u2019Universit\u00e9 Laurentienne. Le Dr Mulligan se consacre avec passion \u00e0 l\u2019am\u00e9lioration de la qualit\u00e9 de vie et de l\u2019autonomie de ses patients, \u00e0 la recherche fondamentale et appliqu\u00e9e, \u00e0 l\u2019enseignement et \u00e0 la supervision de stagiaires. Ses champs d\u2019int\u00e9r\u00eat cliniques comprennent la chirurgie appliqu\u00e9e \u00e0 la neuropsychologie, la r\u00e9adaptation des patients ayant des l\u00e9sions c\u00e9r\u00e9brales ou un trouble neurologique, de m\u00eame que les domaines \u00e9mergents en \u00e9valuation et en intervention, comme l\u2019\u00e9valuation cognitive informatis\u00e9e et \u00e0 distance, la r\u00e9troaction biologique et les traitements par stimulation \u00e9lectromagn\u00e9tique.<\/p>\n<\/div>\n<\/div>\n<\/div>\n<div class=\"panel panel-default\">\n<div class=\"panel-heading\">\n<h4 class=\"panel-title\"><a class=\"collapsed\" href=\"#collapse3\" data-toggle=\"collapse\" data-parent=\"#accordion\" aria-expanded=\"false\">Infirmi\u00e8res<\/a><\/h4>\n<\/div>\n<div id=\"collapse3\" class=\"panel-collapse collapse\" aria-expanded=\"false\">\n<div class=\"panel-body\">\n<ul>\n<li>Le personnel infirmier poss\u00e8de de l\u2019expertise dans la prise en charge de l\u2019\u00e9pilepsie et de ses effets \u00e0 long terme sur la sant\u00e9.<\/li>\n<li>Les infirmi\u00e8res prennent une part active dans vos soins et font partie de votre \u00e9quipe de soins en faisant le lien entre vous et les autres membres de l\u2019\u00e9quipe de traitement de l\u2019\u00e9pilepsie.<\/li>\n<li>\u00c0 la clinique d\u2019\u00e9pilepsie, elles d\u00e9terminent quels sont vos besoins et vous informent au sujet des nouveaux diagnostics, de la gestion de vos m\u00e9dicaments et du plan de soins.<\/li>\n<li>Elles travaillent aussi en partenariat avec les organismes communautaires, afin de r\u00e9pondre \u00e0 vos besoins connexes dans la communaut\u00e9.<\/li>\n<\/ul>\n<p><strong>Sabrina Chang<\/strong> joue deux r\u00f4les \u00e0 la clinique d\u2019\u00e9pilepsie et \u00e0 l\u2019unit\u00e9 de surveillance de l\u2019\u00e9pilepsie. Elle effectue le triage des recommandations re\u00e7ues par l\u2019Unit\u00e9 de surveillance de l\u2019\u00e9pilepsie, coordonne les hospitalisations et pr\u00e9pare les patients \u00e0 leur s\u00e9jour \u00e0 l\u2019Unit\u00e9. Sabrina a obtenu son baccalaur\u00e9at en sciences infirmi\u00e8res \u00e0 l\u2019Universit\u00e9 d\u2019Ottawa en 2010 et elle travaille \u00e0 L\u2019H\u00f4pital d\u2019Ottawa depuis juin 2010. Apr\u00e8s trois ans \u00e0 exercer son m\u00e9tier dans une unit\u00e9 de m\u00e9decine, Sabrina est retourn\u00e9e aux \u00e9tudes pour faire une ma\u00eetrise. Apr\u00e8s avoir obtenu son grade, en 2015, Sabrina s\u2019est jointe au programme d\u2019\u00e9pilepsie \u00e0 la Clinique de neurosciences, au secteur C2 du Campus Civic.<\/p>\n<p><strong> Shani Spooner<\/strong> est une infirmi\u00e8re autoris\u00e9e poss\u00e9dant plus de 25 ans d\u2019exp\u00e9rience en neuroscience. Dipl\u00f4m\u00e9e en soins infirmiers du Coll\u00e8ge Algonquin, elle s\u2019est jointe \u00e0 la clinique en 2017 \u00e0 temps partiel.<\/p>\n<\/div>\n<\/div>\n<\/div>\n<div class=\"panel panel-default\">\n<div class=\"panel-heading\">\n<h4 class=\"panel-title\"><a class=\"collapsed\" href=\"#collapse4\" data-toggle=\"collapse\" data-parent=\"#accordion\" aria-expanded=\"false\">Technologues en EEG<\/a><\/h4>\n<\/div>\n<div id=\"collapse4\" class=\"panel-collapse collapse\" aria-expanded=\"false\">\n<div class=\"panel-body\">\n<ul>\n<li>Les technologues en EEG (\u00e9lectroenc\u00e9phalographie) sont des professionnels de la sant\u00e9 form\u00e9s pour utiliser de l\u2019\u00e9quipement sp\u00e9cialis\u00e9 qui sert \u00e0 localiser les anomalies \u00e9lectriques dans le cerveau.<\/li>\n<li>Ils travaillent sous la supervision de m\u00e9decins et de neurologues.<\/li>\n<li>Ils contribuent \u00e0 coordonner les soins en organisant les examens d\u2019EEG en fonction des rendez vous des patients externes ou pendant le s\u00e9jour des patients hospitalis\u00e9s.<\/li>\n<li>Les technologues en EEG effectuent des examens d\u2019EEG r\u00e9guliers, des examens \u00e0 l\u2019admission \u00e0 l\u2019Unit\u00e9 de surveillance de l\u2019\u00e9pilepsie et des examens urgents pour les patients hospitalis\u00e9s.<\/li>\n<\/ul>\n<h4>Julie Mills, technologue responsable<\/h4>\n<p>Technologue autoris\u00e9e en EMG, Board of Registration of EMG Technologists of Canada et Congr\u00e8s canadien des sciences neurologiques, d\u00e9sormais appel\u00e9 F\u00e9d\u00e9ration des sciences neurologiques du Canada (1990)<\/p>\n<p>Baccalaur\u00e9at en kin\u00e9siologie (1988)<\/p>\n<h4>Jos\u00e9e Carpentier<\/h4>\n<p>Technologue autoris\u00e9e en EEG, L\u2019H\u00f4pital d\u2019Ottawa<\/p>\n<p>Technologue responsable en EEG, Centre de sant\u00e9 mentale Royal Ottawa<\/p>\n<p>Technologue autoris\u00e9e en EEG, Canadian Board of Registration of EEG Technologist, Inc..<\/p>\n<h4>Michel Babineau<\/h4>\n<p>Technologue en EEG, L\u2019H\u00f4pital d\u2019Ottawa<\/p>\n<p>Technologue autoris\u00e9 en EEG, American Board of Registration of Electroencephalographic and Evoked Potential Technologists (2006)<\/p>\n<p>Technologue autoris\u00e9 en polysomnographie, Board of Registered Polysomnographic Technologists (1995-2012)<\/p>\n<p>Th\u00e9rapeute respiratoire inscrit, Soci\u00e9t\u00e9 canadienne des th\u00e9rapeutes respiratoires (1991-2001)<\/p>\n<p>Dipl\u00f4me de th\u00e9rapie respiratoire, Coll\u00e8ge Algonquin \/ La Cit\u00e9 Coll\u00e9giale (1991)<\/p>\n<h4>Natasha Pitre<\/h4>\n<p>Technologue en neurodiagnostic, L\u2019H\u00f4pital d\u2019Ottawa<\/p>\n<p>Neurodiagnostic, La Cit\u00e9 (2017)<\/p>\n<p>Technologue autoris\u00e9e en EEG, Canadian Board of Registration of Electroencephalograph Technologists (2019)<\/p>\n<h4>Jannie Fortin<\/h4>\n<p>Technologue en EEG\/EMG, L\u2019H\u00f4pital d\u2019Ottawa<\/p>\n<p>Technologue autoris\u00e9e en EMG, Board of Registration of EMG Technologists of Canada (2012)<\/p>\n<h4>Katia Lavictoire<\/h4>\n<p>Technologue autoris\u00e9e en EEG, laboratoires d\u2019EEG, L\u2019H\u00f4pital d\u2019Ottawa<\/p>\n<p>Technologue autoris\u00e9e en EEG, Canadian Board of Registration of EEG Technologist, Inc. (2019)<\/p>\n<p>Dipl\u00f4me en techniques d\u2019\u00e9lectroneurophysiologie m\u00e9dicale (2016)<\/p>\n<h4>Kasandra Constantineau<\/h4>\n<p>Technologue en EEG, L\u2019H\u00f4pital d\u2019Ottawa.<\/p>\n<p>Dipl\u00f4me en \u00e9lectrodiagnostic, La Cit\u00e9 Coll\u00e9giale, 2020<\/p>\n<\/div>\n<\/div>\n<\/div>\n<\/div>\n<p>Bien entendu, vous rencontrerez beaucoup d\u2019autres professionnels de la sant\u00e9 et formateurs sp\u00e9cialis\u00e9s en \u00e9pilepsie d\u00e9vou\u00e9s et comp\u00e9tents qui font partie de notre programme et qui sont l\u00e0 pour vous accompagner.<\/p>\n<p>Saluez-les au passage et ils se feront un plaisir de se pr\u00e9senter!<\/p>\n","protected":false},"excerpt":{"rendered":"<p>L\u2019\u00e9quipe multidisciplinaire d\u2019experts s\u2019occupe de tous les aspects de vos soins. L\u2019objectif du traitement est non seulement de ma\u00eetriser vos crises, mais aussi de vous aider, ainsi que votre famille, \u00e0 relever les d\u00e9fis quotidiens qui viennent avec ce probl\u00e8me de sant\u00e9, afin que vous ayez tous les moyens possibles d\u2019am\u00e9liorer votre qualit\u00e9 de vie [&hellip;]<\/p>\n","protected":false},"author":25,"featured_media":0,"parent":57840,"menu_order":3,"comment_status":"closed","ping_status":"closed","template":"","meta":{"_acf_changed":false,"_mc_calendar":[],"footnotes":""},"class_list":["post-57940","page","type-page","status-publish","hentry"],"acf":[],"wps_subtitle":"","_links":{"self":[{"href":"https:\/\/www.ottawahospital.on.ca\/fr\/wp-json\/wp\/v2\/pages\/57940","targetHints":{"allow":["GET"]}}],"collection":[{"href":"https:\/\/www.ottawahospital.on.ca\/fr\/wp-json\/wp\/v2\/pages"}],"about":[{"href":"https:\/\/www.ottawahospital.on.ca\/fr\/wp-json\/wp\/v2\/types\/page"}],"author":[{"embeddable":true,"href":"https:\/\/www.ottawahospital.on.ca\/fr\/wp-json\/wp\/v2\/users\/25"}],"replies":[{"embeddable":true,"href":"https:\/\/www.ottawahospital.on.ca\/fr\/wp-json\/wp\/v2\/comments?post=57940"}],"version-history":[{"count":0,"href":"https:\/\/www.ottawahospital.on.ca\/fr\/wp-json\/wp\/v2\/pages\/57940\/revisions"}],"up":[{"embeddable":true,"href":"https:\/\/www.ottawahospital.on.ca\/fr\/wp-json\/wp\/v2\/pages\/57840"}],"wp:attachment":[{"href":"https:\/\/www.ottawahospital.on.ca\/fr\/wp-json\/wp\/v2\/media?parent=57940"}],"curies":[{"name":"wp","href":"https:\/\/api.w.org\/{rel}","templated":true}]}}