{"id":57899,"date":"2020-12-15T13:39:10","date_gmt":"2020-12-15T18:39:10","guid":{"rendered":"https:\/\/www.ottawahospital.on.ca\/?page_id=57899"},"modified":"2020-12-21T16:22:17","modified_gmt":"2020-12-21T21:22:17","slug":"le-programme","status":"publish","type":"page","link":"https:\/\/www.ottawahospital.on.ca\/fr\/services-cliniques\/deptpgrmcs\/programmes\/epilepsie\/le-programme\/","title":{"rendered":"Le Programme"},"content":{"rendered":"<h2><span lang=\"FR-CA\">Aper\u00e7u<\/span><\/h2>\n<p>Le Programme d\u2019\u00e9pilepsie pour adultes de L\u2019H\u00f4pital d\u2019Ottawa fonctionne actuellement comme un centre de district de l\u2019\u00e9pilepsie selon la strat\u00e9gie de l\u2019Ontario pour le traitement de l\u2019\u00e9pilepsie.<\/p>\n<p>Nous offrons en ce moment des soins sp\u00e9cialis\u00e9s pour l\u2019\u00e9pilepsie, ainsi que l\u2019\u00e9valuation neurodiagnostique, des services neuropsychologiques et des \u00e9valuations non invasives en vue d\u2019une chirurgie pour l\u2019\u00e9pilepsie. Nous avons une Unit\u00e9 de surveillance de l\u2019\u00e9pilepsie, une unit\u00e9 de soins \u00e0 deux lits o\u00f9 nous pouvons diagnostiquer les formes d\u2019\u00e9pilepsie qui r\u00e9sistent aux m\u00e9dicaments.<\/p>\n<p>Les patients ayant besoin d\u2019autres traitements chirurgicaux sont dirig\u00e9s vers les centres r\u00e9gionaux de chirurgie de l\u2019\u00e9pilepsie de Toronto (Ontario) ou de London (Ontario).<\/p>\n<p>Le Programme compte sur une \u00e9quipe dynamique et compatissante de sp\u00e9cialistes en \u00e9pilepsie, de neuropsychologues, d\u2019infirmi\u00e8res sp\u00e9cialis\u00e9es et de technologues en \u00e9lectroenc\u00e9phalographie (EEG), qui sont tous form\u00e9s et poss\u00e8dent une expertise en mati\u00e8re d\u2019\u00e9pilepsie.<\/p>\n<p>Nous collaborons \u00e9troitement avec le personnel de notre \u00e9tablissement partenaire, le Centre hospitalier pour enfants de l\u2019est de l\u2019Ontario (CHEO), afin de faciliter aux jeunes adultes qui ont \u00e9t\u00e9 trait\u00e9s dans l\u2019environnement centr\u00e9 sur la famille du CHEO la transition vers des soins davantage ax\u00e9s sur le patient.<\/p>\n\n\n<figure class=\"wp-block-image size-large\"><img decoding=\"async\" width=\"936\" height=\"504\" src=\"https:\/\/www.ottawahospital.on.ca\/wp-content\/uploads\/2020\/12\/Adult-Epilepsy-program-org-chart-FR.png\" alt=\"Organigramme du programme d\u2019\u00e9pilepsie pour adultes de L\u2019H\u00f4pital d\u2019Ottawa.\" class=\"wp-image-58308\" srcset=\"https:\/\/www.ottawahospital.on.ca\/wp-content\/uploads\/2020\/12\/Adult-Epilepsy-program-org-chart-FR.png 936w, https:\/\/www.ottawahospital.on.ca\/wp-content\/uploads\/2020\/12\/Adult-Epilepsy-program-org-chart-FR-600x323.png 600w, https:\/\/www.ottawahospital.on.ca\/wp-content\/uploads\/2020\/12\/Adult-Epilepsy-program-org-chart-FR-300x162.png 300w, https:\/\/www.ottawahospital.on.ca\/wp-content\/uploads\/2020\/12\/Adult-Epilepsy-program-org-chart-FR-768x414.png 768w\" sizes=\"(max-width: 936px) 100vw, 936px\" \/><\/figure>\n\n\n\n<h3 class=\"wp-block-heading\">Organigramme<\/h3>\n\n\n\n<ul class=\"wp-block-list\"><li>Programme d\u2019\u00e9pilepsie pour adultes<ul><li>Services aux patients hospitalis\u00e9s<ul><li>Soins critiques-surveillance EEG continue<\/li><li>Unit\u00e9 de surveillance de l&rsquo;\u00e9pilepsie<\/li><li>EEG de routine<\/li><\/ul><\/li><li>Services aux patients externes<ul><li>Services cliniques<\/li><li>Consultations virtuelles<\/li><li>EEG de routine<\/li><\/ul><\/li><\/ul><\/li><\/ul>\n","protected":false},"excerpt":{"rendered":"<p>Aper\u00e7u Le Programme d\u2019\u00e9pilepsie pour adultes de L\u2019H\u00f4pital d\u2019Ottawa fonctionne actuellement comme un centre de district de l\u2019\u00e9pilepsie selon la strat\u00e9gie de l\u2019Ontario pour le traitement de l\u2019\u00e9pilepsie. Nous offrons en ce moment des soins sp\u00e9cialis\u00e9s pour l\u2019\u00e9pilepsie, ainsi que l\u2019\u00e9valuation neurodiagnostique, des services neuropsychologiques et des \u00e9valuations non invasives en vue d\u2019une chirurgie pour [&hellip;]<\/p>\n","protected":false},"author":25,"featured_media":0,"parent":57840,"menu_order":2,"comment_status":"closed","ping_status":"closed","template":"","meta":{"_acf_changed":false,"_mc_calendar":[],"footnotes":""},"class_list":["post-57899","page","type-page","status-publish","hentry"],"acf":[],"wps_subtitle":"","_links":{"self":[{"href":"https:\/\/www.ottawahospital.on.ca\/fr\/wp-json\/wp\/v2\/pages\/57899","targetHints":{"allow":["GET"]}}],"collection":[{"href":"https:\/\/www.ottawahospital.on.ca\/fr\/wp-json\/wp\/v2\/pages"}],"about":[{"href":"https:\/\/www.ottawahospital.on.ca\/fr\/wp-json\/wp\/v2\/types\/page"}],"author":[{"embeddable":true,"href":"https:\/\/www.ottawahospital.on.ca\/fr\/wp-json\/wp\/v2\/users\/25"}],"replies":[{"embeddable":true,"href":"https:\/\/www.ottawahospital.on.ca\/fr\/wp-json\/wp\/v2\/comments?post=57899"}],"version-history":[{"count":0,"href":"https:\/\/www.ottawahospital.on.ca\/fr\/wp-json\/wp\/v2\/pages\/57899\/revisions"}],"up":[{"embeddable":true,"href":"https:\/\/www.ottawahospital.on.ca\/fr\/wp-json\/wp\/v2\/pages\/57840"}],"wp:attachment":[{"href":"https:\/\/www.ottawahospital.on.ca\/fr\/wp-json\/wp\/v2\/media?parent=57899"}],"curies":[{"name":"wp","href":"https:\/\/api.w.org\/{rel}","templated":true}]}}