{"id":57879,"date":"2020-12-15T12:10:39","date_gmt":"2020-12-15T17:10:39","guid":{"rendered":"https:\/\/www.ottawahospital.on.ca\/?page_id=57879"},"modified":"2020-12-15T12:33:51","modified_gmt":"2020-12-15T17:33:51","slug":"pandemie-de-covid-19","status":"publish","type":"page","link":"https:\/\/www.ottawahospital.on.ca\/fr\/services-cliniques\/deptpgrmcs\/programmes\/epilepsie\/le-programme-depilepsie-pour-adultes-de-lhopital-dottawa\/pandemie-de-covid-19\/","title":{"rendered":"Pand\u00e9mie de COVID-19"},"content":{"rendered":"<p>En raison de la pand\u00e9mie de COVID-19, L\u2019H\u00f4pital d\u2019Ottawa a mis en place de nombreux changements pour prot\u00e9ger le personnel et les patients. Nous sommes fiers de pouvoir affirmer qu\u2019en g\u00e9n\u00e9ral, beaucoup des activit\u00e9s du programme se poursuivent. Toutefois, nous reconnaissons que la situation pourrait changer. Nous esp\u00e9rons pouvoir continuer ainsi, mais il est possible qu\u2019une augmentation des taux d\u2019infection dans la r\u00e9gion perturbe encore les services que nous offrons. \u00c0 moins d\u2019indication contraire, \u00e0 l\u2019heure actuelle, les cliniques offrent presque exclusivement des services de t\u00e9l\u00e9m\u00e9decine, de fa\u00e7on virtuelle.<\/p>\n<p>Consultez la <a href=\"https:\/\/www.ottawahospital.on.ca\/fr\/nouveau-coronavirus-2019\/\">page de renseignements sur la COVID-19 de L\u2019H\u00f4pital d\u2019Ottawa<\/a> pour en savoir plus sur la pand\u00e9mie.<\/p>\n","protected":false},"excerpt":{"rendered":"<p>En raison de la pand\u00e9mie de COVID-19, L\u2019H\u00f4pital d\u2019Ottawa a mis en place de nombreux changements pour prot\u00e9ger le personnel et les patients. Nous sommes fiers de pouvoir affirmer qu\u2019en g\u00e9n\u00e9ral, beaucoup des activit\u00e9s du programme se poursuivent. Toutefois, nous reconnaissons que la situation pourrait changer. Nous esp\u00e9rons pouvoir continuer ainsi, mais il est possible [&hellip;]<\/p>\n","protected":false},"author":25,"featured_media":0,"parent":57875,"menu_order":0,"comment_status":"closed","ping_status":"closed","template":"","meta":{"_acf_changed":false,"_mc_calendar":[],"footnotes":""},"class_list":["post-57879","page","type-page","status-publish","hentry"],"acf":[],"wps_subtitle":"","_links":{"self":[{"href":"https:\/\/www.ottawahospital.on.ca\/fr\/wp-json\/wp\/v2\/pages\/57879","targetHints":{"allow":["GET"]}}],"collection":[{"href":"https:\/\/www.ottawahospital.on.ca\/fr\/wp-json\/wp\/v2\/pages"}],"about":[{"href":"https:\/\/www.ottawahospital.on.ca\/fr\/wp-json\/wp\/v2\/types\/page"}],"author":[{"embeddable":true,"href":"https:\/\/www.ottawahospital.on.ca\/fr\/wp-json\/wp\/v2\/users\/25"}],"replies":[{"embeddable":true,"href":"https:\/\/www.ottawahospital.on.ca\/fr\/wp-json\/wp\/v2\/comments?post=57879"}],"version-history":[{"count":0,"href":"https:\/\/www.ottawahospital.on.ca\/fr\/wp-json\/wp\/v2\/pages\/57879\/revisions"}],"up":[{"embeddable":true,"href":"https:\/\/www.ottawahospital.on.ca\/fr\/wp-json\/wp\/v2\/pages\/57875"}],"wp:attachment":[{"href":"https:\/\/www.ottawahospital.on.ca\/fr\/wp-json\/wp\/v2\/media?parent=57879"}],"curies":[{"name":"wp","href":"https:\/\/api.w.org\/{rel}","templated":true}]}}