{"id":57875,"date":"2020-12-15T12:06:27","date_gmt":"2020-12-15T17:06:27","guid":{"rendered":"https:\/\/www.ottawahospital.on.ca\/?page_id=57875"},"modified":"2021-02-03T12:23:13","modified_gmt":"2021-02-03T17:23:13","slug":"le-programme-depilepsie-pour-adultes-de-lhopital-dottawa","status":"publish","type":"page","link":"https:\/\/www.ottawahospital.on.ca\/fr\/services-cliniques\/deptpgrmcs\/programmes\/epilepsie\/le-programme-depilepsie-pour-adultes-de-lhopital-dottawa\/","title":{"rendered":"Le programme d\u2019\u00e9pilepsie pour adultes de L\u2019H\u00f4pital d\u2019Ottawa"},"content":{"rendered":"<p><img decoding=\"async\" class=\"alignnone size-full wp-image-59765\" src=\"https:\/\/www.ottawahospital.on.ca\/wp-content\/uploads\/2021\/02\/Landing_banner-Ottawa-Epilepsy.jpg\" alt=\"The Ottawa Epilepsy Program\" width=\"770\" height=\"330\" srcset=\"https:\/\/www.ottawahospital.on.ca\/wp-content\/uploads\/2021\/02\/Landing_banner-Ottawa-Epilepsy.jpg 770w, https:\/\/www.ottawahospital.on.ca\/wp-content\/uploads\/2021\/02\/Landing_banner-Ottawa-Epilepsy-600x257.jpg 600w, https:\/\/www.ottawahospital.on.ca\/wp-content\/uploads\/2021\/02\/Landing_banner-Ottawa-Epilepsy-300x129.jpg 300w, https:\/\/www.ottawahospital.on.ca\/wp-content\/uploads\/2021\/02\/Landing_banner-Ottawa-Epilepsy-768x329.jpg 768w\" sizes=\"(max-width: 770px) 100vw, 770px\" \/><\/p>\n<p>Le Programme d\u2019\u00e9pilepsie pour adultes de L\u2019H\u00f4pital d\u2019Ottawa est l\u2019un des quatre piliers <a href=\"https:\/\/ottawaepilepsyprogram.ca\/\" target=\"_blank\" rel=\"noopener noreferrer\">du programme<\/a>, qui s\u2019inscrit dans un r\u00e9seau interconnect\u00e9 d\u2019\u00e9ducateurs communautaires, de fournisseurs de services sociaux, de d\u00e9fenseurs des droits des patients et de professionnels de la sant\u00e9 qui s\u2019emploient \u00e0 favoriser la sant\u00e9 et le bien-\u00eatre des personnes qui composent avec l\u2019\u00e9pilepsie et les crises \u00e9pileptiques \u00e0 Ottawa et dans la vall\u00e9e de l\u2019Outaouais. Il fait partie du R\u00e9seau local d\u2019int\u00e9gration des services de sant\u00e9 (RLISS) de Champlain.<\/p>\n<p>Le Programme est l\u2019un des principaux carrefours d\u2019expertise en mati\u00e8re d\u2019\u00e9pilepsie de la province (voir la carte des centres sp\u00e9cialis\u00e9s en \u00e9pilepsie de la province, ci-dessous). Il dessert une population de 2\u00a0millions de personnes au sein du RLISS de Champlain, en plus d\u2019une partie de la population du Nunavut et de l\u2019ouest du Qu\u00e9bec.<\/p>\n<p>En ce moment, nous mettons en \u0153uvre une strat\u00e9gie de croissance et d\u2019innovation. L\u2019\u00e9quipe du Programme d\u2019\u00e9pilepsie pour adultes de L\u2019H\u00f4pital d\u2019Ottawa veut se positionner en chef de file mondial du soutien et des soins aux personnes touch\u00e9es par l\u2019\u00e9pilepsie<\/p>\n","protected":false},"excerpt":{"rendered":"<p>Le Programme d\u2019\u00e9pilepsie pour adultes de L\u2019H\u00f4pital d\u2019Ottawa est l\u2019un des quatre piliers du programme, qui s\u2019inscrit dans un r\u00e9seau interconnect\u00e9 d\u2019\u00e9ducateurs communautaires, de fournisseurs de services sociaux, de d\u00e9fenseurs des droits des patients et de professionnels de la sant\u00e9 qui s\u2019emploient \u00e0 favoriser la sant\u00e9 et le bien-\u00eatre des personnes qui composent avec l\u2019\u00e9pilepsie [&hellip;]<\/p>\n","protected":false},"author":25,"featured_media":0,"parent":57840,"menu_order":1,"comment_status":"closed","ping_status":"closed","template":"","meta":{"_acf_changed":false,"_mc_calendar":[],"footnotes":""},"class_list":["post-57875","page","type-page","status-publish","hentry"],"acf":[],"wps_subtitle":"","_links":{"self":[{"href":"https:\/\/www.ottawahospital.on.ca\/fr\/wp-json\/wp\/v2\/pages\/57875","targetHints":{"allow":["GET"]}}],"collection":[{"href":"https:\/\/www.ottawahospital.on.ca\/fr\/wp-json\/wp\/v2\/pages"}],"about":[{"href":"https:\/\/www.ottawahospital.on.ca\/fr\/wp-json\/wp\/v2\/types\/page"}],"author":[{"embeddable":true,"href":"https:\/\/www.ottawahospital.on.ca\/fr\/wp-json\/wp\/v2\/users\/25"}],"replies":[{"embeddable":true,"href":"https:\/\/www.ottawahospital.on.ca\/fr\/wp-json\/wp\/v2\/comments?post=57875"}],"version-history":[{"count":0,"href":"https:\/\/www.ottawahospital.on.ca\/fr\/wp-json\/wp\/v2\/pages\/57875\/revisions"}],"up":[{"embeddable":true,"href":"https:\/\/www.ottawahospital.on.ca\/fr\/wp-json\/wp\/v2\/pages\/57840"}],"wp:attachment":[{"href":"https:\/\/www.ottawahospital.on.ca\/fr\/wp-json\/wp\/v2\/media?parent=57875"}],"curies":[{"name":"wp","href":"https:\/\/api.w.org\/{rel}","templated":true}]}}