{"id":57852,"date":"2020-12-15T11:19:21","date_gmt":"2020-12-15T16:19:21","guid":{"rendered":"https:\/\/www.ottawahospital.on.ca\/?page_id=57852"},"modified":"2021-02-01T17:23:26","modified_gmt":"2021-02-01T22:23:26","slug":"quest-ce-que-lepilepsie","status":"publish","type":"page","link":"https:\/\/www.ottawahospital.on.ca\/fr\/services-cliniques\/deptpgrmcs\/programmes\/epilepsie\/quest-ce-que-lepilepsie\/","title":{"rendered":"Qu\u2019est-ce que l\u2019\u00e9pilepsie?"},"content":{"rendered":"<p><strong>L\u2019\u00e9pilepsie<\/strong> n\u2019est pas rare. En fait, environ un Canadien sur 100 est atteint d\u2019\u00e9pilepsie et plus de 50\u00a0millions de personnes dans le monde vivent avec ce probl\u00e8me. Tout le monde peut faire de l\u2019\u00e9pilepsie, peu importe l\u2019\u00e2ge, le sexe ou l\u2019ethnicit\u00e9.<\/p>\n<p>L\u2019\u00e9pilepsie est une maladie neurologique r\u00e9pandue. Elle est caract\u00e9ris\u00e9e par la tendance \u00e0 faire des crises r\u00e9currentes, appel\u00e9es crises \u00e9pileptiques. On parle parfois aussi de trouble \u00e9pileptique. Une personne est atteinte d\u2019\u00e9pilepsie si elle r\u00e9pond \u00e0 l\u2019un ou l\u2019autre de ces crit\u00e8res\u00a0:<\/p>\n<ul>\n<li>Elle a d\u00e9j\u00e0 eu au moins deux crises \u00e9pileptiques spontan\u00e9es (non provoqu\u00e9es).<\/li>\n<li>Elle a d\u00e9j\u00e0 eu une crise et est tr\u00e8s susceptible d\u2019en avoir une autre.<\/li>\n<li>Elle a re\u00e7u un diagnostic de syndrome d\u2019\u00e9pilepsie.<\/li>\n<\/ul>\n<p>Une <strong>crise \u00e9pileptique<\/strong> est une explosion soudaine d\u2019activit\u00e9 \u00e9lectrique dans le cerveau qui perturbe temporairement la communication entre les cellules du cerveau. Le type de crise d\u00e9pend de la r\u00e9gion du cerveau qui est touch\u00e9e par la perturbation \u00e9lectrique et de l\u2019\u00e9tendue de la zone touch\u00e9e.<\/p>\n<p>Une crise peut se manifester sous diff\u00e9rentes formes, y compris un regard vide, des mouvements incontr\u00f4l\u00e9s, une alt\u00e9ration de la conscience, des sensations \u00e9tranges ou des convulsions. Les crises sont g\u00e9n\u00e9ralement br\u00e8ves et peuvent durer de quelques secondes \u00e0 quelques minutes.<\/p>\n<p>Une crise peut toucher le cerveau entier d\u00e8s qu\u2019elle commence, ou encore commencer dans une r\u00e9gion pr\u00e9cise du cerveau. Une crise qui touche le cerveau entier s\u2019appelle une crise g\u00e9n\u00e9ralis\u00e9e et une crise qui commence dans une r\u00e9gion pr\u00e9cise s\u2019appelle une crise focale.<\/p>\n<p><img decoding=\"async\" class=\"alignnone size-full wp-image-57842\" src=\"https:\/\/www.ottawahospital.on.ca\/wp-content\/uploads\/2020\/12\/Landing_banner_Epilepsy_fr.jpg\" alt=\"\" width=\"770\" height=\"330\" srcset=\"https:\/\/www.ottawahospital.on.ca\/wp-content\/uploads\/2020\/12\/Landing_banner_Epilepsy_fr.jpg 770w, https:\/\/www.ottawahospital.on.ca\/wp-content\/uploads\/2020\/12\/Landing_banner_Epilepsy_fr-600x257.jpg 600w, https:\/\/www.ottawahospital.on.ca\/wp-content\/uploads\/2020\/12\/Landing_banner_Epilepsy_fr-300x129.jpg 300w, https:\/\/www.ottawahospital.on.ca\/wp-content\/uploads\/2020\/12\/Landing_banner_Epilepsy_fr-768x329.jpg 768w\" sizes=\"(max-width: 770px) 100vw, 770px\" \/><\/p>\n<p>Votre neurologue et votre sp\u00e9cialiste en \u00e9pilepsie d\u00e9termineront si vous faites des crises \u00e9pileptiques et si vous avez un diagnostic d\u2019\u00e9pilepsie.<\/p>\n<p>Ils travailleront en collaboration avec vous et vous proposeront le meilleur plan de traitement possible, afin que vous puissiez vivre une vie saine et productive.<\/p>\n","protected":false},"excerpt":{"rendered":"<p>L\u2019\u00e9pilepsie n\u2019est pas rare. En fait, environ un Canadien sur 100 est atteint d\u2019\u00e9pilepsie et plus de 50\u00a0millions de personnes dans le monde vivent avec ce probl\u00e8me. Tout le monde peut faire de l\u2019\u00e9pilepsie, peu importe l\u2019\u00e2ge, le sexe ou l\u2019ethnicit\u00e9. L\u2019\u00e9pilepsie est une maladie neurologique r\u00e9pandue. Elle est caract\u00e9ris\u00e9e par la tendance \u00e0 faire [&hellip;]<\/p>\n","protected":false},"author":25,"featured_media":0,"parent":57840,"menu_order":0,"comment_status":"closed","ping_status":"closed","template":"","meta":{"_acf_changed":false,"_mc_calendar":[],"footnotes":""},"class_list":["post-57852","page","type-page","status-publish","hentry"],"acf":[],"wps_subtitle":"","_links":{"self":[{"href":"https:\/\/www.ottawahospital.on.ca\/fr\/wp-json\/wp\/v2\/pages\/57852","targetHints":{"allow":["GET"]}}],"collection":[{"href":"https:\/\/www.ottawahospital.on.ca\/fr\/wp-json\/wp\/v2\/pages"}],"about":[{"href":"https:\/\/www.ottawahospital.on.ca\/fr\/wp-json\/wp\/v2\/types\/page"}],"author":[{"embeddable":true,"href":"https:\/\/www.ottawahospital.on.ca\/fr\/wp-json\/wp\/v2\/users\/25"}],"replies":[{"embeddable":true,"href":"https:\/\/www.ottawahospital.on.ca\/fr\/wp-json\/wp\/v2\/comments?post=57852"}],"version-history":[{"count":0,"href":"https:\/\/www.ottawahospital.on.ca\/fr\/wp-json\/wp\/v2\/pages\/57852\/revisions"}],"up":[{"embeddable":true,"href":"https:\/\/www.ottawahospital.on.ca\/fr\/wp-json\/wp\/v2\/pages\/57840"}],"wp:attachment":[{"href":"https:\/\/www.ottawahospital.on.ca\/fr\/wp-json\/wp\/v2\/media?parent=57852"}],"curies":[{"name":"wp","href":"https:\/\/api.w.org\/{rel}","templated":true}]}}