{"id":57840,"date":"2020-12-15T11:05:37","date_gmt":"2020-12-15T16:05:37","guid":{"rendered":"https:\/\/www.ottawahospital.on.ca\/?page_id=57840"},"modified":"2021-06-18T14:26:42","modified_gmt":"2021-06-18T18:26:42","slug":"epilepsie","status":"publish","type":"page","link":"https:\/\/www.ottawahospital.on.ca\/fr\/services-cliniques\/deptpgrmcs\/programmes\/epilepsie\/","title":{"rendered":"\u00c9pilepsie"},"content":{"rendered":"\n<figure class=\"wp-block-image size-large\"><img decoding=\"async\" width=\"770\" height=\"330\" src=\"https:\/\/www.ottawahospital.on.ca\/wp-content\/uploads\/2020\/12\/The_Ottawa_Hospital_Epilepsy_Program.jpg\" alt=\"Une image stylis\u00e9e du cerveau\" class=\"wp-image-58488\" srcset=\"https:\/\/www.ottawahospital.on.ca\/wp-content\/uploads\/2020\/12\/The_Ottawa_Hospital_Epilepsy_Program.jpg 770w, https:\/\/www.ottawahospital.on.ca\/wp-content\/uploads\/2020\/12\/The_Ottawa_Hospital_Epilepsy_Program-600x257.jpg 600w, https:\/\/www.ottawahospital.on.ca\/wp-content\/uploads\/2020\/12\/The_Ottawa_Hospital_Epilepsy_Program-300x129.jpg 300w, https:\/\/www.ottawahospital.on.ca\/wp-content\/uploads\/2020\/12\/The_Ottawa_Hospital_Epilepsy_Program-768x329.jpg 768w\" sizes=\"(max-width: 770px) 100vw, 770px\" \/><\/figure>\n\n\n<div class=\"text-box-bkg\">\n<p>L\u2019\u00e9pilepsie est une maladie neurologique r\u00e9pandue. Elle est caract\u00e9ris\u00e9e par la tendance \u00e0 faire des crises r\u00e9currentes, appel\u00e9es crises \u00e9pileptiques.<\/p>\n<p><a class=\"read-more\" href=\"\/fr\/services-cliniques\/deptpgrmcs\/programmes\/epilepsie\/quest-ce-que-lepilepsie\/\">\u00bb En savoir plus<\/a><\/p>\n<\/div>\n<div class=\"toh-row-content\">\n<div class=\"col-sm-6 col-md-6 mb-4\">\n<div class=\"toh-card h-100\">\n<div class=\"toh-card-inner\">\n<div class=\"img-responsive card-img-top\"><img decoding=\"async\" class=\"attachment-full size-full wp-post-image\" src=\"\/wp-content\/uploads\/2020\/12\/Landing-page-card-location.jpg\" alt=\"Ic\u00f4ne de localisation\" \/><\/div>\n<div class=\"toh-card-body\">\n<h5 class=\"toh-card-title\">Notre Lieu<\/h5>\n<div class=\"toh-card-text\">\n<p>Campus Civic de L\u2019H\u00f4pital d\u2019Ottawa, dans la Clinique de neurosciences de L\u2019H\u00f4pital d\u2019Ottawa, au deuxi\u00e8me \u00e9tage (secteur C2).<br \/>Num\u00e9ro de t\u00e9l\u00e9phone: 613 798 5555 poste 17932<br \/>Ligne des services infirmiers: 613 798 5555 poste 18102 (bo\u00eete vocale)<br \/>T\u00e9l\u00e9copieur: 613-761-5360 ou 613-761-4752<\/p>\n<\/div>\n<\/div>\n<p><!--card-body--><\/p>\n<\/div>\n<\/div>\n<p><!--card--><\/p>\n<\/div>\n<p><!--col--><\/p>\n<div class=\"col-sm-6 col-md-6 mb-4\">\n<div class=\"toh-card h-100\">\n<div class=\"toh-card-inner\">\n<div class=\"img-responsive card-img-top\"><img decoding=\"async\" class=\"attachment-full size-full wp-post-image\" src=\"\/wp-content\/uploads\/2020\/12\/Landing-page-card-clinics.jpg\" alt=\"Ic\u00f4ne de l'h\u00f4pital\" \/><\/div>\n<div class=\"toh-card-body\">\n<h5 class=\"toh-card-title\"><a href=\"\/fr\/services-cliniques\/deptpgrmcs\/programmes\/epilepsie\/services-cliniques\/\" rel=\"bookmark\">Services cliniques<\/a><\/h5>\n<div class=\"toh-card-text\">\n<p>L\u2019\u00e9pilepsie est un trouble complexe, qui exige des soins sp\u00e9cialis\u00e9s, c\u2019est pourquoi nous offrons de nombreux services en clinique externe, chacun ayant sa propre approche et sa propre expertise.\u200b<\/p>\n<\/div>\n<\/div>\n<p><!--card-body--><\/p>\n<\/div>\n<\/div>\n<p><!--card--><\/p>\n<\/div>\n<p><!--col--><\/p>\n<\/div>\n<div class=\"donate-text-inner toh-donate\">\n<div class=\"col-md-8\">\n<p class=\"donate-text\">Appuyez les soins aux patients et la recherche \u00e0 L&rsquo;H\u00f4pital d&rsquo;Ottawa<\/p>\n<\/div>\n<div class=\"col-md-4\">\n<p><a class=\"donate-btn\" href=\"https:\/\/secure3.convio.net\/otthf\/site\/Donation2?df_id=1541&amp;mfc_pref=T&amp;1541.donation=form1&amp;s&amp;s_locale=fr_CA\" target=\"_blank\" rel=\"noopener noreferrer\">Faire un don<\/a><\/p>\n<\/div>\n<\/div>","protected":false},"excerpt":{"rendered":"<p>L\u2019\u00e9pilepsie est une maladie neurologique r\u00e9pandue. Elle est caract\u00e9ris\u00e9e par la tendance \u00e0 faire des crises r\u00e9currentes, appel\u00e9es crises \u00e9pileptiques. \u00bb En savoir plus Notre Lieu Campus Civic de L\u2019H\u00f4pital d\u2019Ottawa, dans la Clinique de neurosciences de L\u2019H\u00f4pital d\u2019Ottawa, au deuxi\u00e8me \u00e9tage (secteur C2).Num\u00e9ro de t\u00e9l\u00e9phone: 613 798 5555 poste 17932Ligne des services infirmiers: 613 [&hellip;]<\/p>\n","protected":false},"author":25,"featured_media":0,"parent":7866,"menu_order":0,"comment_status":"closed","ping_status":"closed","template":"","meta":{"_acf_changed":false,"_mc_calendar":[],"footnotes":""},"class_list":["post-57840","page","type-page","status-publish","hentry"],"acf":[],"wps_subtitle":"","_links":{"self":[{"href":"https:\/\/www.ottawahospital.on.ca\/fr\/wp-json\/wp\/v2\/pages\/57840","targetHints":{"allow":["GET"]}}],"collection":[{"href":"https:\/\/www.ottawahospital.on.ca\/fr\/wp-json\/wp\/v2\/pages"}],"about":[{"href":"https:\/\/www.ottawahospital.on.ca\/fr\/wp-json\/wp\/v2\/types\/page"}],"author":[{"embeddable":true,"href":"https:\/\/www.ottawahospital.on.ca\/fr\/wp-json\/wp\/v2\/users\/25"}],"replies":[{"embeddable":true,"href":"https:\/\/www.ottawahospital.on.ca\/fr\/wp-json\/wp\/v2\/comments?post=57840"}],"version-history":[{"count":0,"href":"https:\/\/www.ottawahospital.on.ca\/fr\/wp-json\/wp\/v2\/pages\/57840\/revisions"}],"up":[{"embeddable":true,"href":"https:\/\/www.ottawahospital.on.ca\/fr\/wp-json\/wp\/v2\/pages\/7866"}],"wp:attachment":[{"href":"https:\/\/www.ottawahospital.on.ca\/fr\/wp-json\/wp\/v2\/media?parent=57840"}],"curies":[{"name":"wp","href":"https:\/\/api.w.org\/{rel}","templated":true}]}}