{"id":57765,"date":"2020-12-10T10:43:54","date_gmt":"2020-12-10T15:43:54","guid":{"rendered":"https:\/\/www.ottawahospital.on.ca\/?page_id=57765"},"modified":"2020-12-10T10:46:27","modified_gmt":"2020-12-10T15:46:27","slug":"formation-en-ligne-des-partenaires-de-soins-essentiels","status":"publish","type":"page","link":"https:\/\/www.ottawahospital.on.ca\/fr\/patients-et-visiteurs\/partenaires-de-soins-essentiels\/formation-en-ligne-des-partenaires-de-soins-essentiels\/","title":{"rendered":"Formation en ligne des partenaires de soins essentiels"},"content":{"rendered":"\n<figure class=\"wp-block-image size-large\"><img decoding=\"async\" width=\"770\" height=\"330\" src=\"https:\/\/www.ottawahospital.on.ca\/wp-content\/uploads\/2020\/12\/ECP-training-Landing_banner.jpg\" alt=\"\" class=\"wp-image-57763\" srcset=\"https:\/\/www.ottawahospital.on.ca\/wp-content\/uploads\/2020\/12\/ECP-training-Landing_banner.jpg 770w, https:\/\/www.ottawahospital.on.ca\/wp-content\/uploads\/2020\/12\/ECP-training-Landing_banner-600x257.jpg 600w, https:\/\/www.ottawahospital.on.ca\/wp-content\/uploads\/2020\/12\/ECP-training-Landing_banner-300x129.jpg 300w, https:\/\/www.ottawahospital.on.ca\/wp-content\/uploads\/2020\/12\/ECP-training-Landing_banner-768x329.jpg 768w\" sizes=\"(max-width: 770px) 100vw, 770px\" \/><\/figure>\n\n\n\n<p>Bienvenue \u00e0 la formation en ligne de L\u2019H\u00f4pital d\u2019Ottawa pour les partenaires de soins essentiels. Votre participation \u00e0 cette formation vous aidera \u00e0 prot\u00e9ger le personnel et les patients.<\/p>\n\n\n\n<p>Si vous avez des questions sur la mati\u00e8re ou souhaitez nous faire part d\u2019autres fa\u00e7ons de pr\u00e9venir la propagation de la COVID-19, communiquez avec un membre de l\u2019\u00e9quipe de soins de votre proche.<\/p>\n\n\n\n<p>Veuillez travailler \u00e9troitement avec l\u2019\u00e9quipe de soins de votre proche et le reste du personnel de l\u2019unit\u00e9 pour bien respecter en tout temps les mesures de pr\u00e9caution.<\/p>\n\n\n<div class=\"text-center\">\n<p class=\"btn_yellow btn\"><a href=\"https:\/\/sway.office.com\/xhRSEfNaKnjosEtR?ref=Link\" target=\"_blank\" rel=\"noopener noreferrer\">Lancer la formation pour partenaire de soins essentiels.<\/a><\/p>\n<\/div>","protected":false},"excerpt":{"rendered":"<p>Bienvenue \u00e0 la formation en ligne de L\u2019H\u00f4pital d\u2019Ottawa pour les partenaires de soins essentiels. Votre participation \u00e0 cette formation vous aidera \u00e0 prot\u00e9ger le personnel et les patients. Si vous avez des questions sur la mati\u00e8re ou souhaitez nous faire part d\u2019autres fa\u00e7ons de pr\u00e9venir la propagation de la COVID-19, communiquez avec un membre [&hellip;]<\/p>\n","protected":false},"author":25,"featured_media":0,"parent":57628,"menu_order":0,"comment_status":"closed","ping_status":"closed","template":"","meta":{"_acf_changed":false,"_mc_calendar":[],"footnotes":""},"class_list":["post-57765","page","type-page","status-publish","hentry"],"acf":[],"wps_subtitle":"","_links":{"self":[{"href":"https:\/\/www.ottawahospital.on.ca\/fr\/wp-json\/wp\/v2\/pages\/57765","targetHints":{"allow":["GET"]}}],"collection":[{"href":"https:\/\/www.ottawahospital.on.ca\/fr\/wp-json\/wp\/v2\/pages"}],"about":[{"href":"https:\/\/www.ottawahospital.on.ca\/fr\/wp-json\/wp\/v2\/types\/page"}],"author":[{"embeddable":true,"href":"https:\/\/www.ottawahospital.on.ca\/fr\/wp-json\/wp\/v2\/users\/25"}],"replies":[{"embeddable":true,"href":"https:\/\/www.ottawahospital.on.ca\/fr\/wp-json\/wp\/v2\/comments?post=57765"}],"version-history":[{"count":0,"href":"https:\/\/www.ottawahospital.on.ca\/fr\/wp-json\/wp\/v2\/pages\/57765\/revisions"}],"up":[{"embeddable":true,"href":"https:\/\/www.ottawahospital.on.ca\/fr\/wp-json\/wp\/v2\/pages\/57628"}],"wp:attachment":[{"href":"https:\/\/www.ottawahospital.on.ca\/fr\/wp-json\/wp\/v2\/media?parent=57765"}],"curies":[{"name":"wp","href":"https:\/\/api.w.org\/{rel}","templated":true}]}}