{"id":57672,"date":"2020-12-03T11:15:39","date_gmt":"2020-12-03T16:15:39","guid":{"rendered":"https:\/\/www.ottawahospital.on.ca\/?page_id=57672"},"modified":"2022-01-12T12:30:41","modified_gmt":"2022-01-12T17:30:41","slug":"accoucher-lorsque-vous-avez-ou-croyez-avoir-la-covid-19","status":"publish","type":"page","link":"https:\/\/www.ottawahospital.on.ca\/fr\/services-cliniques\/deptpgrmcs\/departements\/obstetrique-gynecologie-et-soins-aux-nouveau-nes\/accoucher-lorsque-vous-avez-ou-croyez-avoir-la-covid-19\/","title":{"rendered":"Accoucher lorsque vous avez (ou croyez avoir) la COVID-19"},"content":{"rendered":"\n<h2 class=\"wp-block-heading\">Renseignements pour vous et votre b\u00e9b\u00e9 pendant votre s\u00e9jour \u00e0 l\u2019h\u00f4pital et avant de retourner \u00e0 la maison<\/h2>\n\n\n\n<p class=\"intro-text1\">L\u2019H\u00f4pital d\u2019Ottawa a pris toutes les mesures n\u00e9cessaires pour cr\u00e9er un environnement s\u00fbr et agr\u00e9able pour les familles qui accueillent un nouveau-n\u00e9 durant la pand\u00e9mie de COVID-19.<\/p>\n\n\n\n<h3 class=\"wp-block-heading\">Comment se propage la COVID-19?<\/h3>\n\n\n\n<p>Le virus de la COVID-19 se transmet en g\u00e9n\u00e9ral quand des gouttelettes respiratoires d\u2019une personne infect\u00e9e entrent en contact avec la bouche, le nez ou les yeux d\u2019une autre personne situ\u00e9e \u00e0 moins de 2 m\u00e8tres.<\/p>\n\n\n\n<p>Les nouveau-n\u00e9s peuvent \u00eatre infect\u00e9s au contact d\u2019une personne infect\u00e9e. Ainsi, toute personne atteinte de la COVID-19 peut la transmettre \u00e0 un b\u00e9b\u00e9 dont elle prend soin. Pensez donc \u00e0 garder une distance d\u2019au moins 2 m\u00e8tres entre vous et votre b\u00e9b\u00e9 en dehors des p\u00e9riodes de soins et d\u2019allaitement.<\/p>\n\n\n\n<p>Une fois \u00e0 la maison, il est pr\u00e9f\u00e9rable de limiter vos contacts aux membres de votre m\u00e9nage jusqu\u2019\u00e0 la fin de votre p\u00e9riode d\u2019isolement pr\u00e9conis\u00e9e par Sant\u00e9 publique Ottawa.<\/p>\n\n\n\n<h3 class=\"wp-block-heading\">COVID-19 et allaitement :<\/h3>\n\n\n\n<ul class=\"wp-block-list\"><li>Le lait maternel est la meilleure source d\u2019alimentation pour les nourrissons.<\/li><li>Jusqu\u2019ici, la recherche montre que la COVID-19 ne passe pas dans le lait maternel.<\/li><li>Lavez-vous soigneusement les mains \u00e0 l\u2019eau et au savon avant d\u2019allaiter ou de tirer votre lait.<\/li><\/ul>\n\n\n\n<h3 class=\"wp-block-heading\">Devriez-vous prendre soin de votre b\u00e9b\u00e9 ou le confier \u00e0 un aidant en bonne sant\u00e9?<\/h3>\n\n\n\n<p>Le syst\u00e8me immunitaire du nouveau-n\u00e9 n\u2019est pas encore tout \u00e0 fait d\u00e9velopp\u00e9. Le b\u00e9b\u00e9 court donc un risque accru d\u2019avoir une infection respiratoire virale grave. Des \u00e9tudes montrent que le nourrisson peut \u00eatre atteint d\u2019une maladie s\u00e9rieuse ou m\u00eame mortelle s\u2019il contracte la COVID-19.<\/p>\n\n\n\n<p>Une personne de soutien en bonne sant\u00e9 et ne faisant pas partie de votre m\u00e9nage peut rester avec vous \u00e0 l\u2019h\u00f4pital. Cette personne peut remplacer votre partenaire ou conjoint. Votre personne de soutien <strong>doit rester dans votre chambre et porter un \u00e9quipement de protection individuel, et ce, en tout temps.<\/strong><\/p>\n\n\n\n<h4 class=\"wp-block-heading\">Votre personne de soutien ou aidant doit apporter les effets suivants :<\/h4>\n\n\n\n<ul class=\"wp-block-list\"><li>V\u00eatements, et autres effets personnels<\/li><li>Nourriture, boissons et collations<\/li><li>Effets de toilette<\/li><li>M\u00e9dicaments<\/li><li>Si\u00e8ge d\u2019auto<\/li><\/ul>\n\n\n\n<h4 class=\"wp-block-heading\">Pr\u00e9cautions \u00e0 prendre pour prendre soin de votre b\u00e9b\u00e9 :<\/h4>\n\n\n\n<ul class=\"wp-block-list\"><li>Avant de toucher votre b\u00e9b\u00e9, lavez-vous soigneusement les mains \u00e0 l\u2019eau et au savon ou avec du d\u00e9sinfectant pour les mains \u00e0 base d\u2019alcool.<\/li><li>\u00c9vitez de vous toucher le visage quand vous touchez ou tenez votre b\u00e9b\u00e9.<\/li><li>Portez toujours un masque chirurgical :<ul><li>quand vous touchez votre b\u00e9b\u00e9<\/li><li>quand votre b\u00e9b\u00e9 est \u00e0 moins de 2 m\u00e8tres de votre visage.<\/li><\/ul><\/li><li>Vous pouvez allaiter votre b\u00e9b\u00e9 ou votre aidant peut lui donner \u00e0 boire (lait tir\u00e9 ou pr\u00e9paration).<\/li><\/ul>\n\n\n\n<h4 class=\"wp-block-heading\">S\u00e9paration temporaire :<\/h4>\n\n\n\n<ul class=\"wp-block-list\"><li>Si vous \u00eates <strong>malade \u00e0 cause de la COVID-19<\/strong>, l\u2019\u00e9quipe de la Pouponni\u00e8re de soins sp\u00e9ciaux ou de l\u2019Unit\u00e9 n\u00e9onatale de soins intensifs s\u2019occupera de votre b\u00e9b\u00e9.<\/li><li>Une infirmi\u00e8re donnera \u00e0 boire \u00e0 votre b\u00e9b\u00e9 (lait tir\u00e9 ou pr\u00e9paration).<\/li><\/ul>\n\n\n\n<h4 class=\"wp-block-heading\">Recommandation pour le cong\u00e9 :<\/h4>\n\n\n\n<ul class=\"wp-block-list\"><li>Vous et votre b\u00e9b\u00e9 obtiendrez votre cong\u00e9 en m\u00eame temps.<\/li><li>Prenez les m\u00eames pr\u00e9cautions de s\u00e9curit\u00e9 ci-dessus.<\/li><li>Procurez-vous des masques m\u00e9dicaux pour la maison.<\/li><li>Suivez les <strong>pr\u00e9cautions de s\u00e9curit\u00e9<\/strong> jusqu\u2019\u00e0 la fin de votre p\u00e9riode d\u2019isolement pr\u00e9conis\u00e9e par Sant\u00e9 publique Ottawa. <strong>Cette p\u00e9riode pourrait durer environ 10 jours ou plus<\/strong>.<\/li><li>Votre premier rendez-vous de suivi m\u00e8re-enfant sera planifi\u00e9 \u00e0 la Clinique Monarch C19 de L\u2019H\u00f4pital d\u2019Ottawa.<\/li><\/ul>\n","protected":false},"excerpt":{"rendered":"<p>Renseignements pour vous et votre b\u00e9b\u00e9 pendant votre s\u00e9jour \u00e0 l\u2019h\u00f4pital et avant de retourner \u00e0 la maison L\u2019H\u00f4pital d\u2019Ottawa a pris toutes les mesures n\u00e9cessaires pour cr\u00e9er un environnement s\u00fbr et agr\u00e9able pour les familles qui accueillent un nouveau-n\u00e9 durant la pand\u00e9mie de COVID-19. Comment se propage la COVID-19? Le virus de la COVID-19 [&hellip;]<\/p>\n","protected":false},"author":25,"featured_media":0,"parent":12078,"menu_order":1,"comment_status":"closed","ping_status":"closed","template":"","meta":{"_acf_changed":false,"_mc_calendar":[],"footnotes":""},"class_list":["post-57672","page","type-page","status-publish","hentry"],"acf":[],"wps_subtitle":"","_links":{"self":[{"href":"https:\/\/www.ottawahospital.on.ca\/fr\/wp-json\/wp\/v2\/pages\/57672","targetHints":{"allow":["GET"]}}],"collection":[{"href":"https:\/\/www.ottawahospital.on.ca\/fr\/wp-json\/wp\/v2\/pages"}],"about":[{"href":"https:\/\/www.ottawahospital.on.ca\/fr\/wp-json\/wp\/v2\/types\/page"}],"author":[{"embeddable":true,"href":"https:\/\/www.ottawahospital.on.ca\/fr\/wp-json\/wp\/v2\/users\/25"}],"replies":[{"embeddable":true,"href":"https:\/\/www.ottawahospital.on.ca\/fr\/wp-json\/wp\/v2\/comments?post=57672"}],"version-history":[{"count":0,"href":"https:\/\/www.ottawahospital.on.ca\/fr\/wp-json\/wp\/v2\/pages\/57672\/revisions"}],"up":[{"embeddable":true,"href":"https:\/\/www.ottawahospital.on.ca\/fr\/wp-json\/wp\/v2\/pages\/12078"}],"wp:attachment":[{"href":"https:\/\/www.ottawahospital.on.ca\/fr\/wp-json\/wp\/v2\/media?parent=57672"}],"curies":[{"name":"wp","href":"https:\/\/api.w.org\/{rel}","templated":true}]}}