{"id":5727,"date":"2016-11-09T12:44:05","date_gmt":"2016-11-09T17:44:05","guid":{"rendered":"http:\/\/52.229.122.34\/fr\/?page_id=5727"},"modified":"2021-04-12T10:00:40","modified_gmt":"2021-04-12T14:00:40","slug":"shafique-shamji","status":"publish","type":"page","link":"https:\/\/www.ottawahospital.on.ca\/fr\/about-us\/notre-equipe-de-direction\/equipe-de-la-haute-direction\/shafique-shamji\/","title":{"rendered":"Shafique Shamji"},"content":{"rendered":"<div class=\"wp-caption alignleft\" style=\"width: 145px;\"><img decoding=\"async\" class=\"img responsive\" src=\"\/wp-content\/uploads\/2016\/11\/ShafiqueShamji2.jpg\" alt=\"Shafique Shamji \" width=\"135\" height=\"169\" \/><\/p>\n<p class=\"wp-caption-text\"><strong>Shafique Shamji <\/strong><br \/>\nVice-pr\u00e9sident ex\u00e9cutif et chef de l&rsquo;information<\/p>\n<p class=\"wp-caption-text\"><strong>Renseignements<\/strong><br \/>\n613-798-5555 poste 15067<br \/>\n<a href=\"mailto:shafique.shamji@toh.ca\">shafique.shamji@toh.ca<\/a><\/p>\n<\/div>\n<p>Shafique Shamji est vice-pr\u00e9sident ex\u00e9cutif et chef de l\u2019information \u00e0 L\u2019H\u00f4pital d\u2019Ottawa.\u00a0Auparavant, il a \u00e9t\u00e9 directeur de l\u2019exploitation chez Macadamian Technologies, une entreprise poss\u00e9dant des bureaux \u00e0 Toronto, en Californie, en Arm\u00e9nie et en Roumanie, et dont le si\u00e8ge social est situ\u00e9 \u00e0 Gatineau. Il a \u00e9t\u00e9 pr\u00e9sident de Privasoft Corporation, qui si\u00e8ge \u00e0 Ottawa et qui est aussi repr\u00e9sent\u00e9e \u00e0 Arlington, en Virginie, et \u00e0 Brentford, au Royaume-Uni. M.\u00a0Shamji a aussi \u00e9t\u00e9 pr\u00e9sident de Time iCR \u00e0 Ottawa, une entreprise qui a depuis \u00e9t\u00e9 acquise par Sprint Canada\/Rogers Communications, o\u00f9 il \u00e9tait vice-pr\u00e9sident des services professionnels.<\/p>\n<p>M.\u00a0Shamji compte plus de 25 ann\u00e9es d\u2019exp\u00e9rience en t\u00e9l\u00e9communications, en technologies de l\u2019information et en \u00e9laboration de logiciels. Il a v\u00e9cu plusieurs ann\u00e9es aux \u00c9tats-Unis o\u00f9 il a \u00e9t\u00e9 directeur g\u00e9n\u00e9ral des op\u00e9rations chez TeleHub Network Services \u00e0 Chicago, pr\u00e9sident de LD Exchange \u00e0 Santa Ana, en Californie, et vice-pr\u00e9sident des services de r\u00e9seaux pour Fidelity National Information Systems \u00e0 Irvine, en Californie. M.\u00a0Shamji a occup\u00e9 au pr\u00e9alable plusieurs postes de haute direction chez AT&amp;T Canada et Unitel Communications \u00e0 Toronto, ainsi que des fonctions li\u00e9es au g\u00e9nie et \u00e0 la mise en march\u00e9 de produits chez Nortel, \u00e0 Brampton (Ontario).<\/p>\n<p>M. Shamji est membre actif de l\u2019Aga Khan Volunteer Corps d\u2019Ottawa et ancien membre du jury du D\u00e9fi de leadership de l\u2019\u00c9cole de gestion Telfer. Il a si\u00e9g\u00e9 aux conseils de TeleHub Network Services, de Time iCR, de Privasoft et du comit\u00e9 consultatif sur la gouvernance de l\u2019\u00c9cole Montessori d\u2019Ottawa.<\/p>\n<p>M. Shamji d\u00e9tient un dipl\u00f4me en g\u00e9nie informatique de l\u2019Universit\u00e9 McMaster \u00e0 Hamilton et le titre d\u2019ing\u00e9nieur professionnel depuis 1991.<\/p>\n","protected":false},"excerpt":{"rendered":"<p>Shafique Shamji Vice-pr\u00e9sident ex\u00e9cutif et chef de l&rsquo;information Renseignements 613-798-5555 poste 15067 shafique.shamji@toh.ca Shafique Shamji est vice-pr\u00e9sident ex\u00e9cutif et chef de l\u2019information \u00e0 L\u2019H\u00f4pital d\u2019Ottawa.\u00a0Auparavant, il a \u00e9t\u00e9 directeur de l\u2019exploitation chez Macadamian Technologies, une entreprise poss\u00e9dant des bureaux \u00e0 Toronto, en Californie, en Arm\u00e9nie et en Roumanie, et dont le si\u00e8ge social est situ\u00e9 [&hellip;]<\/p>\n","protected":false},"author":25,"featured_media":0,"parent":4550,"menu_order":17,"comment_status":"closed","ping_status":"closed","template":"","meta":{"_acf_changed":false,"_mc_calendar":[],"footnotes":""},"class_list":["post-5727","page","type-page","status-publish","hentry"],"acf":[],"wps_subtitle":"","_links":{"self":[{"href":"https:\/\/www.ottawahospital.on.ca\/fr\/wp-json\/wp\/v2\/pages\/5727","targetHints":{"allow":["GET"]}}],"collection":[{"href":"https:\/\/www.ottawahospital.on.ca\/fr\/wp-json\/wp\/v2\/pages"}],"about":[{"href":"https:\/\/www.ottawahospital.on.ca\/fr\/wp-json\/wp\/v2\/types\/page"}],"author":[{"embeddable":true,"href":"https:\/\/www.ottawahospital.on.ca\/fr\/wp-json\/wp\/v2\/users\/25"}],"replies":[{"embeddable":true,"href":"https:\/\/www.ottawahospital.on.ca\/fr\/wp-json\/wp\/v2\/comments?post=5727"}],"version-history":[{"count":0,"href":"https:\/\/www.ottawahospital.on.ca\/fr\/wp-json\/wp\/v2\/pages\/5727\/revisions"}],"up":[{"embeddable":true,"href":"https:\/\/www.ottawahospital.on.ca\/fr\/wp-json\/wp\/v2\/pages\/4550"}],"wp:attachment":[{"href":"https:\/\/www.ottawahospital.on.ca\/fr\/wp-json\/wp\/v2\/media?parent=5727"}],"curies":[{"name":"wp","href":"https:\/\/api.w.org\/{rel}","templated":true}]}}