{"id":57259,"date":"2020-11-19T10:15:43","date_gmt":"2020-11-19T15:15:43","guid":{"rendered":"https:\/\/www.ottawahospital.on.ca\/?page_id=57259"},"modified":"2021-03-15T13:41:43","modified_gmt":"2021-03-15T17:41:43","slug":"ressources-pour-le-mieux-etre","status":"publish","type":"page","link":"https:\/\/www.ottawahospital.on.ca\/fr\/patients-et-visiteurs\/ressources-pour-le-mieux-etre\/","title":{"rendered":"Ressources pour le mieux-\u00eatre"},"content":{"rendered":"\n<h2 class=\"wp-block-heading\">COVID-19 et \u00e9puisement<\/h2>\n\n\n\n<p>Le mieux-\u00eatre est un \u00e9tat d\u2019\u00e9quilibre physique, mental, \u00e9motionnel, spirituel et social qui est propre \u00e0 chaque personne. Notre objectif est d\u2019inspirer notre communaut\u00e9 \u00e0 adopter un mode de vie sain.<\/p>\n\n\n\n<p>Il est parfois difficile de trouver du soutien quand on se sent stress\u00e9 ou d\u00e9pass\u00e9 par les \u00e9v\u00e9nements. Voici quelques ressources et conseils utiles que vous pouvez facilement int\u00e9grer \u00e0 votre routine quotidienne pour am\u00e9liorer votre mieux-\u00eatre, g\u00e9rer votre stress et composer avec les changements de votre milieu.<\/p>\n\n\n\n<h2 class=\"wp-block-heading\">Audioth\u00e8que<\/h2>\n\n\n\n<p>\u00c9coutez les extraits de m\u00e9ditation guid\u00e9e et de relaxation ci-dessous pour aider votre cerveau et votre corps \u00e0 se remettre du stress que suscitent le travail, la technologie et d\u2019autres ressources ext\u00e9rieures. Ces extraits durent seulement quelques minutes et vous pouvez facilement les int\u00e9grer \u00e0 votre routine quotidienne.<\/p>\n\n\n\n<ul class=\"wp-block-list\"><li><a href=\"https:\/\/soundcloud.com\/user-130121173\/utilisez-vos-5-sens-bryce-mulligan\/s-mUUJR\">Utilisez vos cinq sens<\/a> \u2013&nbsp;D<sup>r<\/sup> Bryce Mulligan (1&nbsp;min&nbsp;54&nbsp;s)*<\/li><li><a href=\"https:\/\/soundcloud.com\/user-130121173\/five-senses-kerri-ritchie\/s-rhU2a\">Five senses<\/a>&nbsp;&#8211;&nbsp;Kerri Ritchie, Ph.D. (2&nbsp;min 50 s)<\/li><li><a href=\"https:\/\/soundcloud.com\/user-130121173\/meditation-en-carre-dr-caroline-gerin-lajoie\/s-wM4YG\">M\u00e9ditation en carr\u00e9<\/a> \u2013 D<sup>re<\/sup> Caroline G\u00e9rin-Lajoie (1&nbsp;min&nbsp;57&nbsp;s)*<\/li><li><a href=\"https:\/\/soundcloud.com\/user-130121173\/square-meditation-dr-kerri-ritchie\/s-6AEXD\">Square meditation<\/a> \u2013 Kerri Ritchie, Ph.D. (1&nbsp;min&nbsp;31&nbsp;s)<\/li><\/ul>\n\n\n\n<p>*en fran\u00e7ais<\/p>\n\n\n\n<h2 class=\"wp-block-heading\">Vid\u00e9os<\/h2>\n\n\n\n<p>Avez-vous pris vos signes vitaux r\u00e9cemment? Visionnez la vid\u00e9o <a href=\"https:\/\/www.youtube.com\/watch?v=GPSCNS-p34Y&amp;feature=youtu.be\">Mental Health Continuum Model<\/a>, dans laquelle de grands sp\u00e9cialistes de L\u2019H\u00f4pital d\u2019Ottawa discutent des diff\u00e9rentes phases de la sant\u00e9 et du mieux-\u00eatre d\u2019une personne et de strat\u00e9gies de prise de conscience de nos \u00e9motions et de maintien d\u2019une sant\u00e9 mentale \u00e9quilibr\u00e9e.<\/p>\n\n\n<p><iframe title=\"Mental Health Continuum Model\" src=\"https:\/\/www.youtube.com\/embed\/GPSCNS-p34Y\" width=\"740\" height=\"315\" frameborder=\"0\" allowfullscreen=\"allowfullscreen\"><\/iframe><\/p>\n<h2>Conseils<\/h2>\n<p>Voici quelques conseils de gestion du stress que vous pouvez suivre et mettre en application r\u00e9guli\u00e8rement au quotidien!<\/p>\n<p><iframe title=\"Conseils pour la R\u00e9silience\" src=\"https:\/\/www.youtube.com\/embed\/JGAnUQNGNKU\" width=\"740\" height=\"315\" frameborder=\"0\" allowfullscreen=\"allowfullscreen\"><\/iframe><\/p>\n<h2>Trouvez vos propres strat\u00e9gies pratiques de gestion du stress :<\/h2>\n<p><iframe title=\"Strat\u00e9gies pour la R\u00e9silience\" src=\"https:\/\/www.youtube.com\/embed\/ryXPxNu4s1Q\" width=\"740\" height=\"315\" frameborder=\"0\" allowfullscreen=\"allowfullscreen\"><\/iframe><\/p>\n\n\n<h2 class=\"wp-block-heading\">Surveillez votre niveau de stimulation pour pr\u00e9venir l\u2019\u00e9puisement<\/h2>\n\n\n\n<p>Un \u00e9tat de stimulation \u00e9lev\u00e9 vous pousse \u00e0 utiliser plus d\u2019\u00e9nergie et \u00e0 ressentir plus de fatigue. Abaisser votre \u00e9tat de stimulation peut donc vous aider \u00e0 \u00e9conomiser de l\u2019\u00e9nergie.<\/p>\n\n\n\n<p>D\u2019abord, sachez reconna\u00eetre les signes de stress ou d\u2019inconfort \u00e9motionnel, dont les suivants&nbsp;:&nbsp; transpiration, palpitations, tremblement des mains, essoufflement ou distraction.<\/p>\n\n\n\n<p>Ensuite, \u00e9valuez votre \u00e9tat de stimulation sur une \u00e9chelle de 1 \u00e0 10. Essayez de rester en dessous de 6 pour une meilleure prise en charge de vos \u00e9motions.<\/p>\n\n\n\n<ul class=\"wp-block-list\"><li>1 &#8211; 3&nbsp;: Vous \u00eates tr\u00e8s calme.<\/li><li>4 &#8211; 5&nbsp;: Tout va bien, mais votre \u00e9tat de stimulation augmente.<\/li><li>6 &#8211; 8&nbsp;: Votre \u00e9tat de stimulation est trop \u00e9lev\u00e9 pour la situation. Faites un petit bilan personnel pour redescendre \u00e0 5 ou moins.<\/li><li>9 &#8211; 10&nbsp;: Vous devez tout faire pour baisser votre \u00e9tat de stimulation.<\/li><\/ul>\n\n\n\n<p>En g\u00e9rant le stress le plus t\u00f4t possible, vous avez de meilleures chances de baisser votre \u00e9tat de stress g\u00e9n\u00e9ral.<\/p>\n\n\n\n<h2 class=\"wp-block-heading\">Autres ressources de soutien<\/h2>\n\n\n\n<p>Consultez la page <a href=\"https:\/\/www.santepubliqueottawa.ca\/fr\/public-health-topics\/mental-health-and-substance-use-services-and-resources.aspx\">Services et ressources de sant\u00e9 mentale et usage de substances de Sant\u00e9 publique Ottawa<\/a> pour d\u2019autres ressources de soutien pour le mieux-\u00eatre disponibles \u00e0 Ottawa.<\/p>\n\n\n\n<p>Pour des ressources li\u00e9es \u00e0 la COVID-19, consultez la page Web&nbsp;<a href=\"https:\/\/www.ontario.ca\/fr\/page\/covid-19-soutien-aux-personnes\">COVID-19&nbsp;: Soutien aux personnes<\/a> du gouvernement de l\u2019Ontario.<\/p>\n\n\n\n<p>Si vous \u00eates en d\u00e9tresse, communiquez avec la Ligne de crise en sant\u00e9 mentale, 24 heures sur 24, 7 jours sur 7, au 613-722-6914 ou au 1-866-966-0991, si vous \u00eates en dehors d\u2019Ottawa.<\/p>\n\n\n\n<p>Si vous, ou votre enfant, pensez au suicide ou \u00e0 vous faire du mal, appelez le 911.<\/p>\n\n\n\n<h2 class=\"wp-block-heading\">Suivez-nous!<\/h2>\n\n\n\n<p>Suivez-vous dans les m\u00e9dias sociaux pour d\u2019autres conseils, ressources et renseignements sur la sant\u00e9 et le mieux-\u00eatre :<\/p>\n\n\n\n<p><strong><a href=\"https:\/\/twitter.com\/OttawaHospital\" target=\"_blank\" rel=\"noreferrer noopener\">Twitter, Facebook, Instagram<\/a><\/strong><\/p>\n","protected":false},"excerpt":{"rendered":"<p>COVID-19 et \u00e9puisement Le mieux-\u00eatre est un \u00e9tat d\u2019\u00e9quilibre physique, mental, \u00e9motionnel, spirituel et social qui est propre \u00e0 chaque personne. Notre objectif est d\u2019inspirer notre communaut\u00e9 \u00e0 adopter un mode de vie sain. Il est parfois difficile de trouver du soutien quand on se sent stress\u00e9 ou d\u00e9pass\u00e9 par les \u00e9v\u00e9nements. Voici quelques ressources [&hellip;]<\/p>\n","protected":false},"author":25,"featured_media":0,"parent":84,"menu_order":6,"comment_status":"closed","ping_status":"closed","template":"","meta":{"_acf_changed":false,"_mc_calendar":[],"footnotes":""},"class_list":["post-57259","page","type-page","status-publish","hentry"],"acf":[],"wps_subtitle":"","_links":{"self":[{"href":"https:\/\/www.ottawahospital.on.ca\/fr\/wp-json\/wp\/v2\/pages\/57259","targetHints":{"allow":["GET"]}}],"collection":[{"href":"https:\/\/www.ottawahospital.on.ca\/fr\/wp-json\/wp\/v2\/pages"}],"about":[{"href":"https:\/\/www.ottawahospital.on.ca\/fr\/wp-json\/wp\/v2\/types\/page"}],"author":[{"embeddable":true,"href":"https:\/\/www.ottawahospital.on.ca\/fr\/wp-json\/wp\/v2\/users\/25"}],"replies":[{"embeddable":true,"href":"https:\/\/www.ottawahospital.on.ca\/fr\/wp-json\/wp\/v2\/comments?post=57259"}],"version-history":[{"count":0,"href":"https:\/\/www.ottawahospital.on.ca\/fr\/wp-json\/wp\/v2\/pages\/57259\/revisions"}],"up":[{"embeddable":true,"href":"https:\/\/www.ottawahospital.on.ca\/fr\/wp-json\/wp\/v2\/pages\/84"}],"wp:attachment":[{"href":"https:\/\/www.ottawahospital.on.ca\/fr\/wp-json\/wp\/v2\/media?parent=57259"}],"curies":[{"name":"wp","href":"https:\/\/api.w.org\/{rel}","templated":true}]}}