{"id":5714,"date":"2016-11-09T12:40:47","date_gmt":"2016-11-09T17:40:47","guid":{"rendered":"http:\/\/52.229.122.34\/fr\/?page_id=5714"},"modified":"2021-04-23T14:35:36","modified_gmt":"2021-04-23T18:35:36","slug":"joanne-read","status":"publish","type":"page","link":"https:\/\/www.ottawahospital.on.ca\/fr\/about-us\/notre-equipe-de-direction\/equipe-de-la-haute-direction\/joanne-read\/","title":{"rendered":"Joanne Read"},"content":{"rendered":"<div class=\"wp-caption alignleft\" style=\"width: 145px;\"><img decoding=\"async\" class=\"img responsive\" src=\"\/wp-content\/uploads\/2021\/04\/JoanneRead.jpg\" alt=\"Joanne Read \" width=\"135\" height=\"169\" \/><\/p>\n<p class=\"wp-caption-text\"><strong>Joanne Read <\/strong><br \/>\nVice-pr\u00e9sidente executive, Chef Planification et D\u00e9veloppement<\/p>\n<p class=\"wp-caption-text\"><strong> Renseignements<\/strong><br \/>\n613-798-5555 poste 10964<br \/>\n<a href=\"mailto:jread@lho.ca\">jread@lho.ca<\/a><\/p>\n<\/div>\n<p>Vice-pr\u00e9sidente ex\u00e9cutive et chef, Planification et D\u00e9veloppement \u00e0 L\u2019H\u00f4pital d\u2019Ottawa, Joanne Read est responsable des activit\u00e9s de r\u00e9am\u00e9nagement et de gestion des installations ainsi que des op\u00e9rations d\u2019urgence. Ses activit\u00e9s comprennent l\u2019\u00e9laboration et la mise en \u0153uvre d\u2019un plan directeur strat\u00e9gique et de plans d\u2019immobilisations pour des espaces de plus de 5 millions de pi2. \u00c0 ce titre, elle a men\u00e9 des projets de r\u00e9am\u00e9nagement totalisant plus de 500 M$ et contribu\u00e9 au renouvellement majeur de programmes pour les patients hospitalis\u00e9s et externes et de programmes de chirurgie. Actuellement, elle dirige le nouveau projet Civic de L\u2019H\u00f4pital d\u2019Ottawa. Entr\u00e9e en fonctions \u00e0 l\u2019H\u00f4pital en 2009, elle a plus de 20 ans d\u2019exp\u00e9rience de direction en gestion des op\u00e9rations et des finances dans le secteur priv\u00e9.<\/p>\n<p>Joanne est reconnue pour son leadership exceptionnel et sa grande capacit\u00e9 \u00e0 former de solides r\u00e9seaux et des alliances strat\u00e9giques avec la collectivit\u00e9. Elle participe activement \u00e0 la formation et au soutien de futurs cadres en collaboration avec de multiples \u00e9tablissements d\u2019enseignement et Comptables professionnels agr\u00e9\u00e9s du Canada. De plus, elle pr\u00e9side et prend part \u00e0 plusieurs projets locaux et r\u00e9gionaux de r\u00e9am\u00e9nagement, de planification op\u00e9rationnelle et de gestion des urgences.<\/p>\n<p>Joanne d\u00e9tient un MBA pour cadres de l\u2019Universit\u00e9 d\u2019Ottawa et a obtenu le titre de comptable en management accr\u00e9dit\u00e9e et l\u2019attestation Ceinture noire Lean Six sigma.<\/p>\n","protected":false},"excerpt":{"rendered":"<p>Joanne Read Vice-pr\u00e9sidente executive, Chef Planification et D\u00e9veloppement Renseignements 613-798-5555 poste 10964 jread@lho.ca Vice-pr\u00e9sidente ex\u00e9cutive et chef, Planification et D\u00e9veloppement \u00e0 L\u2019H\u00f4pital d\u2019Ottawa, Joanne Read est responsable des activit\u00e9s de r\u00e9am\u00e9nagement et de gestion des installations ainsi que des op\u00e9rations d\u2019urgence. Ses activit\u00e9s comprennent l\u2019\u00e9laboration et la mise en \u0153uvre d\u2019un plan directeur strat\u00e9gique et [&hellip;]<\/p>\n","protected":false},"author":25,"featured_media":0,"parent":4550,"menu_order":15,"comment_status":"closed","ping_status":"closed","template":"","meta":{"_acf_changed":false,"_mc_calendar":[],"footnotes":""},"class_list":["post-5714","page","type-page","status-publish","hentry"],"acf":[],"wps_subtitle":"","_links":{"self":[{"href":"https:\/\/www.ottawahospital.on.ca\/fr\/wp-json\/wp\/v2\/pages\/5714","targetHints":{"allow":["GET"]}}],"collection":[{"href":"https:\/\/www.ottawahospital.on.ca\/fr\/wp-json\/wp\/v2\/pages"}],"about":[{"href":"https:\/\/www.ottawahospital.on.ca\/fr\/wp-json\/wp\/v2\/types\/page"}],"author":[{"embeddable":true,"href":"https:\/\/www.ottawahospital.on.ca\/fr\/wp-json\/wp\/v2\/users\/25"}],"replies":[{"embeddable":true,"href":"https:\/\/www.ottawahospital.on.ca\/fr\/wp-json\/wp\/v2\/comments?post=5714"}],"version-history":[{"count":0,"href":"https:\/\/www.ottawahospital.on.ca\/fr\/wp-json\/wp\/v2\/pages\/5714\/revisions"}],"up":[{"embeddable":true,"href":"https:\/\/www.ottawahospital.on.ca\/fr\/wp-json\/wp\/v2\/pages\/4550"}],"wp:attachment":[{"href":"https:\/\/www.ottawahospital.on.ca\/fr\/wp-json\/wp\/v2\/media?parent=5714"}],"curies":[{"name":"wp","href":"https:\/\/api.w.org\/{rel}","templated":true}]}}