{"id":5686,"date":"2016-11-09T12:31:21","date_gmt":"2016-11-09T17:31:21","guid":{"rendered":"http:\/\/52.229.122.34\/fr\/?page_id=5686"},"modified":"2023-06-06T12:53:28","modified_gmt":"2023-06-06T16:53:28","slug":"nyranne-martin","status":"publish","type":"page","link":"https:\/\/www.ottawahospital.on.ca\/fr\/about-us\/notre-equipe-de-direction\/equipe-de-la-haute-direction\/nyranne-martin\/","title":{"rendered":"Nyranne Martin"},"content":{"rendered":"<div class=\"wp-caption alignleft\" style=\"width: 145px;\"><img decoding=\"async\" class=\"img responsive\" src=\"\/wp-content\/uploads\/2016\/11\/MartinNyranne053_web.jpg\" alt=\"Nyranne Martin \" width=\"135\" height=\"169\" \/><\/p>\n<p class=\"wp-caption-text\"><strong>Nyranne Martin<\/strong><br \/>\nChef des affaires juridiques et du risque<\/p>\n<p class=\"wp-caption-text\"><strong>Renseignements<\/strong><br \/>\n613-798-5555 poste 13018 <a href=\"mailto:Nyranne.martin@toh.ca\">Nyranne.martin@toh.ca<\/a><\/p>\n<\/div>\n<p>Nyranne est une responsable bilingue d\u2019Ottawa ayant exerc\u00e9 dans les secteurs public et priv\u00e9. Elle d\u00e9tient plus d\u2019une vingtaine d\u2019ann\u00e9es d\u2019exp\u00e9rience dans le secteur de la sant\u00e9. \u00c0 titre d\u2019avocate g\u00e9n\u00e9rale \u00e0 L\u2019H\u00f4pital d\u2019Ottawa, elle est actuellement responsable des affaires juridiques, de la gestion du risque, de la protection des renseignements personnels, de la gouvernance et de la conformit\u00e9 dans l\u2019un des plus grands \u00e9tablissements de recherche et d\u2019enseignement au Canada. Elle offre des conseils avis\u00e9s au PDG, \u00e0 la haute direction et au Conseil des gouverneurs sur une panoplie de questions.<\/p>\n<p>Nyranne a d\u00e9marr\u00e9 sa carri\u00e8re juridique dans un cabinet priv\u00e9 de la rue Bay \u00e0 Toronto. Elle a ensuite quitt\u00e9 le cabinet d\u2019envergure nationale au Canada pour un service interne dans le secteur public. Elle est devenue avocate principale au sein du plus grand \u00e9tablissement de recherche et d\u2019enseignement en psychiatrie au Canada.<\/p>\n<p>Nyranne est une leader inspirante qui produit des r\u00e9sultats et encadre son \u00e9quipe selon les valeurs de l\u2019organisme. \u00c0 titre de haut cadre et membre du Conseil, elle est respect\u00e9e. Comme avocate g\u00e9n\u00e9rale, elle a n\u00e9goci\u00e9 des transactions et des ententes complexes. Dans son r\u00f4le d\u2019avocate plaidante, elle a eu des victoires dans les cours et tribunaux administratifs \u00e0 tous les niveaux.<\/p>\n<p>\u00c9ducatrice passionn\u00e9e, Nyranne a cr\u00e9\u00e9 des relations avec des universit\u00e9s, publi\u00e9 des articles sur un large \u00e9ventail de sujets et enseign\u00e9 dans les facult\u00e9s de trois universit\u00e9s.<\/p>\n","protected":false},"excerpt":{"rendered":"<p>Nyranne Martin Chef des affaires juridiques et du risque Renseignements 613-798-5555 poste 13018 Nyranne.martin@toh.ca Nyranne est une responsable bilingue d\u2019Ottawa ayant exerc\u00e9 dans les secteurs public et priv\u00e9. Elle d\u00e9tient plus d\u2019une vingtaine d\u2019ann\u00e9es d\u2019exp\u00e9rience dans le secteur de la sant\u00e9. \u00c0 titre d\u2019avocate g\u00e9n\u00e9rale \u00e0 L\u2019H\u00f4pital d\u2019Ottawa, elle est actuellement responsable des affaires juridiques, [&hellip;]<\/p>\n","protected":false},"author":25,"featured_media":0,"parent":4550,"menu_order":14,"comment_status":"closed","ping_status":"closed","template":"","meta":{"_acf_changed":false,"_mc_calendar":[],"footnotes":""},"class_list":["post-5686","page","type-page","status-publish","hentry"],"acf":[],"wps_subtitle":"","_links":{"self":[{"href":"https:\/\/www.ottawahospital.on.ca\/fr\/wp-json\/wp\/v2\/pages\/5686","targetHints":{"allow":["GET"]}}],"collection":[{"href":"https:\/\/www.ottawahospital.on.ca\/fr\/wp-json\/wp\/v2\/pages"}],"about":[{"href":"https:\/\/www.ottawahospital.on.ca\/fr\/wp-json\/wp\/v2\/types\/page"}],"author":[{"embeddable":true,"href":"https:\/\/www.ottawahospital.on.ca\/fr\/wp-json\/wp\/v2\/users\/25"}],"replies":[{"embeddable":true,"href":"https:\/\/www.ottawahospital.on.ca\/fr\/wp-json\/wp\/v2\/comments?post=5686"}],"version-history":[{"count":0,"href":"https:\/\/www.ottawahospital.on.ca\/fr\/wp-json\/wp\/v2\/pages\/5686\/revisions"}],"up":[{"embeddable":true,"href":"https:\/\/www.ottawahospital.on.ca\/fr\/wp-json\/wp\/v2\/pages\/4550"}],"wp:attachment":[{"href":"https:\/\/www.ottawahospital.on.ca\/fr\/wp-json\/wp\/v2\/media?parent=5686"}],"curies":[{"name":"wp","href":"https:\/\/api.w.org\/{rel}","templated":true}]}}