{"id":5674,"date":"2016-11-09T12:27:47","date_gmt":"2016-11-09T17:27:47","guid":{"rendered":"http:\/\/52.229.122.34\/fr\/?page_id=5674"},"modified":"2020-06-29T14:18:49","modified_gmt":"2020-06-29T18:18:49","slug":"cameron-love","status":"publish","type":"page","link":"https:\/\/www.ottawahospital.on.ca\/fr\/about-us\/notre-equipe-de-direction\/equipe-de-la-haute-direction\/cameron-love\/","title":{"rendered":"Cameron Love"},"content":{"rendered":"<div style=\"width: 145px\" class=\"wp-caption alignleft\"><img decoding=\"async\" class=\"img-responsive\" src=\"\/wp-content\/uploads\/2020\/06\/Cameron-Love-Profile.jpg\" alt=\"Cameron Love \" width=\"135\" height=\"169\" \/><p class=\"wp-caption-text\"><strong>Cameron Love<\/strong><br \/>Pr\u00e9sident-directeur g\u00e9n\u00e9ral<\/p><\/div>\n<p>Cameron Love est le pr\u00e9sident-directeur g\u00e9n\u00e9ral de L\u2019H\u00f4pital d\u2019Ottawa, l\u2019un des plus importants centres hospitaliers universitaires du Canada. Il assume ce r\u00f4le depuis le\u00a01<sup>er<\/sup>\u00a0juillet\u00a02020, en pleine pand\u00e9mie de COVID-19 durant laquelle le syst\u00e8me de sant\u00e9 ontarien a d\u00fb s\u2019adapter \u00e0 un nouveau mod\u00e8le de service.<\/p>\n<p>Dirigeant inspirant, dynamique et engag\u00e9, M.\u00a0Love fonde son style de leadership sur la collaboration et le respect mutuel. Il est d\u00e9termin\u00e9 \u00e0 maintenir la r\u00e9putation de l\u2019H\u00f4pital comme chef de file mondial en mati\u00e8re de sant\u00e9, de recherche et d\u2019enseignement pour am\u00e9liorer la vie des r\u00e9sidants de la collectivit\u00e9, de la province et du pays.<\/p>\n<p>Comme PDG, M.\u00a0Love compte rehausser les programmes et services de l\u2019H\u00f4pital; favoriser de nouvelles fa\u00e7ons novatrices de fournir des soins de sant\u00e9 par la responsabilisation des \u00e9quipes cliniques et des scientifiques de l\u2019H\u00f4pital; et collaborer avec les patients et les familles de la r\u00e9gion de Champlain pour fournir d\u2019excellents soins.<\/p>\n<p>La passion et l\u2019int\u00e9grit\u00e9 de M.\u00a0Love, qu\u2019il applique au secteur de la sant\u00e9 depuis 1998, appuient les valeurs fondamentales de l\u2019H\u00f4pital \u2013 compassion, collaboration, engagement \u00e0 la qualit\u00e9 et respect de la personne. M.\u00a0Love a fait partie de l\u2019\u00e9quipe de direction transitionnelle de l\u2019H\u00f4pital qui a pilot\u00e9 la fusion de cinq\u00a0h\u00f4pitaux de la r\u00e9gion ayant donn\u00e9 naissance \u00e0 L\u2019H\u00f4pital d\u2019Ottawa et l\u2019int\u00e9gration de ses programmes et services sur plusieurs campus.<\/p>\n<p>\u00c0 titre de PDG int\u00e9rimaire du Centre d\u2019acc\u00e8s aux soins communautaires de Champlain, M.\u00a0Love a renforc\u00e9 l\u2019int\u00e9gration des soins hospitaliers et des soins \u00e0 domicile dans le but d\u2019am\u00e9liorer les services de sant\u00e9 communautaires \u00e0 domicile. Durant cette exp\u00e9rience, et dans le cadre de ses fonctions de vice-pr\u00e9sident ex\u00e9cutif et chef des op\u00e9rations de l\u2019H\u00f4pital depuis 2014, il a eu \u00e0 piloter et \u00e0 superviser les programmes et services de l\u2019H\u00f4pital, ainsi que leur arrimage aux programmes r\u00e9gionaux dans la r\u00e9gion de Champlain.<\/p>\n<p>M. Love a pris la rel\u00e8ve de la planification du nouveau campus, qui sera l\u2019un des centres hospitaliers universitaires les plus modernes au Canada. Dans sa vision, le nouveau centre \u2013 dont le lancement de la premi\u00e8re phase est pr\u00e9vu en 2027 \u2013 sera la pierre angulaire de la transformation des soins de sant\u00e9 \u00e0 Ottawa pour le prochain si\u00e8cle.<\/p>\n<p>M. Love participe activement \u00e0 la formation de la rel\u00e8ve, notamment comme pr\u00e9cepteur aupr\u00e8s des r\u00e9sidents du programme de ma\u00eetrise en gestion des services de sant\u00e9 (MGSS) de l\u2019Universit\u00e9 d\u2019Ottawa, ce qui lui a valu le prix du pr\u00e9cepteur du programme de MGSS de l\u2019\u00c9cole de gestion Telfer.<\/p>\n<p>M. Love est titulaire d\u2019une ma\u00eetrise en administration de la sant\u00e9, incluant une formation aux \u00e9coles de gestion Wharton et Telfer, et d\u2019un baccalaur\u00e9at en biologie et en psychologie. Par ailleurs, M. Love participe \u00e0 bon nombre d\u2019initiatives, de comit\u00e9s et de groupes de travail d\u2019envergure r\u00e9gionale ou provinciale et si\u00e8ge \u00e0 plusieurs conseils qui font la promotion de la sant\u00e9 et du mieux-\u00eatre de la population dans la r\u00e9gion.<\/p>\n<p>En dehors de sa vie professionnelle, M.\u00a0Love entra\u00eene les \u00e9quipes de hockey mineur de ses enfants, fait du ski et du v\u00e9lo de montagne et passe du temps avec sa famille.<\/p>\n","protected":false},"excerpt":{"rendered":"<p>Cameron Love est le pr\u00e9sident-directeur g\u00e9n\u00e9ral de L\u2019H\u00f4pital d\u2019Ottawa, l\u2019un des plus importants centres hospitaliers universitaires du Canada. Il assume ce r\u00f4le depuis le\u00a01er\u00a0juillet\u00a02020, en pleine pand\u00e9mie de COVID-19 durant laquelle le syst\u00e8me de sant\u00e9 ontarien a d\u00fb s\u2019adapter \u00e0 un nouveau mod\u00e8le de service. Dirigeant inspirant, dynamique et engag\u00e9, M.\u00a0Love fonde son style de [&hellip;]<\/p>\n","protected":false},"author":25,"featured_media":0,"parent":4550,"menu_order":13,"comment_status":"closed","ping_status":"closed","template":"","meta":{"_acf_changed":false,"_mc_calendar":[],"footnotes":""},"class_list":["post-5674","page","type-page","status-publish","hentry"],"acf":[],"wps_subtitle":"","_links":{"self":[{"href":"https:\/\/www.ottawahospital.on.ca\/fr\/wp-json\/wp\/v2\/pages\/5674","targetHints":{"allow":["GET"]}}],"collection":[{"href":"https:\/\/www.ottawahospital.on.ca\/fr\/wp-json\/wp\/v2\/pages"}],"about":[{"href":"https:\/\/www.ottawahospital.on.ca\/fr\/wp-json\/wp\/v2\/types\/page"}],"author":[{"embeddable":true,"href":"https:\/\/www.ottawahospital.on.ca\/fr\/wp-json\/wp\/v2\/users\/25"}],"replies":[{"embeddable":true,"href":"https:\/\/www.ottawahospital.on.ca\/fr\/wp-json\/wp\/v2\/comments?post=5674"}],"version-history":[{"count":0,"href":"https:\/\/www.ottawahospital.on.ca\/fr\/wp-json\/wp\/v2\/pages\/5674\/revisions"}],"up":[{"embeddable":true,"href":"https:\/\/www.ottawahospital.on.ca\/fr\/wp-json\/wp\/v2\/pages\/4550"}],"wp:attachment":[{"href":"https:\/\/www.ottawahospital.on.ca\/fr\/wp-json\/wp\/v2\/media?parent=5674"}],"curies":[{"name":"wp","href":"https:\/\/api.w.org\/{rel}","templated":true}]}}