{"id":5663,"date":"2016-11-09T12:23:52","date_gmt":"2016-11-09T17:23:52","guid":{"rendered":"http:\/\/52.229.122.34\/fr\/?page_id=5663"},"modified":"2021-04-20T12:20:55","modified_gmt":"2021-04-20T16:20:55","slug":"renee-legare","status":"publish","type":"page","link":"https:\/\/www.ottawahospital.on.ca\/fr\/about-us\/notre-equipe-de-direction\/equipe-de-la-haute-direction\/renee-legare\/","title":{"rendered":"Ren\u00e9e L\u00e9gar\u00e9"},"content":{"rendered":"<div class=\"wp-caption alignleft\" style=\"width: 145px;\"><img decoding=\"async\" class=\"img-responsive\" src=\"\/wp-content\/uploads\/2016\/11\/ReneeLegareeWEB.jpg\" alt=\"Ren\u00e9e L\u00e9gar\u00e9\" width=\"135\" height=\"169\" \/><\/p>\n<p class=\"wp-caption-text\"><strong>Ren\u00e9e L\u00e9gar\u00e9<\/strong><br \/>\nVice-pr\u00e9sidente ex\u00e9cutive et chef des Ressources Humaines<\/p>\n<p class=\"wp-caption-text\"><strong>Renseignements<\/strong><br \/>\n613-761-4393<br \/>\n<a href=\"mailto:Ren\u00e9e.L\u00e9gar\u00e9@toh.ca\">Ren\u00e9e.L\u00e9gar\u00e9@toh.ca<\/a><\/p>\n<\/div>\n<p>Ren\u00e9e L\u00e9gar\u00e9 est vice-pr\u00e9sidente ex\u00e9cutive et chef des Ressources humaines \u00e0 L\u2019H\u00f4pital d\u2019Ottawa, l\u2019un des plus importants centres hospitaliers universitaires du pays.<\/p>\n<p>Ren\u00e9e travaille \u00e0 L\u2019H\u00f4pital d\u2019Ottawa depuis 8 ans, o\u00f9 elle se d\u00e9marque par son leadership, sa passion pour les gens, son approche dynamique et son d\u00e9sir de faire une diff\u00e9rence. Elle poss\u00e8de plus de 25 ans d\u2019exp\u00e9rience en ressources humaines pendant lesquelles elle a acquis des connaissances approfondies en mati\u00e8re de gestion du changement et du rendement, de bien-\u00eatre et d\u2019engagement des travailleurs, de la gestion et du d\u00e9veloppement des talents, de relations avec les employ\u00e9s et des syndicats, ainsi qu\u2019en mati\u00e8re d\u2019accompagnement et de mentorat. Ren\u00e9e d\u00e9tient une ma\u00eetrise en relations industrielles de l\u2019Universit\u00e9 du Qu\u00e9bec en Outaouais et un baccalaur\u00e9at en \u00e9conomie de l\u2019Universit\u00e9 de Sherbrooke, en plus d\u2019avoir suivi le Programme de perfectionnement des administrateurs de l\u2019Institut des administrateurs de soci\u00e9t\u00e9s. Elle a \u00e9galement r\u00e9cemment obtenu son doctorat en relations industrielles. Toujours \u00e0 la recherche de moyens d\u2019am\u00e9liorer notre syst\u00e8me de sant\u00e9, Ren\u00e9e lance r\u00e9guli\u00e8rement de nouvelles initiatives en vue d\u2019offrir la meilleure exp\u00e9rience possible aux travailleurs qui fournissent des soins de classe mondiale aux patients.<\/p>\n","protected":false},"excerpt":{"rendered":"<p>Ren\u00e9e L\u00e9gar\u00e9 Vice-pr\u00e9sidente ex\u00e9cutive et chef des Ressources Humaines Renseignements 613-761-4393 Ren\u00e9e.L\u00e9gar\u00e9@toh.ca Ren\u00e9e L\u00e9gar\u00e9 est vice-pr\u00e9sidente ex\u00e9cutive et chef des Ressources humaines \u00e0 L\u2019H\u00f4pital d\u2019Ottawa, l\u2019un des plus importants centres hospitaliers universitaires du pays. Ren\u00e9e travaille \u00e0 L\u2019H\u00f4pital d\u2019Ottawa depuis 8 ans, o\u00f9 elle se d\u00e9marque par son leadership, sa passion pour les gens, son [&hellip;]<\/p>\n","protected":false},"author":25,"featured_media":0,"parent":4550,"menu_order":12,"comment_status":"closed","ping_status":"closed","template":"","meta":{"_acf_changed":false,"_mc_calendar":[],"footnotes":""},"class_list":["post-5663","page","type-page","status-publish","hentry"],"acf":[],"wps_subtitle":"","_links":{"self":[{"href":"https:\/\/www.ottawahospital.on.ca\/fr\/wp-json\/wp\/v2\/pages\/5663","targetHints":{"allow":["GET"]}}],"collection":[{"href":"https:\/\/www.ottawahospital.on.ca\/fr\/wp-json\/wp\/v2\/pages"}],"about":[{"href":"https:\/\/www.ottawahospital.on.ca\/fr\/wp-json\/wp\/v2\/types\/page"}],"author":[{"embeddable":true,"href":"https:\/\/www.ottawahospital.on.ca\/fr\/wp-json\/wp\/v2\/users\/25"}],"replies":[{"embeddable":true,"href":"https:\/\/www.ottawahospital.on.ca\/fr\/wp-json\/wp\/v2\/comments?post=5663"}],"version-history":[{"count":0,"href":"https:\/\/www.ottawahospital.on.ca\/fr\/wp-json\/wp\/v2\/pages\/5663\/revisions"}],"up":[{"embeddable":true,"href":"https:\/\/www.ottawahospital.on.ca\/fr\/wp-json\/wp\/v2\/pages\/4550"}],"wp:attachment":[{"href":"https:\/\/www.ottawahospital.on.ca\/fr\/wp-json\/wp\/v2\/media?parent=5663"}],"curies":[{"name":"wp","href":"https:\/\/api.w.org\/{rel}","templated":true}]}}