{"id":5641,"date":"2016-11-09T12:14:52","date_gmt":"2016-11-09T17:14:52","guid":{"rendered":"http:\/\/52.229.122.34\/fr\/?page_id=5641"},"modified":"2017-09-01T09:36:35","modified_gmt":"2017-09-01T13:36:35","slug":"renate-ilse","status":"publish","type":"page","link":"https:\/\/www.ottawahospital.on.ca\/fr\/about-us\/notre-equipe-de-direction\/equipe-de-la-haute-direction\/renate-ilse\/","title":{"rendered":"Renate Ilse"},"content":{"rendered":"<div style=\"width: 145px\" class=\"wp-caption alignleft\"><img decoding=\"async\" class=\"img responsive\" src=\"\/wp-content\/uploads\/2016\/11\/Ilse_Renate_8090web.jpg\" alt=\"Renate Ilse \" width=\"135\" height=\"169\" \/><p class=\"wp-caption-text\"><br \/> <strong> Renate Ilse, IA, DHA<\/strong> <br \/> Vice-pr\u00e9sidente, Programmes cliniques<\/p>\n<p> <strong>Renseignements<\/strong> <br \/> 613-739-6810 <br \/> <a href=\"mailto:rilse@lho.ca\">rilse@lho.ca<\/a><\/p><\/div>\n<p>Renate Ilse, Ph.D., est vice-pr\u00e9sidente des Programmes cliniques \u00e0 L\u2019H\u00f4pital d\u2019Ottawa. Elle assure ainsi la direction op\u00e9rationnelle du Cheminement des patients, de l\u2019Urgence, des Soins critiques, des services m\u00e9dicaux et chirurgicaux aux patients hospitalis\u00e9s, de l\u2019Ophtalmologie, du Centre de soins oculaires, de la Pharmacie, des soins g\u00e9riatriques et transitoires, des soins ambulatoires, du Centre de r\u00e9adaptation et de divers programmes \u00e0 l\u2019\u00e9chelle r\u00e9gionale (g\u00e9riatrie, accident vasculaire c\u00e9r\u00e9bral, param\u00e9dics, dialyse, n\u00e9phrologie, soins bariatriques et traumatologie).<\/p>\n<p>Dirigeante reconnue poss\u00e9dant plus de 30 ans d\u2019exp\u00e9rience dans le domaine de la sant\u00e9, Mme Ilse a \u00e9t\u00e9 notamment agente principale de transition dans le cadre de la fusion des h\u00f4pitaux St. Michael et Wellesley Central et directrice des Services p\u00e9riop\u00e9ratoires de l\u2019H\u00f4pital Rouge Valley Health System. De plus, elle a travaill\u00e9 au sein du programme de leadership en sciences de la sant\u00e9 de l\u2019Universit\u00e9 McMaster et enseign\u00e9 \u00e0 l\u2019Universit\u00e9 de Toronto. Elle a aussi \u00e9t\u00e9 pendant dix ans conseill\u00e8re et conf\u00e9renci\u00e8re en gestion pendant lesquelles elle a appuy\u00e9 des \u00e9quipes de direction dans le domaine de la sant\u00e9 en mati\u00e8re de gestion du changement et de constitution d\u2019\u00e9quipe de haute direction.<\/p>\n<p>Infirmi\u00e8re autoris\u00e9e, Mme Ilse est titulaire d\u2019un doctorat en gestion des services de sant\u00e9 (DHA) et d\u2019une ma\u00eetrise en administration des affaires de l\u2019\u00c9cole de gestion Rotman. Elle est \u00e9galement associ\u00e9e de l\u2019American College of Healthcare Executives (FACHE) et directrice agr\u00e9\u00e9e de services de sant\u00e9 (CHE). Ses travaux de recherche et ses ouvrages et articles publi\u00e9s portent sur la communication interpersonnelle, le leadership et la gestion fond\u00e9s sur des donn\u00e9es probantes, et les soins de sant\u00e9 fond\u00e9s sur des valeurs.<\/p>\n","protected":false},"excerpt":{"rendered":"<p>Renate Ilse, Ph.D., est vice-pr\u00e9sidente des Programmes cliniques \u00e0 L\u2019H\u00f4pital d\u2019Ottawa. Elle assure ainsi la direction op\u00e9rationnelle du Cheminement des patients, de l\u2019Urgence, des Soins critiques, des services m\u00e9dicaux et chirurgicaux aux patients hospitalis\u00e9s, de l\u2019Ophtalmologie, du Centre de soins oculaires, de la Pharmacie, des soins g\u00e9riatriques et transitoires, des soins ambulatoires, du Centre de [&hellip;]<\/p>\n","protected":false},"author":25,"featured_media":0,"parent":4550,"menu_order":11,"comment_status":"closed","ping_status":"closed","template":"","meta":{"_acf_changed":false,"_mc_calendar":[],"footnotes":""},"class_list":["post-5641","page","type-page","status-publish","hentry"],"acf":[],"wps_subtitle":"","_links":{"self":[{"href":"https:\/\/www.ottawahospital.on.ca\/fr\/wp-json\/wp\/v2\/pages\/5641","targetHints":{"allow":["GET"]}}],"collection":[{"href":"https:\/\/www.ottawahospital.on.ca\/fr\/wp-json\/wp\/v2\/pages"}],"about":[{"href":"https:\/\/www.ottawahospital.on.ca\/fr\/wp-json\/wp\/v2\/types\/page"}],"author":[{"embeddable":true,"href":"https:\/\/www.ottawahospital.on.ca\/fr\/wp-json\/wp\/v2\/users\/25"}],"replies":[{"embeddable":true,"href":"https:\/\/www.ottawahospital.on.ca\/fr\/wp-json\/wp\/v2\/comments?post=5641"}],"version-history":[{"count":0,"href":"https:\/\/www.ottawahospital.on.ca\/fr\/wp-json\/wp\/v2\/pages\/5641\/revisions"}],"up":[{"embeddable":true,"href":"https:\/\/www.ottawahospital.on.ca\/fr\/wp-json\/wp\/v2\/pages\/4550"}],"wp:attachment":[{"href":"https:\/\/www.ottawahospital.on.ca\/fr\/wp-json\/wp\/v2\/media?parent=5641"}],"curies":[{"name":"wp","href":"https:\/\/api.w.org\/{rel}","templated":true}]}}