{"id":5630,"date":"2016-11-09T12:09:47","date_gmt":"2016-11-09T17:09:47","guid":{"rendered":"http:\/\/52.229.122.34\/fr\/?page_id=5630"},"modified":"2016-11-09T12:09:47","modified_gmt":"2016-11-09T17:09:47","slug":"paula-doering","status":"publish","type":"page","link":"https:\/\/www.ottawahospital.on.ca\/fr\/about-us\/notre-equipe-de-direction\/equipe-de-la-haute-direction\/paula-doering\/","title":{"rendered":"Paula Doering"},"content":{"rendered":"<div style=\"width: 145px\" class=\"wp-caption alignleft\"><img decoding=\"async\" class=\"img responsive\" src=\"\/wp-content\/uploads\/2016\/11\/PaulaDoeringWebNEW.jpg\" alt=\"Paula Doering \" width=\"135\" height=\"169\" \/><p class=\"wp-caption-text\"><br \/> <strong>Paula Doering<\/strong> <br \/> Vice-pr\u00e9sidente des Programmes cliniques et Programme r\u00e9gional de canc\u00e9rologie<\/p>\n<p> <strong>Renseignements<\/strong> <br \/> 613-737-8464 <br \/> <a href=\"mailto:pdoering@lho.ca\">pdoering@lho.ca<\/a><\/p><\/div>\n<p>Paula Doering a re\u00e7u un dipl\u00f4me en soins infirmiers du Coll\u00e8ge Algonquin en 1982, puis un baccalaur\u00e9at en sciences infirmi\u00e8res (baccalaur\u00e9at postdipl\u00f4me) en 1988 et une ma\u00eetrise en administration des affaires pour cadres \u00e0 l\u2019Universit\u00e9 d\u2019Ottawa en 1995.<\/p>\n<p>Elle est actuellement la vice-pr\u00e9sidente des Programmes cliniques et Programme r\u00e9gional de canc\u00e9rologie \u00e0 L\u2019H\u00f4pital d\u2019Ottawa. Elle est aussi vice-pr\u00e9sidente r\u00e9gionale d\u2019Action Cancer Ontario, Programme r\u00e9gional de canc\u00e9rologie de Champlain. \u00c0 ce titre, elle est responsable de la qualit\u00e9 des soins en canc\u00e9rologie ainsi que des normes connexes et de l\u2019avancement de ses soins dans la r\u00e9gion.<\/p>\n<p>M<sup>me<\/sup>\u00a0Doering participe activement \u00e0 la formation des futurs cadres du domaine de la sant\u00e9 en tant que pr\u00e9ceptrice des r\u00e9sidents du programme de ma\u00eetrise en gestion des services de sant\u00e9 de l\u2019Universit\u00e9 d\u2019Ottawa. Elle dirige en outre un certain nombre d\u2019initiatives r\u00e9gionales de planification des services cliniques dans la r\u00e9gion de Champlain ou y participe.<\/p>\n","protected":false},"excerpt":{"rendered":"<p>Paula Doering a re\u00e7u un dipl\u00f4me en soins infirmiers du Coll\u00e8ge Algonquin en 1982, puis un baccalaur\u00e9at en sciences infirmi\u00e8res (baccalaur\u00e9at postdipl\u00f4me) en 1988 et une ma\u00eetrise en administration des affaires pour cadres \u00e0 l\u2019Universit\u00e9 d\u2019Ottawa en 1995. Elle est actuellement la vice-pr\u00e9sidente des Programmes cliniques et Programme r\u00e9gional de canc\u00e9rologie \u00e0 L\u2019H\u00f4pital d\u2019Ottawa. Elle [&hellip;]<\/p>\n","protected":false},"author":25,"featured_media":0,"parent":4550,"menu_order":8,"comment_status":"closed","ping_status":"closed","template":"","meta":{"_acf_changed":false,"_mc_calendar":[],"footnotes":""},"class_list":["post-5630","page","type-page","status-publish","hentry"],"acf":[],"wps_subtitle":"","_links":{"self":[{"href":"https:\/\/www.ottawahospital.on.ca\/fr\/wp-json\/wp\/v2\/pages\/5630","targetHints":{"allow":["GET"]}}],"collection":[{"href":"https:\/\/www.ottawahospital.on.ca\/fr\/wp-json\/wp\/v2\/pages"}],"about":[{"href":"https:\/\/www.ottawahospital.on.ca\/fr\/wp-json\/wp\/v2\/types\/page"}],"author":[{"embeddable":true,"href":"https:\/\/www.ottawahospital.on.ca\/fr\/wp-json\/wp\/v2\/users\/25"}],"replies":[{"embeddable":true,"href":"https:\/\/www.ottawahospital.on.ca\/fr\/wp-json\/wp\/v2\/comments?post=5630"}],"version-history":[{"count":0,"href":"https:\/\/www.ottawahospital.on.ca\/fr\/wp-json\/wp\/v2\/pages\/5630\/revisions"}],"up":[{"embeddable":true,"href":"https:\/\/www.ottawahospital.on.ca\/fr\/wp-json\/wp\/v2\/pages\/4550"}],"wp:attachment":[{"href":"https:\/\/www.ottawahospital.on.ca\/fr\/wp-json\/wp\/v2\/media?parent=5630"}],"curies":[{"name":"wp","href":"https:\/\/api.w.org\/{rel}","templated":true}]}}