{"id":56213,"date":"2020-10-01T12:33:14","date_gmt":"2020-10-01T16:33:14","guid":{"rendered":"https:\/\/www.ottawahospital.on.ca\/?page_id=56213"},"modified":"2023-09-07T10:30:12","modified_gmt":"2023-09-07T14:30:12","slug":"jess-fiedorowicz","status":"publish","type":"page","link":"https:\/\/www.ottawahospital.on.ca\/fr\/about-us\/notre-equipe-de-direction\/equipe-de-la-haute-direction\/jess-fiedorowicz\/","title":{"rendered":"Jess Fiedorowicz"},"content":{"rendered":"<div class=\"wp-caption alignleft\" style=\"width: 145px;\"><img decoding=\"async\" class=\"img-responsive\" src=\"\/wp-content\/uploads\/2022\/09\/Jess-Gerard-Fiedorowicz-scaled.jpg\" alt=\"Jess Fiedorowic\" width=\"135\" height=\"169\" \/><\/p>\n<p class=\"wp-caption-text\"><strong>Jess Fiedorowicz<\/strong><br \/>\nChef, D\u00e9partement de sant\u00e9 mentale<\/p>\n<p class=\"wp-caption-text\"><strong>Renseignements<\/strong><br \/>\n613-737-8327<br \/>\n<a href=\"mailto:jfiedorowicz@toh.ca\">jfiedorowicz@toh.ca<\/a><\/p>\n<\/div>\n<p>Le D<sup>r<\/sup> Jess Fiedorowicz est chef et directeur du D\u00e9partement de sant\u00e9 mentale de L\u2019H\u00f4pital d\u2019Ottawa et professeur et titulaire principal et Chaire de recherche en psychiatrie adulte au D\u00e9partement de psychiatrie de l\u2019Universit\u00e9 d\u2019Ottawa et \u00e0 l\u2019\u00c9cole d\u2019\u00e9pid\u00e9miologie et de sant\u00e9 publique \u00e0 l\u2019Universit\u00e9 d\u2019Ottawa. Il est scientifique au sein du Programme de neurosciences de l\u2019Institut de recherche de L\u2019H\u00f4pital d\u2019Ottawa. Autre que ses r\u00f4les \u00e0 Ottawa, il est aussi r\u00e9dacteur en chef du <em>Journal of Psychosomatic Research<\/em> et membre du comit\u00e9 consultatif sur les traitements psychopharmacologiques du Secr\u00e9tariat am\u00e9ricain aux produits alimentaires et pharmaceutiques (FDA).<\/p>\n<p>Le D<sup>r<\/sup> Fiedorowicz est dipl\u00f4m\u00e9 avec mention tr\u00e8s bien de l\u2019Universit\u00e9 Marquette et avec mention en recherche de l\u2019\u00c9cole de m\u00e9decine de Wisconsin. Il a effectu\u00e9 son stage en m\u00e9decine (ann\u00e9e de transition) \u00e0 l\u2019H\u00f4pital St. Luke\u2019s de Milwaukee, au Wisconsin, puis sa r\u00e9sidence en psychiatrie \u00e0 l\u2019H\u00f4pital Johns Hopkins, o\u00f9 il a \u00e9galement assum\u00e9 le r\u00f4le de r\u00e9sident-chef. Il a suivi une formation sursp\u00e9cialis\u00e9e en neurobiologie clinique des grandes psychoses de l\u2019Universit\u00e9 d\u2019Iowa en m\u00eame temps que sa ma\u00eetrise en recherche clinique. Le D<sup>r<\/sup>\u00a0Fiedorowicz a obtenu par la suite un doctorat en biom\u00e9decine translationnelle et un certificat en biostatistique de l\u2019Universit\u00e9 d\u2019Iowa.<\/p>\n<p>Le D<sup>r<\/sup> Fiedorowicz est arriv\u00e9 \u00e0 Ottawa en ao\u00fbt 2020 de l\u2019Universit\u00e9 d\u2019Iowa, o\u00f9 il enseignait aux d\u00e9partements de psychiatrie, d\u2019\u00e9pid\u00e9miologie et de m\u00e9decine interne et continue d\u2019\u00eatre professeur auxiliaire. En Iowa, il a aussi \u00e9t\u00e9 directeur du Centre des troubles de l\u2019humeur et codirecteur du d\u00e9veloppement du personnel \u00e0 l\u2019Institute pour Clinical and Translational Science. Sa recherche porte sur les causes principales de nombre excessif de mortalit\u00e9, de suicide et de maladies vasculaires chez les personnes atteintes de troubles bipolaires et d\u2019autres troubles d\u2019humeur. Avec plus de 150 publications \u00e0 comit\u00e9 de lecture, le D<sup>r<\/sup>\u00a0Fiedorowicz pr\u00e9conise une approche scientifique en \u00e9quipe interdisciplinaire. Dans le domaine clinique, il est agr\u00e9\u00e9 en psychiatrie par l\u2019American Board of Psychiatry and Neurology et en m\u00e9decine de l\u2019ob\u00e9sit\u00e9 par l\u2019American Board of Obesity Medicine. Aux \u00c9tats-Unis, il \u00e9tait membre de Physicians for a National Health Program, un regroupement de m\u00e9decins pr\u00f4nant des soins de sant\u00e9 pour tous, et faisait du b\u00e9n\u00e9volat dans une clinique de sant\u00e9 mentale communautaire offrant des soins gratuits. Le D<sup>r<\/sup> Fiedorowicz est ravi de travailler pour un syst\u00e8me provincial de soins de sant\u00e9 \u00e0 acc\u00e8s universel, et ce, au sein de l\u2019environnement coll\u00e9gial et collaboratif de L\u2019H\u00f4pital d\u2019Ottawa, engag\u00e9 dans la recherche et l\u2019innovation pratique.<\/p>\n","protected":false},"excerpt":{"rendered":"<p>Jess Fiedorowicz Chef, D\u00e9partement de sant\u00e9 mentale Renseignements 613-737-8327 jfiedorowicz@toh.ca Le Dr Jess Fiedorowicz est chef et directeur du D\u00e9partement de sant\u00e9 mentale de L\u2019H\u00f4pital d\u2019Ottawa et professeur et titulaire principal et Chaire de recherche en psychiatrie adulte au D\u00e9partement de psychiatrie de l\u2019Universit\u00e9 d\u2019Ottawa et \u00e0 l\u2019\u00c9cole d\u2019\u00e9pid\u00e9miologie et de sant\u00e9 publique \u00e0 l\u2019Universit\u00e9 [&hellip;]<\/p>\n","protected":false},"author":25,"featured_media":0,"parent":4550,"menu_order":0,"comment_status":"closed","ping_status":"closed","template":"","meta":{"_acf_changed":false,"_mc_calendar":[],"footnotes":""},"class_list":["post-56213","page","type-page","status-publish","hentry"],"acf":[],"wps_subtitle":"","_links":{"self":[{"href":"https:\/\/www.ottawahospital.on.ca\/fr\/wp-json\/wp\/v2\/pages\/56213","targetHints":{"allow":["GET"]}}],"collection":[{"href":"https:\/\/www.ottawahospital.on.ca\/fr\/wp-json\/wp\/v2\/pages"}],"about":[{"href":"https:\/\/www.ottawahospital.on.ca\/fr\/wp-json\/wp\/v2\/types\/page"}],"author":[{"embeddable":true,"href":"https:\/\/www.ottawahospital.on.ca\/fr\/wp-json\/wp\/v2\/users\/25"}],"replies":[{"embeddable":true,"href":"https:\/\/www.ottawahospital.on.ca\/fr\/wp-json\/wp\/v2\/comments?post=56213"}],"version-history":[{"count":0,"href":"https:\/\/www.ottawahospital.on.ca\/fr\/wp-json\/wp\/v2\/pages\/56213\/revisions"}],"up":[{"embeddable":true,"href":"https:\/\/www.ottawahospital.on.ca\/fr\/wp-json\/wp\/v2\/pages\/4550"}],"wp:attachment":[{"href":"https:\/\/www.ottawahospital.on.ca\/fr\/wp-json\/wp\/v2\/media?parent=56213"}],"curies":[{"name":"wp","href":"https:\/\/api.w.org\/{rel}","templated":true}]}}