{"id":5619,"date":"2016-11-09T12:04:52","date_gmt":"2016-11-09T17:04:52","guid":{"rendered":"http:\/\/52.229.122.34\/fr\/?page_id=5619"},"modified":"2022-09-26T12:28:45","modified_gmt":"2022-09-26T16:28:45","slug":"nathalie-cadieux","status":"publish","type":"page","link":"https:\/\/www.ottawahospital.on.ca\/fr\/about-us\/notre-equipe-de-direction\/equipe-de-la-haute-direction\/nathalie-cadieux\/","title":{"rendered":"Nathalie Cadieux"},"content":{"rendered":"<div class=\"wp-caption alignleft\" style=\"width: 145px;\"><img decoding=\"async\" class=\"img responsive\" src=\"\/wp-content\/uploads\/2016\/11\/CadieuxNathalie.jpg\" alt=\"Nathalie Cadieux\" width=\"135\" height=\"169\" \/><\/p>\n<p class=\"wp-caption-text\"><strong>Nathalie Cadieux<\/strong><br \/>\nchef des Finance<\/p>\n<p class=\"wp-caption-text\"><strong>Renseignements<\/strong><br \/>\n613-798-5555 poste 16070<br \/>\n<a href=\"mailto:Nathalie.cadieux@lho.ca\">Nathalie.cadieux@lho.ca<\/a><\/p>\n<\/div>\n<p>Comptable agr\u00e9\u00e9e, elle est titulaire d\u2019un baccalaur\u00e9at en administration de l\u2019Universit\u00e9 du Qu\u00e9bec et travaille dans le domaine des soins de sant\u00e9 depuis 1998, se sp\u00e9cialisant dans les audits d\u2019organismes sans but lucratif. Elle compte plus de 14 ans d\u2019exp\u00e9rience \u00e0 des postes de direction en services financiers dans le secteur des soins de sant\u00e9.<\/p>\n<p>En 1998, apr\u00e8s avoir travaill\u00e9 pendant quatre ans comme v\u00e9rificatrice pour KPMG s.r.l., elle est entr\u00e9e dans le domaine des soins de sant\u00e9 en tant qu\u2019analyste financi\u00e8re pour Soins continus Bruy\u00e8re et, en l\u2019an 2000, elle est devenue contr\u00f4leur de l\u2019H\u00f4pital g\u00e9n\u00e9ral de Hawkesbury et de l\u2019H\u00f4pital Memorial du district de Winchester. En f\u00e9vrier 2002, M<sup>me<\/sup>\u00a0Cadieux s\u2019est jointe \u00e0 L\u2019H\u00f4pital d\u2019Ottawa en tant que gestionnaire des Budgets et des Rapports. Deux ans plus tard, elle est devenue directrice des Budgets et des Rapports. En janvier 2010, elle a \u00e9t\u00e9 nomm\u00e9e contr\u00f4leur de L\u2019H\u00f4pital d\u2019Ottawa, o\u00f9 elle supervise toutes les divisions du Service des finances (c.-\u00e0-d. Comptabilit\u00e9 g\u00e9n\u00e9rale, Revenu et Comptes d\u00e9biteurs, et Planification et Analyse financi\u00e8res).<\/p>\n<p>Le 29 juin 2015, M<sup>me<\/sup>\u00a0Cadieux est devenue vice-pr\u00e9sidente ex\u00e9cutive par int\u00e9rim des Finances et du D\u00e9veloppement des affaires \u00e0 l\u2019H\u00f4pital.<\/p>\n","protected":false},"excerpt":{"rendered":"<p>Nathalie Cadieux chef des Finance Renseignements 613-798-5555 poste 16070 Nathalie.cadieux@lho.ca Comptable agr\u00e9\u00e9e, elle est titulaire d\u2019un baccalaur\u00e9at en administration de l\u2019Universit\u00e9 du Qu\u00e9bec et travaille dans le domaine des soins de sant\u00e9 depuis 1998, se sp\u00e9cialisant dans les audits d\u2019organismes sans but lucratif. Elle compte plus de 14 ans d\u2019exp\u00e9rience \u00e0 des postes de direction [&hellip;]<\/p>\n","protected":false},"author":25,"featured_media":0,"parent":4550,"menu_order":7,"comment_status":"closed","ping_status":"closed","template":"","meta":{"_acf_changed":false,"_mc_calendar":[],"footnotes":""},"class_list":["post-5619","page","type-page","status-publish","hentry"],"acf":[],"wps_subtitle":"","_links":{"self":[{"href":"https:\/\/www.ottawahospital.on.ca\/fr\/wp-json\/wp\/v2\/pages\/5619","targetHints":{"allow":["GET"]}}],"collection":[{"href":"https:\/\/www.ottawahospital.on.ca\/fr\/wp-json\/wp\/v2\/pages"}],"about":[{"href":"https:\/\/www.ottawahospital.on.ca\/fr\/wp-json\/wp\/v2\/types\/page"}],"author":[{"embeddable":true,"href":"https:\/\/www.ottawahospital.on.ca\/fr\/wp-json\/wp\/v2\/users\/25"}],"replies":[{"embeddable":true,"href":"https:\/\/www.ottawahospital.on.ca\/fr\/wp-json\/wp\/v2\/comments?post=5619"}],"version-history":[{"count":0,"href":"https:\/\/www.ottawahospital.on.ca\/fr\/wp-json\/wp\/v2\/pages\/5619\/revisions"}],"up":[{"embeddable":true,"href":"https:\/\/www.ottawahospital.on.ca\/fr\/wp-json\/wp\/v2\/pages\/4550"}],"wp:attachment":[{"href":"https:\/\/www.ottawahospital.on.ca\/fr\/wp-json\/wp\/v2\/media?parent=5619"}],"curies":[{"name":"wp","href":"https:\/\/api.w.org\/{rel}","templated":true}]}}