{"id":5607,"date":"2016-11-09T11:56:08","date_gmt":"2016-11-09T16:56:08","guid":{"rendered":"http:\/\/52.229.122.34\/fr\/?page_id=5607"},"modified":"2016-11-09T11:56:08","modified_gmt":"2016-11-09T16:56:08","slug":"dr-jeff-turnbull","status":"publish","type":"page","link":"https:\/\/www.ottawahospital.on.ca\/fr\/about-us\/notre-equipe-de-direction\/equipe-de-la-haute-direction\/dr-jeff-turnbull\/","title":{"rendered":"Dr Jeff Turnbull"},"content":{"rendered":"<div style=\"width: 145px\" class=\"wp-caption alignleft\"><img decoding=\"async\" class=\"img responsive\" src=\"\/wp-content\/uploads\/2016\/11\/TurnbullDr_JeffreyWEB.jpg\" alt=\"Dr. Jeff Turnbull\" width=\"135\" height=\"169\" \/><p class=\"wp-caption-text\"><br \/> <strong>Dr Jeff Turnbull<\/strong> <br \/> M\u00e9decin-chef<\/p>\n<p> <strong>Renseignements<\/strong> <br \/> 613-737-8459<br \/> <a href=\"mailto:jeturnbull@lho.ca\">jeturnbull@lho.ca<\/a><\/p><\/div>\n<p>En plus d\u2019un B.Sc. (Universit\u00e9 de Toronto) et d\u2019une ma\u00eetrise en \u00e9ducation (Universit\u00e9 Western Ontario), le D<sup>r<\/sup> Turnbull a obtenu un doctorat en m\u00e9decine de l\u2019Universit\u00e9 Queen\u2019s, puis un certificat de sp\u00e9cialisation en m\u00e9decine interne par l\u2019entremise du Coll\u00e8ge royal des m\u00e9decins et chirurgiens du Canada, en 1982.<\/p>\n<p>Le D<sup>r<\/sup> Turnbull a \u00e9t\u00e9 vice-doyen des \u00e9tudes m\u00e9dicales \u00e0 l\u2019Universit\u00e9 d\u2019Ottawa de novembre 1996 \u00e0 juillet 2001, pr\u00e9sident du Conseil m\u00e9dical du Canada de 1998 \u00e0 2001, pr\u00e9sident de l\u2019Ordre des m\u00e9decins et chirurgiens de l\u2019Ontario de novembre 2006 \u00e0 novembre 2007 et, finalement, pr\u00e9sident de l\u2019Association m\u00e9dicale canadienne d\u2019ao\u00fbt 2010 \u00e0 ao\u00fbt 2011.<\/p>\n<p>Il s\u2019est int\u00e9ress\u00e9 \u00e0 la pauvret\u00e9 et \u00e0 ses r\u00e9percussions sur la sant\u00e9 au Canada et ailleurs.\u00a0 Il est l\u2019un des fondateurs du Projet de sant\u00e9 urbaine d\u2019Ottawa qui offre des services m\u00e9dicaux aux sans-abri, et en est actuellement le directeur m\u00e9dical. De plus, il a particip\u00e9 \u00e0 des initiatives en mati\u00e8re de services de sant\u00e9 et d\u2019\u00e9ducation visant \u00e0 am\u00e9liorer les ressources communautaires et institutionnelles ainsi que le d\u00e9veloppement durable au Bangladesh, en Afrique et dans les Balkans.\u00a0 Il a re\u00e7u plusieurs subventions et prix, nationaux et internationaux, y compris l\u2019Ordre du Canada.<\/p>\n<p>En plus d\u2019\u00eatre sp\u00e9cialiste de la m\u00e9decine interne, le D<sup>r<\/sup>\u00a0Turnbull \u00e9tait directeur du d\u00e9partement de m\u00e9decine de l\u2019Universit\u00e9 d\u2019Ottawa et de L\u2019H\u00f4pital d\u2019Ottawa de juillet 2001 \u00e0 juin 2008, lorsqu\u2019il est devenu m\u00e9decin-chef de l\u2019H\u00f4pital. Il a \u00e9galement \u00e9t\u00e9 conseiller m\u00e9dical principal de Service correctionnel Canada de juin 2011 \u00e0 d\u00e9cembre 2014. Il a tout r\u00e9cemment accept\u00e9 le poste de chef, Qualit\u00e9 clinique \u00e0 Qualit\u00e9 des services de sant\u00e9 Ontario. Il s\u2019int\u00e9resse toujours aux \u00e9tudes m\u00e9dicales et se penche tout particuli\u00e8rement sur la \u00a0pauvret\u00e9 et les in\u00e9galit\u00e9s en mati\u00e8re de sant\u00e9 et les politiques sanitaires connexes.<\/p>\n","protected":false},"excerpt":{"rendered":"<p>En plus d\u2019un B.Sc. (Universit\u00e9 de Toronto) et d\u2019une ma\u00eetrise en \u00e9ducation (Universit\u00e9 Western Ontario), le Dr Turnbull a obtenu un doctorat en m\u00e9decine de l\u2019Universit\u00e9 Queen\u2019s, puis un certificat de sp\u00e9cialisation en m\u00e9decine interne par l\u2019entremise du Coll\u00e8ge royal des m\u00e9decins et chirurgiens du Canada, en 1982. Le Dr Turnbull a \u00e9t\u00e9 vice-doyen des [&hellip;]<\/p>\n","protected":false},"author":25,"featured_media":0,"parent":4550,"menu_order":5,"comment_status":"closed","ping_status":"closed","template":"","meta":{"_acf_changed":false,"_mc_calendar":[],"footnotes":""},"class_list":["post-5607","page","type-page","status-publish","hentry"],"acf":[],"wps_subtitle":"","_links":{"self":[{"href":"https:\/\/www.ottawahospital.on.ca\/fr\/wp-json\/wp\/v2\/pages\/5607","targetHints":{"allow":["GET"]}}],"collection":[{"href":"https:\/\/www.ottawahospital.on.ca\/fr\/wp-json\/wp\/v2\/pages"}],"about":[{"href":"https:\/\/www.ottawahospital.on.ca\/fr\/wp-json\/wp\/v2\/types\/page"}],"author":[{"embeddable":true,"href":"https:\/\/www.ottawahospital.on.ca\/fr\/wp-json\/wp\/v2\/users\/25"}],"replies":[{"embeddable":true,"href":"https:\/\/www.ottawahospital.on.ca\/fr\/wp-json\/wp\/v2\/comments?post=5607"}],"version-history":[{"count":0,"href":"https:\/\/www.ottawahospital.on.ca\/fr\/wp-json\/wp\/v2\/pages\/5607\/revisions"}],"up":[{"embeddable":true,"href":"https:\/\/www.ottawahospital.on.ca\/fr\/wp-json\/wp\/v2\/pages\/4550"}],"wp:attachment":[{"href":"https:\/\/www.ottawahospital.on.ca\/fr\/wp-json\/wp\/v2\/media?parent=5607"}],"curies":[{"name":"wp","href":"https:\/\/api.w.org\/{rel}","templated":true}]}}