{"id":56012,"date":"2020-09-28T09:43:54","date_gmt":"2020-09-28T13:43:54","guid":{"rendered":"https:\/\/www.ottawahospital.on.ca\/?page_id=56012"},"modified":"2025-08-19T16:44:55","modified_gmt":"2025-08-19T20:44:55","slug":"reece-d-bearnes","status":"publish","type":"page","link":"https:\/\/www.ottawahospital.on.ca\/fr\/about-us\/notre-equipe-de-direction\/equipe-de-la-haute-direction\/reece-d-bearnes\/","title":{"rendered":"Reece D. Bearnes"},"content":{"rendered":"\n<div style=\"width: 145px\" class=\"wp-caption alignleft\"><img decoding=\"async\" class=\"img-responsive\" src=\"https:\/\/www.ottawahospital.on.ca\/wp-content\/uploads\/2025\/05\/Profile-pictures-Reece-1-1.jpg\" alt=\"Reece D. Bearnes\">\n<p class=\"wp-caption-text\"><strong>Reece D. Bearnes<\/strong><br>Vice-pr\u00e9sident ex\u00e9cutif et Vice-pr\u00e9sident r\u00e9gional, Sant\u00e9 Ontario<\/p>\n<\/div>\n\n\n\n<p>Reece D. Bearnes est un haut cadre de la sant\u00e9 qui a re\u00e7u de nombreux prix \u00e0 l\u2019\u00e9chelle nationale. Il occupe actuellement les postes de vice-pr\u00e9sident ex\u00e9cutif, Programmes cliniques, et de vice-pr\u00e9sident r\u00e9gional, Sant\u00e9 Ontario (Action Cancer Ontario). Fier de ses origines dans l\u2019Est du Canada, Reece est dipl\u00f4m\u00e9 du programme de ma\u00eetrise en administration de la sant\u00e9 de l&rsquo;Universit\u00e9 Dalhousie et d\u00e9tient le titre de Certified Health Executive (CHE) d\u00e9cern\u00e9 par le Coll\u00e8ge canadien des leaders en sant\u00e9. Il est \u00e9galement titulaire d&rsquo;une bourse de perfectionnement en administration des soins de sant\u00e9.<br><br>Dans le cadre de ses fonctions, Reece assure la direction de haut niveau des activit\u00e9s cliniques sur plusieurs sites. Tout au long de sa carri\u00e8re, il a acquis une vaste exp\u00e9rience de la direction de divers services cliniques, notamment d&rsquo;une multitude de programmes r\u00e9gionaux.<\/p>\n\n\n\n<p><br>Reece est bien connu de la communaut\u00e9 nationale des dirigeants du secteur de la sant\u00e9. Il est l&rsquo;ancien pr\u00e9sident de l&rsquo;Association des anciens en administration de la sant\u00e9 de Dalhousie. Reconnaissant l\u2019importance du mentorat tout au long de sa carri\u00e8re, il a mis en place le programme de mentorat \u00ab&nbsp;ELEMENT&nbsp;\u00bb pour les leaders \u00e9mergents du secteur de la sant\u00e9, et a ensuite remport\u00e9 un prix national de leadership en sant\u00e9 pour ses efforts.<br><br>L\u2019attitude contagieuse de Reece et son d\u00e9vouement inspirant font de lui un atout pour L\u2019H\u00f4pital d\u2019Ottawa. Malgr\u00e9 le succ\u00e8s et les accolades, il conserve un fort sentiment d\u2019identit\u00e9 et une personnalit\u00e9 charmante, restant ancr\u00e9 dans sa famille, ses amis et sa communaut\u00e9.<\/p>\n","protected":false},"excerpt":{"rendered":"<p>Reece D. BearnesVice-pr\u00e9sident ex\u00e9cutif et Vice-pr\u00e9sident r\u00e9gional, Sant\u00e9 Ontario Reece D. Bearnes est un haut cadre de la sant\u00e9 qui a re\u00e7u de nombreux prix \u00e0 l\u2019\u00e9chelle nationale. Il occupe actuellement les postes de vice-pr\u00e9sident ex\u00e9cutif, Programmes cliniques, et de vice-pr\u00e9sident r\u00e9gional, Sant\u00e9 Ontario (Action Cancer Ontario). Fier de ses origines dans l\u2019Est du Canada, [&hellip;]<\/p>\n","protected":false},"author":25,"featured_media":0,"parent":4550,"menu_order":0,"comment_status":"closed","ping_status":"closed","template":"","meta":{"_acf_changed":false,"_mc_calendar":[],"footnotes":""},"class_list":["post-56012","page","type-page","status-publish","hentry"],"acf":[],"wps_subtitle":"","_links":{"self":[{"href":"https:\/\/www.ottawahospital.on.ca\/fr\/wp-json\/wp\/v2\/pages\/56012","targetHints":{"allow":["GET"]}}],"collection":[{"href":"https:\/\/www.ottawahospital.on.ca\/fr\/wp-json\/wp\/v2\/pages"}],"about":[{"href":"https:\/\/www.ottawahospital.on.ca\/fr\/wp-json\/wp\/v2\/types\/page"}],"author":[{"embeddable":true,"href":"https:\/\/www.ottawahospital.on.ca\/fr\/wp-json\/wp\/v2\/users\/25"}],"replies":[{"embeddable":true,"href":"https:\/\/www.ottawahospital.on.ca\/fr\/wp-json\/wp\/v2\/comments?post=56012"}],"version-history":[{"count":0,"href":"https:\/\/www.ottawahospital.on.ca\/fr\/wp-json\/wp\/v2\/pages\/56012\/revisions"}],"up":[{"embeddable":true,"href":"https:\/\/www.ottawahospital.on.ca\/fr\/wp-json\/wp\/v2\/pages\/4550"}],"wp:attachment":[{"href":"https:\/\/www.ottawahospital.on.ca\/fr\/wp-json\/wp\/v2\/media?parent=56012"}],"curies":[{"name":"wp","href":"https:\/\/api.w.org\/{rel}","templated":true}]}}