{"id":5601,"date":"2016-11-09T11:46:42","date_gmt":"2016-11-09T16:46:42","guid":{"rendered":"http:\/\/52.229.122.34\/fr\/?page_id=5601"},"modified":"2025-11-26T10:52:44","modified_gmt":"2025-11-26T15:52:44","slug":"nous-joindre","status":"publish","type":"page","link":"https:\/\/www.ottawahospital.on.ca\/fr\/patients-et-visiteurs\/protection-des-renseignements-personnels\/nous-joindre\/","title":{"rendered":"Nous joindre"},"content":{"rendered":"\n<h2 class=\"wp-block-heading\">Communiquer avec le Bureau de la protection de la vie priv\u00e9e et de l&rsquo;information<\/h2>\n\n\n\n<p>Le Bureau de la protection de la vie priv\u00e9e et de l&rsquo;information est l\u00e0 pour r\u00e9pondre \u00e0 vos questions sur la confidentialit\u00e9 de vos renseignements sur la sant\u00e9 et toute autre pr\u00e9occupation en mati\u00e8re de protection de la vie priv\u00e9e.<\/p>\n\n\n\n<p><strong>Nos coordonn\u00e9es :<\/strong><\/p>\n\n\n\n<p>Bureau de la protection de la vie priv\u00e9e et de l\u2019information de L\u2019H\u00f4pital d\u2019Ottawa<br><span style=\"font-size: revert; color: initial;\">1053, avenue Carling, C.P. 656<br><\/span>Ottawa, ON K1Y 4E9<br>T\u00e9l\u00e9phone : 613 739-6668<br><span style=\"font-size: revert; color: initial;\">T\u00e9l\u00e9copieur : 613 761-4740<br>Courriel:<\/span> <a style=\"font-size: revert;\" href=\"mailto:\u00c2&nbsp;infoprivee@lho.ca\">infoprivee@lho.ca<\/a><\/p>\n\n\n\n<p><span style=\"font-size: revert; color: initial;\">Si vous voulez soumettre une plainte sur les pratiques de L\u2019H\u00f4pital d\u2019Ottawa en mati\u00e8re de protection des renseignements personnels, veuillez communiquer avec la Commissaire \u00e0 l\u2019information et \u00e0 la protection de la vie priv\u00e9e de l\u2019Ontario \u00e0 l\u2019adresse suivante :<\/span><\/p>\n\n\n\n<p><span style=\"font-size: revert; color: initial;\">2, rue Bloor Est, Bureau 1400<br>Toronto, ON M4W 1A8<br>T\u00e9l. : 1 800 387-0073<br>Site Web: <a href=\"https:\/\/www.ipc.on.ca\/fr\">https:\/\/www.ipc.on.ca\/fr<\/a><\/span><\/p>\n\n\n\n<p><\/p>\n","protected":false},"excerpt":{"rendered":"<p>Communiquer avec le Bureau de la protection de la vie priv\u00e9e et de l&rsquo;information Le Bureau de la protection de la vie priv\u00e9e et de l&rsquo;information est l\u00e0 pour r\u00e9pondre \u00e0 vos questions sur la confidentialit\u00e9 de vos renseignements sur la sant\u00e9 et toute autre pr\u00e9occupation en mati\u00e8re de protection de la vie priv\u00e9e. Nos [&hellip;]<\/p>\n","protected":false},"author":25,"featured_media":0,"parent":262,"menu_order":8,"comment_status":"closed","ping_status":"closed","template":"","meta":{"_acf_changed":false,"_mc_calendar":[],"footnotes":""},"class_list":["post-5601","page","type-page","status-publish","hentry"],"acf":[],"wps_subtitle":"","_links":{"self":[{"href":"https:\/\/www.ottawahospital.on.ca\/fr\/wp-json\/wp\/v2\/pages\/5601","targetHints":{"allow":["GET"]}}],"collection":[{"href":"https:\/\/www.ottawahospital.on.ca\/fr\/wp-json\/wp\/v2\/pages"}],"about":[{"href":"https:\/\/www.ottawahospital.on.ca\/fr\/wp-json\/wp\/v2\/types\/page"}],"author":[{"embeddable":true,"href":"https:\/\/www.ottawahospital.on.ca\/fr\/wp-json\/wp\/v2\/users\/25"}],"replies":[{"embeddable":true,"href":"https:\/\/www.ottawahospital.on.ca\/fr\/wp-json\/wp\/v2\/comments?post=5601"}],"version-history":[{"count":0,"href":"https:\/\/www.ottawahospital.on.ca\/fr\/wp-json\/wp\/v2\/pages\/5601\/revisions"}],"up":[{"embeddable":true,"href":"https:\/\/www.ottawahospital.on.ca\/fr\/wp-json\/wp\/v2\/pages\/262"}],"wp:attachment":[{"href":"https:\/\/www.ottawahospital.on.ca\/fr\/wp-json\/wp\/v2\/media?parent=5601"}],"curies":[{"name":"wp","href":"https:\/\/api.w.org\/{rel}","templated":true}]}}